{"id":13298,"date":"2021-12-03T10:13:28","date_gmt":"2021-12-03T10:13:28","guid":{"rendered":"https:\/\/www.grillsymbol.com\/shop\/non%20class\u00e9\/grillsymbol-cataplana-pan-wp-545-inox-cat\/"},"modified":"2023-12-14T08:54:19","modified_gmt":"2023-12-14T08:54:19","slug":"grillsymbol-poele-cataplana-wp-545-inox-cat","status":"publish","type":"product","link":"https:\/\/www.grillsymbol.com\/fr\/shop\/poeles-wok-et-paella\/grillsymbol-poele-cataplana-wp-545-inox-cat\/","title":{"rendered":"GrillSymbol Po\u00eale Cataplana WP-545 inox CAT"},"content":{"rendered":"<ul>\n<li>Mat\u00e9riau : acier inoxydable de 3 mm<\/li>\n<li>Diam\u00e8tre : 54 cm<\/li>\n<li>Profondeur : 10 cm<\/li>\n<li>Nombre de portions : 20<\/li>\n<li>Poids : 9 kg<\/li>\n<\/ul>\n","protected":false},"excerpt":{"rendered":"<p><strong>Dans l&rsquo;ensemble de WP-545i-CAT il y a une grande po\u00eale Cataplana et un couvercle. <\/strong>Les cataplanas GrillSymbol n&rsquo;ont pas de supports de serrage sur le couvercle, de sorte que la po\u00eale peut \u00eatre utilis\u00e9e \u00e0 diff\u00e9rents usages. Il peut \u00eatre utilis\u00e9 sur diff\u00e9rents br\u00fbleurs \u00e0 gaz avec une taille optimale de 40 cm.<\/p>\n<p>La po\u00eale profonde en acier inoxydable \u00e0 fond \u00e9pais (3 mm) avec un couvercle en aluminium l\u00e9ger fonctionne comme une cataplana, et sans couvrcle comme un wok. Gr\u00e2ce \u00e0 sa forme concave, il peut \u00eatre utilis\u00e9 pour pr\u00e9parer une grande vari\u00e9t\u00e9 d&rsquo;aliments, de la cuisine m\u00e9diterran\u00e9enne \u00e0 la cuisine japonaise. La forme creuse permet d&rsquo;utiliser la po\u00eale comme friteuse pour churros, bu\u00f1uelos, tempura, nems, etc. Diverses soupes peuvent \u00e9galement y \u00eatre pr\u00e9par\u00e9es.<\/p>\n<p>&nbsp;<\/p>\n","protected":false},"featured_media":13766,"comment_status":"open","ping_status":"closed","template":"","meta":{"footnotes":""},"class_list":["post-13298","product","type-product","status-publish","has-post-thumbnail","hentry","product_cat-poeles-wok-et-paella"],"_links":{"self":[{"href":"https:\/\/www.grillsymbol.com\/fr\/wp-json\/wp\/v2\/product\/13298","targetHints":{"allow":["GET"]}}],"collection":[{"href":"https:\/\/www.grillsymbol.com\/fr\/wp-json\/wp\/v2\/product"}],"about":[{"href":"https:\/\/www.grillsymbol.com\/fr\/wp-json\/wp\/v2\/types\/product"}],"replies":[{"embeddable":true,"href":"https:\/\/www.grillsymbol.com\/fr\/wp-json\/wp\/v2\/comments?post=13298"}],"version-history":[{"count":0,"href":"https:\/\/www.grillsymbol.com\/fr\/wp-json\/wp\/v2\/product\/13298\/revisions"}],"wp:featuredmedia":[{"embeddable":true,"href":"https:\/\/www.grillsymbol.com\/fr\/wp-json\/wp\/v2\/media\/13766"}],"wp:attachment":[{"href":"https:\/\/www.grillsymbol.com\/fr\/wp-json\/wp\/v2\/media?parent=13298"}],"curies":[{"name":"wp","href":"https:\/\/api.w.org\/{rel}","templated":true}]}}