{"id":13318,"date":"2021-12-03T10:27:18","date_gmt":"2021-12-03T10:27:18","guid":{"rendered":"https:\/\/www.grillsymbol.com\/shop\/non%20class\u00e9\/grillsymbol-bbq-smoker-smoky-beast-silver\/"},"modified":"2026-04-29T06:06:26","modified_gmt":"2026-04-29T06:06:26","slug":"grillsymbol-barbecue-fumoir-smoky-beast-silver","status":"publish","type":"product","link":"https:\/\/www.grillsymbol.com\/fr\/shop\/bbq-fumoirs-et-barbecues-au-charbon\/grillsymbol-barbecue-fumoir-smoky-beast-silver\/","title":{"rendered":"GrillSymbol Barbecue fumoir Smoky Beast Silver"},"content":{"rendered":"<p><strong>Smoky Beast<\/strong> \u00a0<strong>Silver<\/strong> a une capacit\u00e9 plus grande que les plus grands mod\u00e8les de fumoirs en c\u00e9ramique Kamado (appel\u00e9s XL, Big Joe \/ Pro Joe). La surface totale de deux grilles est de 5865 cm2.<\/p>\n<p>&nbsp;<\/p>\n<p>Le barbecue-fumoir n\\&rsquo;a pas besoin d\\&rsquo;\u00eatre stock\u00e9 \u00e0 l\\&rsquo;int\u00e9rieur ou couvert pour l\\&rsquo;hiver car le Cor-Ten et l\\&rsquo;acier inoxydable peuvent r\u00e9sister \u00e0 tous les temps. L\\&rsquo;acier est \u00e9galement capable de r\u00e9sister aux fluctuations de temp\u00e9rature &#8211; pas besoin de craindre que le fumoir se brise ou se fissure.<\/p>\n<p>&nbsp;<\/p>\n<p><strong>Sp\u00e9cifications techniques du BBQ-Fumoir :<\/strong><\/p>\n<p>Le prix comprend tous les extras: bac \u00e0 charbon, module pour briquette de gril, \u00e9tag\u00e8res lat\u00e9rales.<\/p>\n<p>&nbsp;<\/p>\n<ul>\n<li>L\u2019espace de cuisson est en <strong>acier inoxydable<\/strong> de 3 mm<\/li>\n<li>Le foyer est en acier Cor-Ten de 3 mm<\/li>\n<li>BBQ-Fumoir p\u00e8se 95 kg<\/li>\n<li>L\\&rsquo;espace de cuisson et le foyer sont s\u00e9parables, les chemin\u00e9es sont s\u00e9parables<\/li>\n<li>BBQ-Fumoir n\\&rsquo;est pas color\u00e9<\/li>\n<li>Charni\u00e8res incassables (en acier inoxydable de 5 mm)<\/li>\n<li>Surface de cuisson 70 x 50 cm<\/li>\n<li>Deux grilles sur des plans diff\u00e9rents avec les dimensions suivantes: 68 \u00d7 49 cm et 68 \u00d7 34 cm. Le mat\u00e9riau est en acier inoxydable.<\/li>\n<li><strong>Capacit\u00e9<\/strong> : deux grilles peuvent contenir environ 20 kg de c\u00f4te culinaire \u00e0 la fois<\/li>\n<li>Des chemin\u00e9es de chaque c\u00f4t\u00e9 assurent une r\u00e9partition \u00e9gale de la chaleur<\/li>\n<li>De l\\&rsquo;eau est ajout\u00e9e au bac \u00e0 eau avec un tuyau sp\u00e9cial et le fumoir n\\&rsquo;a pas besoin d\\&rsquo;\u00eatre ouvert pour cela<\/li>\n<li>La graisse s\\&rsquo;\u00e9coule du fumoir le long d\\&rsquo;un drain et s\\&rsquo;\u00e9goutte dans un seau d\\&rsquo;\u00e9gouttement sp\u00e9cial<\/li>\n<li>Bac \u00e0 eau, bac \u00e0 graisse et bac \u00e0 charbon sont en acier inoxydable<\/li>\n<li>Les deux chemin\u00e9es ont des clapets coupe-feu en haut pour r\u00e9guler la temp\u00e9rature \u00e0 l\\&rsquo;int\u00e9rieur du fumoir<\/li>\n<li>Le BBQ-fumoir dispose d\\&rsquo;un thermom\u00e8tre externe (sur une \u00e9chelle de 0 \u00e0 300 C)<\/li>\n<li>La profondeur du foyer est de 48 cm, le fond de celui-ci est une grille en fonte<\/li>\n<li>Il y a une plaque chauffante de 20\u00d720 cm sur la partie avant du foyer o\u00f9 vous pouvez chauffer des sauces de vadrouille.<\/li>\n<li>La porte peut \u00eatre verrouill\u00e9e dans deux positions &#8211; c\\&rsquo;est un bon moyen de r\u00e9gler la temp\u00e9rature<\/li>\n<li>La porte du foyer a une double paroi et elle est donc plus r\u00e9sistante \u00e0 la chaleur<\/li>\n<\/ul>\n<p>&nbsp;<\/p>\n<p>Les surfaces en acier inoxydable Smoky Beast Silver fabriqu\u00e9es \u00e0 la main et le foyer en acier Cor-Ten sont une excellente combinaison d\\&rsquo;un bon BBQ-fumoir et d\\&rsquo;un design nordique!<\/p>\n","protected":false},"excerpt":{"rendered":"<p><strong>Barbecue-fumoir<\/strong> classique \u00e0 deux chemin\u00e9es pour que vous puissiez profiter des meilleures exp\u00e9riences gustatives. Le fumeur est fait \u00e0 la main en acier <strong>inoxydable<\/strong> et <strong>Cor-Ten<\/strong>. Pour le grillage au barbecue, le fumoir peut \u00eatre chauff\u00e9 avec du bois de chauffage ou une briquette de gril. De plus, vous avez la possibilit\u00e9 d\\&rsquo;utiliser le fumoir comme gril au charbon de bois. Si pour fumer ou cuire au barbecue, la chaleur vient du foyer, alors pour faire le grillade, vous disposerez d\\&rsquo;un bac \u00e0 charbon sp\u00e9cial install\u00e9 sous les grilles.<\/p>\n<p>L\\&rsquo;espace de cuisson de <strong>Smoky Beast Silver<\/strong> est en acier inoxydable. Les surfaces en acier inoxydable fabriqu\u00e9es \u00e0 la main et un foyer en acier Cor-Ten s\\&rsquo;harmonisent de mani\u00e8re unique.<\/p>\n","protected":false},"featured_media":16557,"comment_status":"open","ping_status":"closed","template":"","meta":{"footnotes":""},"class_list":["post-13318","product","type-product","status-publish","has-post-thumbnail","hentry","product_cat-bbq-fumoirs-et-barbecues-au-charbon"],"_links":{"self":[{"href":"https:\/\/www.grillsymbol.com\/fr\/wp-json\/wp\/v2\/product\/13318","targetHints":{"allow":["GET"]}}],"collection":[{"href":"https:\/\/www.grillsymbol.com\/fr\/wp-json\/wp\/v2\/product"}],"about":[{"href":"https:\/\/www.grillsymbol.com\/fr\/wp-json\/wp\/v2\/types\/product"}],"replies":[{"embeddable":true,"href":"https:\/\/www.grillsymbol.com\/fr\/wp-json\/wp\/v2\/comments?post=13318"}],"version-history":[{"count":2,"href":"https:\/\/www.grillsymbol.com\/fr\/wp-json\/wp\/v2\/product\/13318\/revisions"}],"predecessor-version":[{"id":35828,"href":"https:\/\/www.grillsymbol.com\/fr\/wp-json\/wp\/v2\/product\/13318\/revisions\/35828"}],"wp:featuredmedia":[{"embeddable":true,"href":"https:\/\/www.grillsymbol.com\/fr\/wp-json\/wp\/v2\/media\/16557"}],"wp:attachment":[{"href":"https:\/\/www.grillsymbol.com\/fr\/wp-json\/wp\/v2\/media?parent=13318"}],"curies":[{"name":"wp","href":"https:\/\/api.w.org\/{rel}","templated":true}]}}