{"id":18489,"date":"2022-09-14T09:47:29","date_gmt":"2022-09-14T09:47:30","guid":{"rendered":"https:\/\/www.grillsymbol.com\/?post_type=product&#038;p=18489"},"modified":"2023-08-07T07:45:55","modified_gmt":"2023-08-07T07:45:55","slug":"petteri-wiimaa-jardinieres-en-acier-corten-little-sisters-set","status":"publish","type":"product","link":"https:\/\/www.grillsymbol.com\/fr\/shop\/jardinieres-en-acier-corten\/petteri-wiimaa-jardinieres-en-acier-corten-little-sisters-set\/","title":{"rendered":"Petteri Wiimaa Jardini\u00e8res en acier Corten Little Sisters set"},"content":{"rendered":"<p><strong>Sp\u00e9cifications techniques:<\/strong><\/p>\n<p>&nbsp;<\/p>\n<ul>\n<li>Mat\u00e9riau: acier Cor-Ten de 2 mm.<\/li>\n<li>Trous de drainage au fond des pots de fleurs.<\/li>\n<li>L\u2019ensemble = 3 pcs tailles diff\u00e9rentes de pots de fleurs (Meri-S, Myy-S et Mia-S).<\/li>\n<\/ul>\n<p><strong>\u00a0<\/strong><\/p>\n<p><strong>Dimensions: <\/strong><\/p>\n<p><strong>\u00a0<\/strong><\/p>\n<p>Meri-S: diam\u00e8tre 33 cm \/ hauteur 47 cm \/ poids 10 kg<\/p>\n<p>Myy-S: diam\u00e8tre 40 cm \/ hauteur 40 cm \/ poids 10 kg<\/p>\n<p>Mia-S: diam\u00e8tre 47 cm \/ hauteur 29 cm \/ poids 10 kg<\/p>\n<p><strong>\u00a0<\/strong><\/p>\n<p>NB\u00a0! La jardini\u00e8re est fabriqu\u00e9e \u00e0 la main. Donc, sans couche de rouille de l\u00e9g\u00e8res irr\u00e9gularit\u00e9s peuvent se produire aux points de soudure du produit. Cependant, lorsque la couche de rouille Cor-Ten se forme, les irr\u00e9gularit\u00e9s se dissipent.<\/p>\n<p><strong>\u00a0<\/strong><\/p>\n<p>Les produits COR-TEN\u00ae peuvent \u00eatre stock\u00e9s \u00e0 l&rsquo;ext\u00e9rieur toute l&rsquo;ann\u00e9e. Ne n\u00e9cessite pas de stockage.<\/p>\n<p>&nbsp;<\/p>\n<blockquote class=\"wp-embedded-content\" data-secret=\"AGaISPdEAs\"><p><a href=\"https:\/\/www.grillsymbol.com\/fr\/a-propos-des-differentes-poeles\/instructions-de-vieillissement-des-produits-en-acier-cor-ten\/\">COR-TEN\u00ae Steel products seasoning instructions<\/a><\/p><\/blockquote>\n<p><iframe loading=\"lazy\" class=\"wp-embedded-content\" sandbox=\"allow-scripts\" security=\"restricted\" style=\"position: absolute; clip: rect(1px, 1px, 1px, 1px);\" title=\"\u00ab\u00a0COR-TEN\u00ae Steel products seasoning instructions\u00a0\u00bb &#8212; GrillSymbol\" src=\"https:\/\/www.grillsymbol.com\/fr\/a-propos-des-differentes-poeles\/instructions-de-vieillissement-des-produits-en-acier-cor-ten\/embed\/#?secret=Xo4PejRfWL#?secret=AGaISPdEAs\" data-secret=\"AGaISPdEAs\" width=\"600\" height=\"338\" frameborder=\"0\" marginwidth=\"0\" marginheight=\"0\" scrolling=\"no\"><\/iframe><\/p>\n","protected":false},"excerpt":{"rendered":"<p>Les pots de fleurs sont en acier Cor-Ten<strong>. <\/strong><\/p>\n<p>Design : Petteri Wiimaa.<\/p>\n<p><strong>\u00a0<\/strong><\/p>\n<p>L\u2019acier Cor-Ten est un acier au carbone presque pur mais trait\u00e9 de mani\u00e8re \u00e0 avoir une couche protectrice sur la surface pour la rendre r\u00e9sistante aux intemp\u00e9ries. La surface est \u00e0 l&rsquo;origine gris\u00e2tre, puis elle devient brun rouge\u00e2tre (ressemble \u00e0 la couleur de la rouille), qui devient plus fonc\u00e9e avec le temps. S&rsquo;il est utilis\u00e9 correctement, l&rsquo;acier Cor-Ten est expressif, durable et sans entretien et peut tenir le temps \u00e0 sa mani\u00e8re unique.<\/p>\n<p>&nbsp;<\/p>\n","protected":false},"featured_media":18496,"comment_status":"open","ping_status":"closed","template":"","meta":{"footnotes":""},"class_list":["post-18489","product","type-product","status-publish","has-post-thumbnail","hentry","product_cat-jardinieres-en-acier-corten"],"_links":{"self":[{"href":"https:\/\/www.grillsymbol.com\/fr\/wp-json\/wp\/v2\/product\/18489","targetHints":{"allow":["GET"]}}],"collection":[{"href":"https:\/\/www.grillsymbol.com\/fr\/wp-json\/wp\/v2\/product"}],"about":[{"href":"https:\/\/www.grillsymbol.com\/fr\/wp-json\/wp\/v2\/types\/product"}],"replies":[{"embeddable":true,"href":"https:\/\/www.grillsymbol.com\/fr\/wp-json\/wp\/v2\/comments?post=18489"}],"version-history":[{"count":0,"href":"https:\/\/www.grillsymbol.com\/fr\/wp-json\/wp\/v2\/product\/18489\/revisions"}],"wp:featuredmedia":[{"embeddable":true,"href":"https:\/\/www.grillsymbol.com\/fr\/wp-json\/wp\/v2\/media\/18496"}],"wp:attachment":[{"href":"https:\/\/www.grillsymbol.com\/fr\/wp-json\/wp\/v2\/media?parent=18489"}],"curies":[{"name":"wp","href":"https:\/\/api.w.org\/{rel}","templated":true}]}}