{"id":18630,"date":"2022-09-19T16:29:05","date_gmt":"2022-09-19T16:29:07","guid":{"rendered":"https:\/\/www.grillsymbol.com\/?post_type=product&#038;p=18630"},"modified":"2023-01-05T07:01:07","modified_gmt":"2023-01-05T07:01:07","slug":"grillsymbol-rangement-de-bois-wall-119-37-170-cm","status":"publish","type":"product","link":"https:\/\/www.grillsymbol.com\/fr\/shop\/rangement-de-bois\/grillsymbol-rangement-de-bois-wall-119-37-170-cm\/","title":{"rendered":"Grillsymbol Rangement de bois WALL 119*37*170 cm"},"content":{"rendered":"<ul>\n<li>Mat\u00e9riau : acier Cor-Ten de 2 mm<\/li>\n<li>Largeur totale : 119 cm<\/li>\n<li>Profondeur : 37 cm<\/li>\n<li>Hauteur : 170 cm<\/li>\n<li>Poids : ca 65 kg<\/li>\n<li>Capacit\u00e9 : ca 0,75 m\u00b3 de bois de chauffage<\/li>\n<li>Le produit est livr\u00e9 en pieces<\/li>\n<li>Le montage prend environ 1 heures<\/li>\n<li>Il est possible d&rsquo;acheter 1 \u00e9tag\u00e8re suppl\u00e9mentaire pour chaque section (code produit WSR)<\/li>\n<\/ul>\n<p>&nbsp;<\/p>\n<p><strong>NB! Pour des raisons de s\u00e9curit\u00e9, l&rsquo;\u00e9tag\u00e8re doit \u00eatre fix\u00e9 au sol. Fixateurs appropri\u00e9s : chevilles \u00e0 b\u00e9ton M8 (pour le b\u00e9ton) ou vis plus grosses pour les surfaces en bois<\/strong><\/p>\n<p>&nbsp;<\/p>\n<p>Les produits COR-TEN\u00ae peuvent \u00eatre stock\u00e9s \u00e0 l&rsquo;ext\u00e9rieur toute l&rsquo;ann\u00e9e. Ne n\u00e9cessite pas de stockage.<\/p>\n<p>&nbsp;<\/p>\n<blockquote class=\"wp-embedded-content\" data-secret=\"p7hrcaPvzf\"><p><a href=\"https:\/\/www.grillsymbol.com\/fr\/a-propos-des-differentes-poeles\/instructions-de-vieillissement-des-produits-en-acier-cor-ten\/\">COR-TEN\u00ae Steel products seasoning instructions<\/a><\/p><\/blockquote>\n<p><iframe loading=\"lazy\" class=\"wp-embedded-content\" sandbox=\"allow-scripts\" security=\"restricted\" style=\"position: absolute; clip: rect(1px, 1px, 1px, 1px);\" title=\"\u00ab\u00a0COR-TEN\u00ae Steel products seasoning instructions\u00a0\u00bb &#8212; GrillSymbol\" src=\"https:\/\/www.grillsymbol.com\/fr\/a-propos-des-differentes-poeles\/instructions-de-vieillissement-des-produits-en-acier-cor-ten\/embed\/#?secret=p7hrcaPvzf\" data-secret=\"p7hrcaPvzf\" width=\"600\" height=\"338\" frameborder=\"0\" marginwidth=\"0\" marginheight=\"0\" scrolling=\"no\"><\/iframe><\/p>\n","protected":false},"excerpt":{"rendered":"<p><strong>L\u2019\u00e9tag\u00e8re modulaire Wall est con\u00e7ue pour le stockage du bois de chauffage.<\/strong> Dans l\u2019ensemble, il y a 2 modules, des modules suppl\u00e9mentaires peuvent \u00eatre achet\u00e9s s\u00e9par\u00e9ment. Un montage rapide et une apparence spectaculaire pour le stockage du bois de chauffage et la s\u00e9paration des zones.<\/p>\n<p><strong>Design : Petteri Wiimaa<\/strong><\/p>\n<p>L\u2019 acier Cor-Ten est un acier au carbone presque pur mais trait\u00e9 de mani\u00e8re \u00e0 avoir une couche protectrice sur la surface pour la rendre r\u00e9sistante aux intemp\u00e9ries. La couche superficielle de l\u2019acier Cor-Ten est \u00e0 l&rsquo;origine gris\u00e2tre, puis elle devient brun rouge\u00e2tre (ressemble \u00e0 la couleur de la rouille). S\u2019il est utilis\u00e9 correctement, l\u2019acier Cor-Ten est expressif, durable et sans entretien et peut tenir le temps \u00e0 sa mani\u00e8re unique.<\/p>\n<p><strong>Il est \u00e9galement possible de commander avec une hauteur de 200 cm. Demandez une offre !<\/strong><\/p>\n<p>&nbsp;<\/p>\n","protected":false},"featured_media":18635,"comment_status":"open","ping_status":"closed","template":"","meta":{"footnotes":""},"class_list":["post-18630","product","type-product","status-publish","has-post-thumbnail","hentry","product_cat-rangement-de-bois"],"_links":{"self":[{"href":"https:\/\/www.grillsymbol.com\/fr\/wp-json\/wp\/v2\/product\/18630","targetHints":{"allow":["GET"]}}],"collection":[{"href":"https:\/\/www.grillsymbol.com\/fr\/wp-json\/wp\/v2\/product"}],"about":[{"href":"https:\/\/www.grillsymbol.com\/fr\/wp-json\/wp\/v2\/types\/product"}],"replies":[{"embeddable":true,"href":"https:\/\/www.grillsymbol.com\/fr\/wp-json\/wp\/v2\/comments?post=18630"}],"version-history":[{"count":0,"href":"https:\/\/www.grillsymbol.com\/fr\/wp-json\/wp\/v2\/product\/18630\/revisions"}],"wp:featuredmedia":[{"embeddable":true,"href":"https:\/\/www.grillsymbol.com\/fr\/wp-json\/wp\/v2\/media\/18635"}],"wp:attachment":[{"href":"https:\/\/www.grillsymbol.com\/fr\/wp-json\/wp\/v2\/media?parent=18630"}],"curies":[{"name":"wp","href":"https:\/\/api.w.org\/{rel}","templated":true}]}}