{"id":18796,"date":"2022-09-21T09:35:31","date_gmt":"2022-09-21T09:35:33","guid":{"rendered":"https:\/\/www.grillsymbol.com\/?post_type=product&#038;p=18796"},"modified":"2023-01-03T17:49:02","modified_gmt":"2023-01-03T17:49:02","slug":"grillsymbol-rangement-de-bois-woodstock-set-sm","status":"publish","type":"product","link":"https:\/\/www.grillsymbol.com\/fr\/shop\/rangement-de-bois\/grillsymbol-rangement-de-bois-woodstock-set-sm\/","title":{"rendered":"Grillsymbol Rangement de bois WoodStock Set S+M"},"content":{"rendered":"<ul>\n<li>Mat\u00e9riau : acier Cor-Ten de 2 mm<\/li>\n<li>Poids total : 40 kg<\/li>\n<li>Capacit\u00e9 totale : 0,37 m\u00b3 de bois de chauffage<\/li>\n<li>L&rsquo;ensemble comprend 2 \u00e9tag\u00e8res diff\u00e9rentes avec des dimensions :<br \/>\n<strong>S : <\/strong>largeur 60 cm, profondeur 37 cm, hauteur 53 cm, poids 16 kg, capacit\u00e9 0,12 m\u00b3<br \/>\n<strong>M : <\/strong>largeur 60 cm, profondeur 37 cm, hauteur 106 cm, poids 24 kg, capacit\u00e9 0,25 m\u00b3<\/li>\n<li>Le produit est livr\u00e9 en pieces<\/li>\n<li>Le montage prend environ 1 heure<\/li>\n<\/ul>\n<p>&nbsp;<\/p>\n<p><strong>NB! Pour des raisons de s\u00e9curit\u00e9, l&rsquo;\u00e9tag\u00e8re doit \u00eatre fix\u00e9 au sol. Fixateurs appropri\u00e9s : chevilles \u00e0 b\u00e9ton M8 (pour le b\u00e9ton) ou vis plus grosses pour les surfaces en bois.<\/strong><\/p>\n<p>&nbsp;<\/p>\n<p>&nbsp;<\/p>\n<p><a href=\"https:\/\/www.grillsymbol.com\/instructions\/cor-ten-steel-products-seasoning-instructions\/%20\">https:\/\/www.grillsymbol.com\/instructions\/cor-ten-steel-products-seasoning-instructions\/ <\/a><\/p>\n<p>&nbsp;<\/p>\n<p>&nbsp;<\/p>\n","protected":false},"excerpt":{"rendered":"<p><strong>L&rsquo;ensemble WoodStock est une \u00e9tag\u00e8re modulaire pour le stockage du bois de chauffage.<\/strong> Dans l\u2019ensemble, il y a 2 \u00e9tag\u00e8res de diff\u00e9rentes tailles (S et M), des modules suppl\u00e9mentaires peuvent \u00eatre achet\u00e9s s\u00e9par\u00e9ment. Un montage rapide et une apparence spectaculaire.<\/p>\n<p><strong>Design : Petteri Wiimaa<\/strong><\/p>\n<p>L\u2019 acier Cor-Ten est un acier au carbone presque pur mais trait\u00e9 de mani\u00e8re \u00e0 avoir une couche protectrice sur la surface pour la rendre r\u00e9sistante aux intemp\u00e9ries. La surface est \u00e0 l&rsquo;origine gris\u00e2tre, puis elle devient brun rouge\u00e2tre (ressemble \u00e0 la couleur de la rouille), qui devient plus fonc\u00e9e avec le temps. S\u2019il est utilis\u00e9 correctement, l\u2019acier Cor-Ten est expressif, durable et sans entretien et peut tenir le temps \u00e0 sa mani\u00e8re unique.<\/p>\n<p>&nbsp;<\/p>\n","protected":false},"featured_media":18801,"comment_status":"open","ping_status":"closed","template":"","meta":{"footnotes":""},"class_list":["post-18796","product","type-product","status-publish","has-post-thumbnail","hentry","product_cat-rangement-de-bois"],"_links":{"self":[{"href":"https:\/\/www.grillsymbol.com\/fr\/wp-json\/wp\/v2\/product\/18796","targetHints":{"allow":["GET"]}}],"collection":[{"href":"https:\/\/www.grillsymbol.com\/fr\/wp-json\/wp\/v2\/product"}],"about":[{"href":"https:\/\/www.grillsymbol.com\/fr\/wp-json\/wp\/v2\/types\/product"}],"replies":[{"embeddable":true,"href":"https:\/\/www.grillsymbol.com\/fr\/wp-json\/wp\/v2\/comments?post=18796"}],"version-history":[{"count":0,"href":"https:\/\/www.grillsymbol.com\/fr\/wp-json\/wp\/v2\/product\/18796\/revisions"}],"wp:featuredmedia":[{"embeddable":true,"href":"https:\/\/www.grillsymbol.com\/fr\/wp-json\/wp\/v2\/media\/18801"}],"wp:attachment":[{"href":"https:\/\/www.grillsymbol.com\/fr\/wp-json\/wp\/v2\/media?parent=18796"}],"curies":[{"name":"wp","href":"https:\/\/api.w.org\/{rel}","templated":true}]}}