{"id":19475,"date":"2022-12-07T08:31:02","date_gmt":"2022-12-07T08:31:03","guid":{"rendered":"https:\/\/www.grillsymbol.com\/?post_type=product&#038;p=19475"},"modified":"2026-03-31T09:12:36","modified_gmt":"2026-03-31T09:12:36","slug":"grillsymbol-barbecue-au-charbon-naked-chef-xs","status":"publish","type":"product","link":"https:\/\/www.grillsymbol.com\/fr\/shop\/bbq-fumoirs-et-barbecues-au-charbon\/grillsymbol-barbecue-au-charbon-naked-chef-xs\/","title":{"rendered":"GrillSymbol Barbecue au charbon Naked Chef XS"},"content":{"rendered":"<ul>\n<li>Mat\u00e9riau : acier Cor-Ten de 3 mm<\/li>\n<li>Mesures: 55 x 35 x 77 cm (largeur * profondeur * hauteur)<\/li>\n<li>Poids: 12,5 kg<\/li>\n<li>Surface de cuisson: 54 x 34 cm<\/li>\n<li>L\\&rsquo;ensemble comprend une grille en acier inoxydable (dimensions : 40 x 34 cm)<\/li>\n<li>Naked Chef NXS peut \u00eatre utilis\u00e9 comme gril de table (sans pieds hauts)<\/li>\n<li>Les pieds hauts peuvent \u00eatre fix\u00e9s avec des boulons<\/li>\n<li>Le produit est livr\u00e9 en pi\u00e8ces d\u00e9tach\u00e9es, temps de montage approximatif 15-20 min<\/li>\n<li>Au fond du gril, il y a de petits trous pour le drainage de l\\&rsquo;eau<\/li>\n<li>Les poign\u00e9es sont en acier inoxydable<\/li>\n<li>Les grilles et la po\u00eale wok sont disponibles en tant qu\\&rsquo;accessoires (UGS des accessoires : ZZG, CG-1, WPS)<\/li>\n<li><strong>Les accessoires montr\u00e9s sur les photos, tels que les brochettes, les plaques de cuisson, etc., ne sont pas inclus (produits compatibles : FTG-S; PL-28; PLI-28; SKEW-47)<\/strong><\/li>\n<\/ul>\n<p>&nbsp;<\/p>\n<p>Avec la cuisson et la chaleur, l\\&rsquo;acier Cor-Ten du corps du gril devient l\u00e9g\u00e8rement plus fonc\u00e9 que sur les photos du produit.<\/p>\n<p><strong>NB!<\/strong> Le produit ne doit pas \u00eatre install\u00e9 sur un socle en bois, car le gril comporte de petites ouvertures d\\&rsquo;o\u00f9 une petite quantit\u00e9 de cendres ou d\\&rsquo;\u00e9tincelles peut tomber.<\/p>\n<p>&nbsp;<\/p>\n<p>NB ! Les produits en acier Cor-Ten sont livr\u00e9s non trait\u00e9s. Lorsqu\u2019il est neuf, l\u2019acier COR-TEN\u00ae est de couleur grise comme l\u2019acier lamin\u00e9 \u00e0 chaud habituel. Vous pouvez trouver les instructions de vieillissement sur notre site Web ou vous pouvez les scanner directement sur le produit. Les produits en acier Cor-Ten peuvent \u00eatre stock\u00e9s \u00e0 l\u2019ext\u00e9rieur toute l\u2019ann\u00e9e. Ne n\u00e9cessite pas de stockage.<\/p>\n<p>&nbsp;<\/p>\n<p>&nbsp;<\/p>\n<h5><a href=\"https:\/\/www.grillsymbol.com\/fr\/a-propos-des-differentes-poeles\/instructions-de-vieillissement-des-produits-en-acier-cor-ten\/\" target=\"_blank\" rel=\"noopener\">Regardez ici : Instructions de vieillissement des produits en acier Cor-Ten<\/a><\/h5>\n","protected":false},"excerpt":{"rendered":"<p>Naked Chef XS est un gril \u00e0 charbon petit et compact. De petite taille, mais assez grand pour mettre 2-3 kg de viande sur le gril en m\u00eame temps et organiser une petite soir\u00e9e barbecue entre amis !<\/p>\n<p>Pour griller, utilisez du charbon de bois, des briquettes ou br\u00fblez vous-m\u00eame du charbon de bois. Le corps du gril est en acier Cor-Ten de 2-3 mm, ce qui maintient la temp\u00e9rature stable pendant la cuisson.<\/p>\n<p>Le Cor-Ten et l\\&rsquo;acier inoxydable sont des mat\u00e9riaux r\u00e9sistants aux intemp\u00e9ries &#8211; Chef grill vous attend 365 jours par an, m\u00eame \u00e0 ciel ouvert et par tous les temps.<\/p>\n<p>L\u2019acier Cor-Ten est un acier au carbone presque pur mais trait\u00e9 de mani\u00e8re \u00e0 avoir une couche protectrice sur la surface pour la rendre r\u00e9sistante aux intemp\u00e9ries. La surface est \u00e0 l\u2019origine gris\u00e2tre, puis elle devient brun rouge\u00e2tre (ressemble \u00e0 la couleur de la rouille), qui devient plus fonc\u00e9e avec le temps. S\u2019il est utilis\u00e9 correctement, l\u2019acier Cor-Ten est expressif, durable et sans entretien et peut tenir le temps \u00e0 sa mani\u00e8re unique.<\/p>\n<p>&nbsp;<\/p>\n<p>&nbsp;<\/p>\n","protected":false},"featured_media":23480,"comment_status":"open","ping_status":"closed","template":"","meta":{"footnotes":""},"class_list":["post-19475","product","type-product","status-publish","has-post-thumbnail","hentry","product_cat-bbq-fumoirs-et-barbecues-au-charbon"],"_links":{"self":[{"href":"https:\/\/www.grillsymbol.com\/fr\/wp-json\/wp\/v2\/product\/19475","targetHints":{"allow":["GET"]}}],"collection":[{"href":"https:\/\/www.grillsymbol.com\/fr\/wp-json\/wp\/v2\/product"}],"about":[{"href":"https:\/\/www.grillsymbol.com\/fr\/wp-json\/wp\/v2\/types\/product"}],"replies":[{"embeddable":true,"href":"https:\/\/www.grillsymbol.com\/fr\/wp-json\/wp\/v2\/comments?post=19475"}],"version-history":[{"count":0,"href":"https:\/\/www.grillsymbol.com\/fr\/wp-json\/wp\/v2\/product\/19475\/revisions"}],"wp:featuredmedia":[{"embeddable":true,"href":"https:\/\/www.grillsymbol.com\/fr\/wp-json\/wp\/v2\/media\/23480"}],"wp:attachment":[{"href":"https:\/\/www.grillsymbol.com\/fr\/wp-json\/wp\/v2\/media?parent=19475"}],"curies":[{"name":"wp","href":"https:\/\/api.w.org\/{rel}","templated":true}]}}