{"id":19552,"date":"2022-12-05T12:23:01","date_gmt":"2022-12-05T12:23:01","guid":{"rendered":"https:\/\/www.grillsymbol.com\/shop\/non%20class\u00e9\/peteri-wiimaa-bird-feeder-heart\/"},"modified":"2024-11-05T08:00:30","modified_gmt":"2024-11-05T08:00:30","slug":"petteri-wiimaa-mangeoir-a-oiseaux-heart","status":"publish","type":"product","link":"https:\/\/www.grillsymbol.com\/fr\/shop\/mangeoires-et-nichoirs-a-oiseaux\/petteri-wiimaa-mangeoir-a-oiseaux-heart\/","title":{"rendered":"Petteri Wiimaa Mangeoir \u00e0 Oiseaux Heart 1=2"},"content":{"rendered":"<p>La mangeoire \u00e0 oiseaux Heart peut \u00eatre accroch\u00e9e ou solidement fix\u00e9e. Pour accrocher, vous trouverez dans le set une corde de suspension de 1 m de long. La pointe de fixation, d\\&rsquo;autre part, permet de fixer la mangeoire \u00e0 oiseaux sur une surface en bois, par exemple un mur de maison, une cl\u00f4ture, un arbre, etc. Pour ce faire, fixez d\\&rsquo;abord la pointe de fixation, puis connectez la mangeoire \u00e0 oiseaux \u00e0 la pointe. NB\u00a0! Pour le fixer solidement au bois, la pointe de fixation doit \u00eatre enfonc\u00e9e dans le bois d\\&rsquo;environ 10-15 millim\u00e8tres. Il faut s\\&rsquo;assurer que la pointe de fixation est droite.<\/p>\n<p>&nbsp;<\/p>\n<p><strong>D\u00e9tails du produit :<\/strong><\/p>\n<ul>\n<li>Fabriqu\u00e9 en acier Cor-Ten<\/li>\n<li>Mesures : 16,5 x 16,5 cm<\/li>\n<li>Poids : ca 300 g<\/li>\n<li>L\\&rsquo;ensemble comprend une pointe de fixation, des boulons de montage, une corde de suspension et 2 crochets de suspension pour accrocher des boules de graisse<\/li>\n<\/ul>\n<p>&nbsp;<\/p>\n<p><strong>NB\u00a0!<\/strong> Les pointes du produit pour fixer les aliments sont pointues, les aliments (par exemple, une boule de graisse, etc.) doivent \u00eatre plac\u00e9s avec soin, si possible utiliser des gants.<\/p>\n<p>&nbsp;<\/p>\n<p>Les produits en acier Cor-Ten sont livr\u00e9s non trait\u00e9s. Lorsqu\u2019il est neuf, l\u2019acier Cor-Ten est de couleur grise comme l\u2019acier lamin\u00e9 \u00e0 chaud habituel. Vous pouvez trouver les instructions de vieillissement sur notre site Web ou vous pouvez les scanner directement sur le produit. Les produits en acier Cor-Ten peuvent \u00eatre stock\u00e9s \u00e0 l\u2019ext\u00e9rieur toute l\u2019ann\u00e9e. Ne n\u00e9cessite pas de stockage.<\/p>\n<p>&nbsp;<\/p>\n<p>&nbsp;<\/p>\n<h5><a href=\"https:\/\/www.grillsymbol.com\/fr\/a-propos-des-differentes-poeles\/instructions-de-vieillissement-des-produits-en-acier-cor-ten\/\" target=\"_blank\" rel=\"noopener\">Regardez ici : Instructions de vieillissement des produits en acier Cor-Ten<\/a><\/h5>\n","protected":false},"excerpt":{"rendered":"<p><strong>Offre sp\u00e9ciale : 1=2<\/strong><\/p>\n<p>Vous pouvez accrocher ou attacher la mangeoire \u00e0 oiseaux au balcon, \u00e0 la cl\u00f4ture, \u00e0 une branche d\\&rsquo;arbre dans le jardin, au mur de la maison, etc. <strong>Heart<\/strong>, une mangeoire \u00e0 oiseaux en acier Cor-Ten r\u00e9sistant aux intemp\u00e9ries, rapproche la nature de vous et les oiseaux l\\&rsquo;aime !<\/p>\n<p><strong>Nous nous soucions de la nature.<\/strong> Les mangeoires \u00e0 oiseaux sont fabriqu\u00e9es \u00e0 partir de 96 % des r\u00e9sidus de production. Les d\u00e9tails de Heart sont coup\u00e9s des bords et des coins restants de nos autres produits, qui autrement deviendraient une poubelle. Heart est emball\u00e9 dans une enveloppe en papier 100% recycl\u00e9.<\/p>\n<p><strong>Design : Petteri Wiimaa<\/strong><\/p>\n<p>&nbsp;<\/p>\n","protected":false},"featured_media":19556,"comment_status":"open","ping_status":"closed","template":"","meta":{"footnotes":""},"class_list":["post-19552","product","type-product","status-publish","has-post-thumbnail","hentry","product_cat-mangeoires-et-nichoirs-a-oiseaux"],"_links":{"self":[{"href":"https:\/\/www.grillsymbol.com\/fr\/wp-json\/wp\/v2\/product\/19552","targetHints":{"allow":["GET"]}}],"collection":[{"href":"https:\/\/www.grillsymbol.com\/fr\/wp-json\/wp\/v2\/product"}],"about":[{"href":"https:\/\/www.grillsymbol.com\/fr\/wp-json\/wp\/v2\/types\/product"}],"replies":[{"embeddable":true,"href":"https:\/\/www.grillsymbol.com\/fr\/wp-json\/wp\/v2\/comments?post=19552"}],"version-history":[{"count":0,"href":"https:\/\/www.grillsymbol.com\/fr\/wp-json\/wp\/v2\/product\/19552\/revisions"}],"wp:featuredmedia":[{"embeddable":true,"href":"https:\/\/www.grillsymbol.com\/fr\/wp-json\/wp\/v2\/media\/19556"}],"wp:attachment":[{"href":"https:\/\/www.grillsymbol.com\/fr\/wp-json\/wp\/v2\/media?parent=19552"}],"curies":[{"name":"wp","href":"https:\/\/api.w.org\/{rel}","templated":true}]}}