{"id":19639,"date":"2022-12-05T12:19:26","date_gmt":"2022-12-05T12:19:26","guid":{"rendered":"https:\/\/www.grillsymbol.com\/shop\/non%20class\u00e9\/petteri-wiimaa-bird-feeder-station\/"},"modified":"2026-03-26T15:37:27","modified_gmt":"2026-03-26T15:37:27","slug":"petteri-wiimaa-nichoir-station","status":"publish","type":"product","link":"https:\/\/www.grillsymbol.com\/fr\/shop\/mangeoires-et-nichoirs-a-oiseaux\/petteri-wiimaa-nichoir-station\/","title":{"rendered":"Petteri Wiimaa Nichoir Station"},"content":{"rendered":"<p><strong>D\u00e9tails du produit : <\/strong><\/p>\n<ul>\n<li>Mat\u00e9riau : acier Cor-Ten de 2 mm<\/li>\n<li>Dimensions ext\u00e9rieures\u00a0: 66\u00a0x\u00a030\u00a0x\u00a024\u00a0cm<\/li>\n<li>Dimensions du coin repas 59 x 30 cm<\/li>\n<li>Poids : ca 10 kg<\/li>\n<li>Comprend\u00a0: un c\u00e2ble m\u00e9tallique de suspension en acier inoxydable de 3\u00a0mm, un cache-c\u00e2ble, des arr\u00eats de c\u00e2ble, un bol d\\&rsquo;alimentation pour oiseaux<\/li>\n<li>Support mural disponible en tant qu\\&rsquo;accessoire, code produit : Station-Fix<\/li>\n<li>Le produit est livr\u00e9 en pi\u00e8ces<\/li>\n<li>Le temps de montage : ca 15-20 min<\/li>\n<\/ul>\n<p>&nbsp;<\/p>\n<p><strong>NB! C\\&rsquo;est un produit lourd ! Lors de l\\&rsquo;installation, observez l\\&rsquo;exigence de s\u00e9curit\u00e9 :<\/strong><\/p>\n<p><strong>\u00a0<\/strong><\/p>\n<ul>\n<li>Choisissez le bon endroit pour la maison afin d\\&rsquo;\u00e9viter les cons\u00e9quences d\\&rsquo;une installation ou d\\&rsquo;une utilisation inappropri\u00e9e (par exemple, ne convient pas \u00e0 une aire de jeux pour enfants ou \u00e0 une aire de loisirs en terrasse, etc.). Les oiseaux aussi ont besoin d\\&rsquo;un peu d\\&rsquo;intimit\u00e9.<\/li>\n<li>Serrez fermement les arr\u00eats du c\u00e2ble m\u00e9tallique afin que le c\u00e2ble de suspension ne c\u00e8de pas au point de fixation.<\/li>\n<li>Assurez-vous que le c\u00e2ble ne glisse pas sur le point de fixation (branche d\\&rsquo;arbre, poutre, boucle de fixation). Assurez-vous \u00e9galement que le c\u00e2ble ne glisse pas par vent fort, car la maison se balance avec le vent.<\/li>\n<li>Assurez-vous que le cache-c\u00e2ble en plastique prot\u00e8ge le c\u00e2ble l\u00e0 o\u00f9 elle entre en contact avec le m\u00e9tal.<\/li>\n<li>V\u00e9rifiez annuellement l\\&rsquo;usure du c\u00e2ble m\u00e9tallique. Si vous voyez des brins cass\u00e9s, remplacez le c\u00e2ble m\u00e9tallique\u00a0!<\/li>\n<\/ul>\n<p>&nbsp;<\/p>\n<p>La couche superficielle de l\u2019acier Cor-Ten est \u00e0 l\\&rsquo;origine gris\u00e2tre, puis elle devient brun rouge\u00e2tre (ressemble \u00e0 la couleur de la rouille), qui devient plus fonc\u00e9e avec le temps.<\/p>\n<p>&nbsp;<\/p>\n<p>&nbsp;<\/p>\n<p>&nbsp;<\/p>\n<blockquote class=\"wp-embedded-content\" data-secret=\"vdz57raZDm\"><p><a href=\"https:\/\/www.grillsymbol.com\/fr\/a-propos-des-differentes-poeles\/instructions-de-vieillissement-des-produits-en-acier-cor-ten\/\">COR-TEN\u00ae Steel products seasoning instructions<\/a><\/p><\/blockquote>\n<p><iframe loading=\"lazy\" class=\"wp-embedded-content\" sandbox=\"allow-scripts\" security=\"restricted\" style=\"position: absolute; clip: rect(1px, 1px, 1px, 1px);\" title=\"\u00ab\u00a0COR-TEN\u00ae Steel products seasoning instructions\u00a0\u00bb &#8212; GrillSymbol\" src=\"https:\/\/www.grillsymbol.com\/fr\/a-propos-des-differentes-poeles\/instructions-de-vieillissement-des-produits-en-acier-cor-ten\/embed\/#?secret=vdz57raZDm\" data-secret=\"vdz57raZDm\" width=\"600\" height=\"338\" frameborder=\"0\" marginwidth=\"0\" marginheight=\"0\" scrolling=\"no\"><\/iframe><\/p>\n<p>&nbsp;<\/p>\n<p>&nbsp;<\/p>\n","protected":false},"excerpt":{"rendered":"<p>\u00ab Rencontrons-nous et prenons un bon repas au restaurant\u00a0? O\u00f9 il y a assez d\\&rsquo;espace et o\u00f9 il n\\&rsquo;y a pas de pluie ou de neige qui tombe sur votre t\u00eate\u00a0?\u00a0\u00bb<\/p>\n<p><strong>Station<\/strong> est parfait pour \u00e7a !<\/p>\n<p>L\\&rsquo;un des plus grands restaurants d\\&rsquo;oiseaux de son genre &#8211; jusqu\\&rsquo;\u00e0 30 x 60 cm ! Vous n\\&rsquo;avez pas \u00e0 vous soucier de r\u00e9server la table, car le bol \u00e0 manger est de taille tr\u00e8s appropri\u00e9e. Un toit au-dessus, des perchoirs des deux c\u00f4t\u00e9s, une \u00e9pinette du nord, o\u00f9 grimper, sur le toit &#8211; de quoi d\\&rsquo;autre avez-vous besoin, oiseau ? Peut-\u00eatre juste plus de boules de graisse\u2026<\/p>\n<p><strong>Design: Petteri Wiimaa<\/strong><\/p>\n<p>&nbsp;<\/p>\n","protected":false},"featured_media":19411,"comment_status":"open","ping_status":"closed","template":"","meta":{"footnotes":""},"class_list":["post-19639","product","type-product","status-publish","has-post-thumbnail","hentry","product_cat-mangeoires-et-nichoirs-a-oiseaux"],"_links":{"self":[{"href":"https:\/\/www.grillsymbol.com\/fr\/wp-json\/wp\/v2\/product\/19639","targetHints":{"allow":["GET"]}}],"collection":[{"href":"https:\/\/www.grillsymbol.com\/fr\/wp-json\/wp\/v2\/product"}],"about":[{"href":"https:\/\/www.grillsymbol.com\/fr\/wp-json\/wp\/v2\/types\/product"}],"replies":[{"embeddable":true,"href":"https:\/\/www.grillsymbol.com\/fr\/wp-json\/wp\/v2\/comments?post=19639"}],"version-history":[{"count":0,"href":"https:\/\/www.grillsymbol.com\/fr\/wp-json\/wp\/v2\/product\/19639\/revisions"}],"wp:featuredmedia":[{"embeddable":true,"href":"https:\/\/www.grillsymbol.com\/fr\/wp-json\/wp\/v2\/media\/19411"}],"wp:attachment":[{"href":"https:\/\/www.grillsymbol.com\/fr\/wp-json\/wp\/v2\/media?parent=19639"}],"curies":[{"name":"wp","href":"https:\/\/api.w.org\/{rel}","templated":true}]}}