{"id":19710,"date":"2023-02-13T13:06:09","date_gmt":"2023-02-13T13:06:10","guid":{"rendered":"https:\/\/www.grillsymbol.com\/?post_type=product&#038;p=19710"},"modified":"2025-04-06T12:38:08","modified_gmt":"2025-04-06T12:38:08","slug":"grillsymbol-presse-a-hamburger-o-14-cm","status":"publish","type":"product","link":"https:\/\/www.grillsymbol.com\/fr\/shop\/accessoires-de-barbecue\/grillsymbol-presse-a-hamburger-o-14-cm\/","title":{"rendered":"GrillSymbol Presse \u00e0 Hamburger, \u00f8 14 cm"},"content":{"rendered":"<ul>\n<li>Mat\u00e9riel: acier inoxydable<\/li>\n<li>Diam\u00e8tre : 14 cm<\/li>\n<li>Poids\u00a0: 0,4\u00a0kg<\/li>\n<\/ul>\n","protected":false},"excerpt":{"rendered":"<p>Faites-vous des hamburgers maison ou le meilleur steak de boeuf ? Un \u00e9l\u00e9ment tr\u00e8s important pour le succ\u00e8s est une presse \u00e0 hamburger solide et pratique\u00a0! Le but du pressage est de presser plus fermement le hamburger ou le steak contre la surface de cuisson chaude, afin que la chaleur puisse cuire la viande de mani\u00e8re uniforme.<\/p>\n<p>Voir aussi nos ensembles plancha et presse \u00e0 burger BPS et BPSI.<\/p>\n<p>&nbsp;<\/p>\n","protected":false},"featured_media":20743,"comment_status":"open","ping_status":"closed","template":"","meta":{"footnotes":""},"class_list":["post-19710","product","type-product","status-publish","has-post-thumbnail","hentry","product_cat-accessoires-de-barbecue"],"_links":{"self":[{"href":"https:\/\/www.grillsymbol.com\/fr\/wp-json\/wp\/v2\/product\/19710","targetHints":{"allow":["GET"]}}],"collection":[{"href":"https:\/\/www.grillsymbol.com\/fr\/wp-json\/wp\/v2\/product"}],"about":[{"href":"https:\/\/www.grillsymbol.com\/fr\/wp-json\/wp\/v2\/types\/product"}],"replies":[{"embeddable":true,"href":"https:\/\/www.grillsymbol.com\/fr\/wp-json\/wp\/v2\/comments?post=19710"}],"version-history":[{"count":0,"href":"https:\/\/www.grillsymbol.com\/fr\/wp-json\/wp\/v2\/product\/19710\/revisions"}],"wp:featuredmedia":[{"embeddable":true,"href":"https:\/\/www.grillsymbol.com\/fr\/wp-json\/wp\/v2\/media\/20743"}],"wp:attachment":[{"href":"https:\/\/www.grillsymbol.com\/fr\/wp-json\/wp\/v2\/media?parent=19710"}],"curies":[{"name":"wp","href":"https:\/\/api.w.org\/{rel}","templated":true}]}}