{"id":19724,"date":"2023-02-14T13:12:30","date_gmt":"2023-02-14T13:12:30","guid":{"rendered":"https:\/\/www.grillsymbol.com\/?post_type=product&#038;p=19724"},"modified":"2023-05-26T18:02:51","modified_gmt":"2023-05-26T18:02:51","slug":"grillsymbol-ensemble-presse-a-hamburger-et-plancha","status":"publish","type":"product","link":"https:\/\/www.grillsymbol.com\/fr\/shop\/grill-es-fr\/grillsymbol-ensemble-presse-a-hamburger-et-plancha\/","title":{"rendered":"GrillSymbol Ensemble Presse \u00e0 Hamburger et Plancha"},"content":{"rendered":"<p><span style=\"text-decoration: underline\"><strong>Plancha :<\/strong><\/span><\/p>\n<p>&nbsp;<\/p>\n<ul>\n<li>Fabriqu\u00e9 en acier lamin\u00e9 \u00e0 chaud de haute qualit\u00e9 de 5 mm.<\/li>\n<li>Dimensions : 28 x 34 cm<\/li>\n<li>Hauteur des bords arri\u00e8re et lat\u00e9raux 3 cm<\/li>\n<li>La hauteur du premier rebord 1,5 cm (pli\u00e9 lisse)<\/li>\n<li>Poign\u00e9es solides, faciles et pratiques \u00e0 soulever et \u00e0 nettoyer<\/li>\n<li>Poids 4,6 kg<\/li>\n<\/ul>\n<p>&nbsp;<\/p>\n<p><span style=\"text-decoration: underline\"><strong>Presse \u00e0 hamburger\u00a0:<\/strong><\/span><\/p>\n<p>&nbsp;<\/p>\n<ul>\n<li>Mat\u00e9riel: acier inoxydable<\/li>\n<li>Diam\u00e8tre: 14cm<\/li>\n<li>Poids\u00a0: 0,4\u00a0kg<\/li>\n<\/ul>\n<p>&nbsp;<\/p>\n<p>Il n\\&rsquo;est pas recommand\u00e9 de laver la plancha en acier au lave-vaisselle. Dans un lave-vaisselle, la couche protectrice br\u00fbl\u00e9e se d\u00e9tachera et le processus de la premi\u00e8re mise en service devra \u00eatre recommenc\u00e9.<\/p>\n<p>Comment \u00e9x\u00e9cuter la premi\u00e8re mise en service et entretenir une plancha en acier ? En savoir plus \u00e0 ce sujet dans les chapitres des instructions d\\&rsquo;utilisation des po\u00eales : \u00ab\u00a0Premi\u00e8re mise en service\u00a0\u00bb et \u00ab\u00a0Maintenance\u00a0\u00bb\u00a0:<\/p>\n<p>&nbsp;<\/p>\n<blockquote class=\"wp-embedded-content\" data-secret=\"vbhUo4popX\"><p><a href=\"https:\/\/www.grillsymbol.com\/fr\/a-propos-des-differentes-poeles\/mode-demploi-des-poeles\/\">Mode d&#8217;emploi des po\u00eales (\u00e0 paella \/ \u00e0 wok)<\/a><\/p><\/blockquote>\n<p><iframe loading=\"lazy\" class=\"wp-embedded-content\" sandbox=\"allow-scripts\" security=\"restricted\" style=\"position: absolute; clip: rect(1px, 1px, 1px, 1px);\" title=\"\u00ab\u00a0Mode d&#8217;emploi des po\u00eales (\u00e0 paella \/ \u00e0 wok)\u00a0\u00bb &#8212; GrillSymbol\" src=\"https:\/\/www.grillsymbol.com\/fr\/a-propos-des-differentes-poeles\/mode-demploi-des-poeles\/embed\/#?secret=vbhUo4popX\" data-secret=\"vbhUo4popX\" width=\"600\" height=\"338\" frameborder=\"0\" marginwidth=\"0\" marginheight=\"0\" scrolling=\"no\"><\/iframe><\/p>\n","protected":false},"excerpt":{"rendered":"<p><strong>BPS : L\\&rsquo;ensemble comprend une plancha en acier 28 x 34 cm et un presse \u00e0 burger en inox d\\&rsquo;un diam\u00e8tre de 14 cm.<\/strong><\/p>\n<p>La plancha en acier permet de cuire simultan\u00e9ment 4 gros burgers jusqu\u2019\u00e0 14 cm de diam\u00e8tre ou une vari\u00e9t\u00e9 de grillades, bacon, \u0153ufs, cr\u00eapes ! Vous pouvez \u00e9galement cuire des steaks, des l\u00e9gumes et des fruits de mer \u2013 la plancha est parfaite pour cela. Convient pour une utilisation sur les grils \u00e0 charbon et \u00e0 gaz, les br\u00fbleurs \u00e0 gaz, les cuisini\u00e8res (y compris les cuisini\u00e8res \u00e0 induction).<\/p>\n<p>NB\u00a0! N\\&rsquo;utilisez pas la puissance maximale de la cuisini\u00e8re \u00e0 induction\u00a0!<\/p>\n<p>&nbsp;<\/p>\n<p>Plancha est compatible avec les grils GrillSymbol suivants : Chef, Chef-XL, Chef-NXS, Naked Chef et Naked Chef XL. Convient aux mod\u00e8les plus grands (tailles L et XL) de grils en c\u00e9ramique (Big Green Egg, Kamado Joe, etc.)<\/p>\n<p>&nbsp;<\/p>\n<p>Avec une presse \u00e0 burger, vous pourrez r\u00e9aliser des hamburgers maison ou la meilleure entrec\u00f4te de b\u0153uf et les faire griller \u00e0 la plancha bien chaude ! Une presse \u00e0 hamburger solide et pratique vous permet de presser le hamburger ou le steak contre la surface de cuisson chaude pour aider la viande \u00e0 cuire uniform\u00e9ment.<\/p>\n<p>&nbsp;<\/p>\n","protected":false},"featured_media":21403,"comment_status":"open","ping_status":"closed","template":"","meta":{"footnotes":""},"class_list":["post-19724","product","type-product","status-publish","has-post-thumbnail","hentry","product_cat-accessoires-de-barbecue","product_cat-grill-es-fr"],"_links":{"self":[{"href":"https:\/\/www.grillsymbol.com\/fr\/wp-json\/wp\/v2\/product\/19724","targetHints":{"allow":["GET"]}}],"collection":[{"href":"https:\/\/www.grillsymbol.com\/fr\/wp-json\/wp\/v2\/product"}],"about":[{"href":"https:\/\/www.grillsymbol.com\/fr\/wp-json\/wp\/v2\/types\/product"}],"replies":[{"embeddable":true,"href":"https:\/\/www.grillsymbol.com\/fr\/wp-json\/wp\/v2\/comments?post=19724"}],"version-history":[{"count":0,"href":"https:\/\/www.grillsymbol.com\/fr\/wp-json\/wp\/v2\/product\/19724\/revisions"}],"wp:featuredmedia":[{"embeddable":true,"href":"https:\/\/www.grillsymbol.com\/fr\/wp-json\/wp\/v2\/media\/21403"}],"wp:attachment":[{"href":"https:\/\/www.grillsymbol.com\/fr\/wp-json\/wp\/v2\/media?parent=19724"}],"curies":[{"name":"wp","href":"https:\/\/api.w.org\/{rel}","templated":true}]}}