{"id":19743,"date":"2023-02-14T13:50:56","date_gmt":"2023-02-14T13:50:57","guid":{"rendered":"https:\/\/www.grillsymbol.com\/?post_type=product&#038;p=19743"},"modified":"2023-05-26T17:59:10","modified_gmt":"2023-05-26T17:59:10","slug":"grillsymbol-ensemble-presse-a-hamburger-et-plancha-inox","status":"publish","type":"product","link":"https:\/\/www.grillsymbol.com\/fr\/shop\/accessoires-de-barbecue\/grillsymbol-ensemble-presse-a-hamburger-et-plancha-inox\/","title":{"rendered":"GrillSymbol Ensemble Presse \u00e0 Hamburger et Plancha Inox"},"content":{"rendered":"<p><span style=\"text-decoration: underline\"><strong>Plancha :<\/strong><\/span><\/p>\n<p>&nbsp;<\/p>\n<ul>\n<li>Fabriqu\u00e9 en acier inoxydable de 5 mm (AISI 304)<\/li>\n<li>Dimensions : 28 x 34 cm<\/li>\n<li>Hauteur des bords arri\u00e8re et lat\u00e9raux 3 cm<\/li>\n<li>La hauteur du premier rebord 1.5 cm (pli\u00e9 lisse)<\/li>\n<li>Poign\u00e9es solides, faciles et pratiques \u00e0 soulever et \u00e0 nettoyer<\/li>\n<li>Poids 4.6 kg<\/li>\n<\/ul>\n<p>&nbsp;<\/p>\n<p><span style=\"text-decoration: underline\"><strong>Presse \u00e0 hamburger\u00a0:<\/strong><\/span><\/p>\n<p>&nbsp;<\/p>\n<ul>\n<li>Mat\u00e9riel: acier inoxydable<\/li>\n<li>Diam\u00e8tre: 14 cm<\/li>\n<li>Poids\u00a0: 0,4\u00a0kg<\/li>\n<\/ul>\n<p>&nbsp;<\/p>\n<p>Avant utilisation, la surface de la plancha est d\\&rsquo;une couleur argent\u00e9e d\\&rsquo;inox. Sur un feu ouvert, \u00e0 des temp\u00e9ratures sup\u00e9rieures \u00e0 450C, la surface en acier inoxydable s\\&rsquo;assombrira. A l\\&rsquo;\u00e9tat neuf, des marques de soudure sont visibles dans les angles de la plancha, qui deviennent moins visibles lors de l\\&rsquo;utilisation.<\/p>\n<p>La plancha en inox peut \u00eatre lav\u00e9e au lave-vaisselle.<\/p>\n<p>&nbsp;<\/p>\n<p>Lisez \u00e0 propos de l\\&rsquo;entretien ici:<\/p>\n<p>&nbsp;<\/p>\n<blockquote class=\"wp-embedded-content\" data-secret=\"gApZusH94o\"><p><a href=\"https:\/\/www.grillsymbol.com\/fr\/a-propos-des-differentes-poeles\/mode-demploi-des-poeles\/\">Mode d&#8217;emploi des po\u00eales (\u00e0 paella \/ \u00e0 wok)<\/a><\/p><\/blockquote>\n<p><iframe loading=\"lazy\" class=\"wp-embedded-content\" sandbox=\"allow-scripts\" security=\"restricted\" style=\"position: absolute; clip: rect(1px, 1px, 1px, 1px);\" title=\"\u00ab\u00a0Mode d&#8217;emploi des po\u00eales (\u00e0 paella \/ \u00e0 wok)\u00a0\u00bb &#8212; GrillSymbol\" src=\"https:\/\/www.grillsymbol.com\/fr\/a-propos-des-differentes-poeles\/mode-demploi-des-poeles\/embed\/#?secret=gApZusH94o\" data-secret=\"gApZusH94o\" width=\"600\" height=\"338\" frameborder=\"0\" marginwidth=\"0\" marginheight=\"0\" scrolling=\"no\"><\/iframe><\/p>\n","protected":false},"excerpt":{"rendered":"<p><strong>BPSI : L\u2019ensemble comprend une plancha en inox 28 x 34 cm et un presse \u00e0 burger en inox d\u2019un diam\u00e8tre de 14 cm.<\/strong><\/p>\n<p>Plancha \u00e0 fond \u00e9pais en inox pouvant cuire 4 gros burgers jusqu\\&rsquo;\u00e0 14 cm de diam\u00e8tre \u00e0 la fois ou une vari\u00e9t\u00e9 de grillades, bacon, \u0153ufs, cr\u00eapes ! Vous pouvez \u00e9galement cuire des steaks ou des fruits de mer \u2013 la plancha est parfaite pour cela. Convient pour une utilisation sur les grils \u00e0 charbon et \u00e0 gaz, les br\u00fbleurs \u00e0 gaz et diff\u00e9rents types de cuisini\u00e8re. NB ! Ne convient pas pour une utilisation sur une cuisini\u00e8re \u00e0 induction.<\/p>\n<p>&nbsp;<\/p>\n<p>Plancha est compatible avec les grils GrillSymbol suivants : Chef, Chef-XL, Chef-NXS, Naked Chef et Naked Chef XL. Convient aux mod\u00e8les plus grands (tailles L et XL) de grils en c\u00e9ramique (Big Green Egg, Kamado Joe, etc.)<\/p>\n<p>&nbsp;<\/p>\n<p>Avec une presse \u00e0 burger, vous pourrez r\u00e9aliser des hamburgers maison ou la meilleure entrec\u00f4te de b\u0153uf et les faire griller \u00e0 la plancha bien chaude ! Une presse \u00e0 hamburger solide et pratique vous permet de presser le hamburger ou le steak contre la surface de cuisson chaude pour aider la viande \u00e0 cuire uniform\u00e9ment.<\/p>\n<p>&nbsp;<\/p>\n","protected":false},"featured_media":21385,"comment_status":"open","ping_status":"closed","template":"","meta":{"footnotes":""},"class_list":["post-19743","product","type-product","status-publish","has-post-thumbnail","hentry","product_cat-accessoires-de-barbecue"],"_links":{"self":[{"href":"https:\/\/www.grillsymbol.com\/fr\/wp-json\/wp\/v2\/product\/19743","targetHints":{"allow":["GET"]}}],"collection":[{"href":"https:\/\/www.grillsymbol.com\/fr\/wp-json\/wp\/v2\/product"}],"about":[{"href":"https:\/\/www.grillsymbol.com\/fr\/wp-json\/wp\/v2\/types\/product"}],"replies":[{"embeddable":true,"href":"https:\/\/www.grillsymbol.com\/fr\/wp-json\/wp\/v2\/comments?post=19743"}],"version-history":[{"count":0,"href":"https:\/\/www.grillsymbol.com\/fr\/wp-json\/wp\/v2\/product\/19743\/revisions"}],"wp:featuredmedia":[{"embeddable":true,"href":"https:\/\/www.grillsymbol.com\/fr\/wp-json\/wp\/v2\/media\/21385"}],"wp:attachment":[{"href":"https:\/\/www.grillsymbol.com\/fr\/wp-json\/wp\/v2\/media?parent=19743"}],"curies":[{"name":"wp","href":"https:\/\/api.w.org\/{rel}","templated":true}]}}