{"id":19781,"date":"2023-02-14T14:22:46","date_gmt":"2023-02-14T14:22:47","guid":{"rendered":"https:\/\/www.grillsymbol.com\/?post_type=product&#038;p=19781"},"modified":"2023-12-14T09:01:55","modified_gmt":"2023-12-14T09:01:55","slug":"grillsymbol-poele-a-paella-sur-le-feu-stark-set-960-o-96-cm","status":"publish","type":"product","link":"https:\/\/www.grillsymbol.com\/fr\/shop\/poeles-wok-et-paella\/grillsymbol-poele-a-paella-sur-le-feu-stark-set-960-o-96-cm\/","title":{"rendered":"GrillSymbol Po\u00eale \u00e0 paella sur le feu Stark Set 960, \u00f8 96 cm"},"content":{"rendered":"<ul>\n<li>Diam\u00e8tre de la po\u00eale \u00e0 partir du bord sup\u00e9rieur : 96 cm (fond lisse 85 cm)<\/li>\n<li>Mat\u00e9riau : acier 3 mm<\/li>\n<li>Capacit\u00e9 : 50-80 portions (volume 50 litres)<\/li>\n<li>Hauteur du bord de po\u00eale : 5 cm<\/li>\n<li>Poids : po\u00eale env. 19 kg et cadre de base env. 3 kg<\/li>\n<li>Cadre de base : hauteur 25 cm, diam\u00e8tre 98 cm<\/li>\n<li>Mat\u00e9riau du cadre de base : acier Cor-Ten de 3 mm r\u00e9sistant aux intemp\u00e9ries qui rouille uniform\u00e9ment et avec style au fil du temps<\/li>\n<li>Facile \u00e0 assembler : env. 5-10 min<\/li>\n<li>Les pieds sont faciles \u00e0 installer et \u00e0 enlever<\/li>\n<li>Manuel d&rsquo;utilisation inclus dans le package<\/li>\n<li>La po\u00eale Stark-960 peut \u00eatre utilis\u00e9e avec le br\u00fbleur \u00e0 gaz B600 ou B700<\/li>\n<li>Le cadre de base est pr\u00eat \u00e0 fixer le br\u00fbleur \u00e0 gaz (outils de fixation inclus dans le package)<\/li>\n<li>GrillSymbol \u2013 entreprise familiale depuis 1925. Les produits ont \u00e9t\u00e9 d\u00e9velopp\u00e9s et fabriqu\u00e9s en Estonie et test\u00e9s dans les pays nordiques<\/li>\n<\/ul>\n<p>&nbsp;<\/p>\n<p>Notre exp\u00e9rience confirme que la longueur optimale des pieds de po\u00eale est de 25 cm. C&rsquo;est la hauteur maximale pour que la chaleur du feu ou du charbon atteigne encore la po\u00eale. Une po\u00eale avec des pieds de plus de 25 cm n&rsquo;est pas assez efficace, car elle est trop \u00e9loign\u00e9e de la source de chaleur et la chaleur se dissipe avant d&rsquo;atteindre la po\u00eale.<\/p>\n","protected":false},"excerpt":{"rendered":"<p>GrillSymbol Stark est une po\u00eale classique en acier avec un rebord haut, facile \u00e0 utiliser et \u00e0 entretenir. Livr\u00e9 avec des pieds (25 cm de haut) ainsi qu&rsquo;un cadre tenant la po\u00eale. Pour une utilisation sur un feu ouvert et sans pieds sur un br\u00fbleur \u00e0 gaz ou sur un gril. Le cadre de base peut \u00e9galement \u00eatre utilis\u00e9 comme plaque chauffante et servir des aliments directement \u00e0 partir de la po\u00eale gr\u00e9sillante ! Contrairement aux po\u00eales \u00e0 fond lisse, une po\u00eale \u00e0 rebord plus haut peut pr\u00e9parer de nombreux aliments diff\u00e9rents.<\/p>\n<p>Starks &#8211; Les po\u00eales classiques en acier ne s&rsquo;am\u00e9liorent qu&rsquo;avec le temps &#8211; plus vous les utilisez, meilleure est la cuisson de la po\u00eale\u00a0! Avec un bon entretien, la po\u00eale Stark est un ami pour la vie, attendant sur le mur de la remise pour de nouvelles aventures culinaires passionnantes et une compagnie cool pour manger autour de la po\u00eale.<\/p>\n<p>Fabriqu\u00e9 en Estonie.<\/p>\n<p>&nbsp;<\/p>\n","protected":false},"featured_media":20688,"comment_status":"open","ping_status":"closed","template":"","meta":{"footnotes":""},"class_list":["post-19781","product","type-product","status-publish","has-post-thumbnail","hentry","product_cat-poeles-wok-et-paella"],"_links":{"self":[{"href":"https:\/\/www.grillsymbol.com\/fr\/wp-json\/wp\/v2\/product\/19781","targetHints":{"allow":["GET"]}}],"collection":[{"href":"https:\/\/www.grillsymbol.com\/fr\/wp-json\/wp\/v2\/product"}],"about":[{"href":"https:\/\/www.grillsymbol.com\/fr\/wp-json\/wp\/v2\/types\/product"}],"replies":[{"embeddable":true,"href":"https:\/\/www.grillsymbol.com\/fr\/wp-json\/wp\/v2\/comments?post=19781"}],"version-history":[{"count":0,"href":"https:\/\/www.grillsymbol.com\/fr\/wp-json\/wp\/v2\/product\/19781\/revisions"}],"wp:featuredmedia":[{"embeddable":true,"href":"https:\/\/www.grillsymbol.com\/fr\/wp-json\/wp\/v2\/media\/20688"}],"wp:attachment":[{"href":"https:\/\/www.grillsymbol.com\/fr\/wp-json\/wp\/v2\/media?parent=19781"}],"curies":[{"name":"wp","href":"https:\/\/api.w.org\/{rel}","templated":true}]}}