{"id":19793,"date":"2023-02-15T10:53:37","date_gmt":"2023-02-15T10:53:39","guid":{"rendered":"https:\/\/www.grillsymbol.com\/?post_type=product&#038;p=19793"},"modified":"2023-04-05T07:21:40","modified_gmt":"2023-04-05T07:21:40","slug":"grillsymbol-four-a-pizza-pizzo-inox","status":"publish","type":"product","link":"https:\/\/www.grillsymbol.com\/fr\/shop\/fours-a-pizza-et-accessoires\/grillsymbol-four-a-pizza-pizzo-inox\/","title":{"rendered":"GrillSymbol Four \u00e0 Pizza Pizzo-inox"},"content":{"rendered":"<ul>\n<li>Dimensions : 80 x 81 x 96 cm (largeur * profondeur * hauteur avec chemin\u00e9e)<\/li>\n<li>Poids env. 76 kilogrammes<\/li>\n<li>Mat\u00e9riau : acier inoxydable<\/li>\n<li>Isolation thermique : laine de roche 10 cm (dans le toit et les parois)<\/li>\n<li>Surface de cuisson en pierre : 60 x 60 cm (peut contenir 2 pizzas d&rsquo;environ 30 cm \u00e0 la fois)<\/li>\n<li>Les pierres \u00e0 pizza (fabriqu\u00e9es en Italie) sont constitu\u00e9es d&rsquo;un m\u00e9lange d&rsquo;argile r\u00e9fractaire et d&rsquo;oxyde d&rsquo;aluminium, ce qui garantit un chauffage rapide et d&rsquo;excellents r\u00e9sultats de cuisson<\/li>\n<li>Porte \u00e0 double couche avec une feuille r\u00e9fl\u00e9chissante qui renvoie la chaleur dans le four<\/li>\n<li>Thermom\u00e8tre de four avec une \u00e9chelle de 0 \u00e0 500\u00b0C<\/li>\n<li>Le four s&rsquo;adapte \u00e0 une casserole ou une casserole peu profonde mesurant 30 x 59 x 11 cm (largeur * profondeur * hauteur)<\/li>\n<li>Les trous au fond permettent \u00e0 la condensation de s&rsquo;\u00e9goutter du four si n\u00e9cessaire<\/li>\n<li>Transport\u00e9 en pi\u00e8ces, emball\u00e9 sur une base<\/li>\n<li>Temps de montage env. 15-20 minutes<\/li>\n<li>Pour une utilisation en ext\u00e9rieur<\/li>\n<li>Ne pas laisser sans surveillance si des mat\u00e9riaux inflammables se trouvent \u00e0 proximit\u00e9\u00a0!<\/li>\n<\/ul>\n<p>&nbsp;<\/p>\n<p>NB\u00a0! La chemin\u00e9e en acier inoxydable du produit virera au violet par endroits sous l&rsquo;effet de la chaleur, ce qui n&rsquo;alt\u00e8re pas les caract\u00e9ristiques du produit.<\/p>\n<p>&nbsp;<\/p>\n<p>NB ! Pour des instructions d&rsquo;installation et d&rsquo;entretien plus d\u00e9taill\u00e9es, veuillez consulter le manuel d&rsquo;instructions du produit.<\/p>\n","protected":false},"excerpt":{"rendered":"<p><strong>Pizzo-inox<\/strong> est un four \u00e0 pizza classique au feu de bois en acier inoxydable. Il est id\u00e9al pour un usage domestique en raison de sa taille et de sa productivit\u00e9. Les pizzas sont pr\u00eates en quelques minutes donc m\u00eame si vous devez faire 10 \u00e0 20 pizzas, ce sera rapide. Lorsque vous organisez une grande f\u00eate chez vous, les invit\u00e9s n&rsquo;ont pas \u00e0 attendre leur repas ! Et le go\u00fbt d&rsquo;une pizza cuite au feu de bois est quelque chose dont vous vous souviendrez longtemps.<\/p>\n<p>Le four \u00e0 pizza Pizzo ne sert pas seulement \u00e0 faire des pizzas, il convient \u00e0 la cuisson de p\u00e2tisseries et pains vari\u00e9s : pain blanc, pain de seigle, ciabatta&#8230; Gr\u00e2ce \u00e0 son excellente isolation thermique, le four reste chaud longtemps et permet de cuisiner une grande vari\u00e9t\u00e9 de plats.<\/p>\n<p>&nbsp;<\/p>\n","protected":false},"featured_media":20184,"comment_status":"open","ping_status":"closed","template":"","meta":{"footnotes":""},"class_list":["post-19793","product","type-product","status-publish","has-post-thumbnail","hentry","product_cat-fours-a-pizza-et-accessoires"],"_links":{"self":[{"href":"https:\/\/www.grillsymbol.com\/fr\/wp-json\/wp\/v2\/product\/19793","targetHints":{"allow":["GET"]}}],"collection":[{"href":"https:\/\/www.grillsymbol.com\/fr\/wp-json\/wp\/v2\/product"}],"about":[{"href":"https:\/\/www.grillsymbol.com\/fr\/wp-json\/wp\/v2\/types\/product"}],"replies":[{"embeddable":true,"href":"https:\/\/www.grillsymbol.com\/fr\/wp-json\/wp\/v2\/comments?post=19793"}],"version-history":[{"count":0,"href":"https:\/\/www.grillsymbol.com\/fr\/wp-json\/wp\/v2\/product\/19793\/revisions"}],"wp:featuredmedia":[{"embeddable":true,"href":"https:\/\/www.grillsymbol.com\/fr\/wp-json\/wp\/v2\/media\/20184"}],"wp:attachment":[{"href":"https:\/\/www.grillsymbol.com\/fr\/wp-json\/wp\/v2\/media?parent=19793"}],"curies":[{"name":"wp","href":"https:\/\/api.w.org\/{rel}","templated":true}]}}