{"id":19807,"date":"2023-02-15T14:10:59","date_gmt":"2023-02-15T14:11:00","guid":{"rendered":"https:\/\/www.grillsymbol.com\/?post_type=product&#038;p=19807"},"modified":"2023-04-05T07:23:55","modified_gmt":"2023-04-05T07:23:55","slug":"grillsymbol-four-a-pizza-avec-support-pizzo-set","status":"publish","type":"product","link":"https:\/\/www.grillsymbol.com\/fr\/shop\/fours-a-pizza-et-accessoires\/grillsymbol-four-a-pizza-avec-support-pizzo-set\/","title":{"rendered":"GrillSymbol Four \u00e0 Pizza avec Support Pizzo-set"},"content":{"rendered":"<p><strong><u>Pizzo:<\/u><\/strong><\/p>\n<ul>\n<li>Dimensions (four \u00e0 pizza s\u00e9par\u00e9ment) : 80 x 81 x 96 cm (largeur * profondeur * hauteur avec chemin\u00e9e)<\/li>\n<li>Dimensions avec support Baso : 100 x 81 x 182 cm (largeur * profondeur * hauteur avec chemin\u00e9e).<\/li>\n<li>Poids env. 76 kg, avec support environ 107 kg<\/li>\n<li>Mat\u00e9riau : int\u00e9rieur en acier inoxydable, ext\u00e9rieur en acier Cor-Ten<\/li>\n<li>Isolation thermique : laine de roche 10 cm (dans le toit et les parois)<\/li>\n<li>Surface de cuisson en pierre : 60 x 60 cm (peut contenir 2 pizzas d&rsquo;environ 30 cm \u00e0 la fois)<\/li>\n<li>Les pierres \u00e0 pizza (fabriqu\u00e9es en Italie) sont constitu\u00e9es d&rsquo;un m\u00e9lange d&rsquo;argile r\u00e9fractaire et d&rsquo;oxyde d&rsquo;aluminium, ce qui garantit un chauffage rapide et d&rsquo;excellents r\u00e9sultats de cuisson<\/li>\n<li>Porte \u00e0 double couche avec une feuille r\u00e9fl\u00e9chissante qui renvoie la chaleur dans le four<\/li>\n<li>Thermom\u00e8tre de four avec une \u00e9chelle de 0 \u00e0 500\u00b0C<\/li>\n<li>Le four s&rsquo;adapte \u00e0 une casserole ou une casserole peu profonde mesurant 30 x 59 x 11 cm (largeur * profondeur * hauteur)<\/li>\n<li>Les trous au fond permettent \u00e0 la condensation de s&rsquo;\u00e9goutter du four si n\u00e9cessaire<\/li>\n<li>Transport\u00e9 en pi\u00e8ces, emball\u00e9 sur une base<\/li>\n<li>Temps de montage env. 15-20 minutes (avec support Baso env. 1 heure)<\/li>\n<li>Pour une utilisation en ext\u00e9rieur<\/li>\n<li>Ne pas laisser sans surveillance si des mat\u00e9riaux inflammables se trouvent \u00e0 proximit\u00e9\u00a0!<\/li>\n<li>NB\u00a0! La chemin\u00e9e en acier inoxydable du produit virera au violet par endroits sous l&rsquo;effet de la chaleur, ce qui n&rsquo;alt\u00e8re pas les caract\u00e9ristiques du produit.<\/li>\n<\/ul>\n<p>&nbsp;<\/p>\n<p><strong><u>Support Baso\u00a0:<\/u><\/strong><\/p>\n<ul>\n<li>Dimensions : 100 x 70 x 85 cm (largeur * profondeur * hauteur)<\/li>\n<li>Poids env. 31 kg (avec le four \u00e0 pizza 107 kg)<\/li>\n<li>Mat\u00e9riau : Cor-Ten et acier inoxydable<\/li>\n<li>Environ. 30 min de temps de montage<\/li>\n<li>Deux \u00e9tag\u00e8res pour le bois de chauffage et les accessoires<\/li>\n<li><strong>Pr\u00eat \u00e0 \u00eatre roul\u00e9 ; les roulettes sont disponibles en option\u00a0<\/strong>(UGS: Wheels-100)<\/li>\n<li>La hauteur des pieds est r\u00e9glable en deux positions, garantissant que le plan de travail est \u00e0 la m\u00eame hauteur (85 cm) avec et sans roulettes<\/li>\n<\/ul>\n<p>&nbsp;<\/p>\n<p>Fabriqu\u00e9 en acier Cor-Ten. Lorsqu\u2019il est utilis\u00e9 correctement, l&rsquo;acier Cor-Ten est expressif, durable et sans entretien et peut tenir le temps \u00e0 sa mani\u00e8re unique. La surface est \u00e0 l&rsquo;origine gris\u00e2tre, puis elle devient brun rouge\u00e2tre (ressemble \u00e0 la couleur de la rouille), qui devient plus fonc\u00e9e avec le temps. Lisez les instructions d&rsquo;entretien ci-dessous\u00a0:<\/p>\n<p>&nbsp;<\/p>\n<p>&nbsp;<\/p>\n<blockquote class=\"wp-embedded-content\" data-secret=\"C3EO4zd3sJ\"><p><a href=\"https:\/\/www.grillsymbol.com\/fr\/a-propos-des-differentes-poeles\/instructions-de-vieillissement-des-produits-en-acier-cor-ten\/\">COR-TEN\u00ae Steel products seasoning instructions<\/a><\/p><\/blockquote>\n<p><iframe loading=\"lazy\" class=\"wp-embedded-content\" sandbox=\"allow-scripts\" security=\"restricted\" style=\"position: absolute; clip: rect(1px, 1px, 1px, 1px);\" title=\"\u00ab\u00a0COR-TEN\u00ae Steel products seasoning instructions\u00a0\u00bb &#8212; GrillSymbol\" src=\"https:\/\/www.grillsymbol.com\/fr\/a-propos-des-differentes-poeles\/instructions-de-vieillissement-des-produits-en-acier-cor-ten\/embed\/#?secret=C3EO4zd3sJ\" data-secret=\"C3EO4zd3sJ\" width=\"600\" height=\"338\" frameborder=\"0\" marginwidth=\"0\" marginheight=\"0\" scrolling=\"no\"><\/iframe><\/p>\n","protected":false},"excerpt":{"rendered":"<p>Le <strong>Pizzo Set<\/strong> se compose d&rsquo;un four \u00e0 pizza <strong>Pizzo<\/strong> et d&rsquo;un support <strong>Baso<\/strong>. C&rsquo;est une excellente combinaison de contenu italien et de design pratique nordique. Quiconque a d\u00e9j\u00e0 mang\u00e9 une pizza cuite au feu de bois sait \u00e0 quoi s&rsquo;attendre ! Gr\u00e2ce \u00e0 la temp\u00e9rature \u00e9lev\u00e9e, jusqu&rsquo;\u00e0 400\u00b0C, les pizzas sont pr\u00eates en quelques minutes.<\/p>\n<p>Le four \u00e0 pizza Pizzo ne sert pas seulement \u00e0 faire des pizzas, il convient \u00e0 la cuisson de p\u00e2tisseries et pains vari\u00e9s : pain blanc, pain de seigle, ciabatta&#8230; Gr\u00e2ce \u00e0 son excellente isolation thermique, le four reste chaud longtemps et permet de cuisiner une grande vari\u00e9t\u00e9 de plats.<\/p>\n<p><strong>Des roulettes peuvent \u00eatre fix\u00e9es au support, des roulettes sont disponibles en accessoire.<\/strong><\/p>\n","protected":false},"featured_media":20325,"comment_status":"open","ping_status":"closed","template":"","meta":{"footnotes":""},"class_list":["post-19807","product","type-product","status-publish","has-post-thumbnail","hentry","product_cat-fours-a-pizza-et-accessoires"],"_links":{"self":[{"href":"https:\/\/www.grillsymbol.com\/fr\/wp-json\/wp\/v2\/product\/19807","targetHints":{"allow":["GET"]}}],"collection":[{"href":"https:\/\/www.grillsymbol.com\/fr\/wp-json\/wp\/v2\/product"}],"about":[{"href":"https:\/\/www.grillsymbol.com\/fr\/wp-json\/wp\/v2\/types\/product"}],"replies":[{"embeddable":true,"href":"https:\/\/www.grillsymbol.com\/fr\/wp-json\/wp\/v2\/comments?post=19807"}],"version-history":[{"count":0,"href":"https:\/\/www.grillsymbol.com\/fr\/wp-json\/wp\/v2\/product\/19807\/revisions"}],"wp:featuredmedia":[{"embeddable":true,"href":"https:\/\/www.grillsymbol.com\/fr\/wp-json\/wp\/v2\/media\/20325"}],"wp:attachment":[{"href":"https:\/\/www.grillsymbol.com\/fr\/wp-json\/wp\/v2\/media?parent=19807"}],"curies":[{"name":"wp","href":"https:\/\/api.w.org\/{rel}","templated":true}]}}