{"id":19821,"date":"2023-02-15T14:15:05","date_gmt":"2023-02-15T14:15:06","guid":{"rendered":"https:\/\/www.grillsymbol.com\/?post_type=product&#038;p=19821"},"modified":"2024-09-23T10:48:46","modified_gmt":"2024-09-23T10:48:46","slug":"grillsymbol-four-a-pizza-avec-support-pizzo-xl-set","status":"publish","type":"product","link":"https:\/\/www.grillsymbol.com\/fr\/shop\/fours-a-pizza-et-accessoires\/grillsymbol-four-a-pizza-avec-support-pizzo-xl-set\/","title":{"rendered":"GrillSymbol Four \u00e0 pizza avec Support Pizzo-XL-Set SUPER PRIX"},"content":{"rendered":"<p><strong><u>Pizzo:<\/u><\/strong><\/p>\n<p>&nbsp;<\/p>\n<ul>\n<li>Dimensions (four \u00e0 pizza s\u00e9par\u00e9ment) : 80 x 81 x 96 cm (largeur * profondeur * hauteur avec chemin\u00e9e)<\/li>\n<li><strong>Dimensions avec support Baso-XL<\/strong> : 180 x 81 x 182 cm (largeur * profondeur * hauteur avec chemin\u00e9e).<\/li>\n<li>Poids env. 76 kg (avec support Baso-XL 140 kg)<\/li>\n<li>Mat\u00e9riau : int\u00e9rieur en acier inoxydable, ext\u00e9rieur en acier Cor-Ten<\/li>\n<li>Isolation thermique : laine de roche 10 cm (dans le toit et les parois)<\/li>\n<li>Surface de cuisson en pierre : 60 x 60 cm (peut contenir 2 pizzas d\\&rsquo;environ 30 cm \u00e0 la fois)<\/li>\n<li>Les pierres \u00e0 pizza (fabriqu\u00e9es en Italie) sont constitu\u00e9es d\\&rsquo;un m\u00e9lange d\\&rsquo;argile r\u00e9fractaire et d\\&rsquo;oxyde d\\&rsquo;aluminium, ce qui garantit un chauffage rapide et d\\&rsquo;excellents r\u00e9sultats de cuisson<\/li>\n<li>Porte \u00e0 double couche avec une feuille r\u00e9fl\u00e9chissante qui renvoie la chaleur dans le four<\/li>\n<li>Thermom\u00e8tre de four avec une \u00e9chelle de 0 \u00e0 500\u00b0C<\/li>\n<li>Le four s\\&rsquo;adapte \u00e0 une casserole ou une casserole peu profonde mesurant 30 x 59 x 11 cm (largeur * profondeur * hauteur)<\/li>\n<li>Les trous au fond permettent \u00e0 la condensation de s\\&rsquo;\u00e9goutter du four si n\u00e9cessaire<\/li>\n<li>Transport\u00e9 en pi\u00e8ces, emball\u00e9 sur une base<\/li>\n<li>Temps de montage env. 15-20 minutes<\/li>\n<li>Pour une utilisation en ext\u00e9rieur<\/li>\n<li>Ne pas laisser sans surveillance si des mat\u00e9riaux inflammables se trouvent \u00e0 proximit\u00e9\u00a0!<\/li>\n<li>Pour des instructions d\\&rsquo;installation et d\\&rsquo;entretien plus d\u00e9taill\u00e9es, veuillez consulter le manuel d\\&rsquo;instructions du produit.<\/li>\n<li>NB\u00a0! La chemin\u00e9e en acier inoxydable du produit virera au violet par endroits sous l\\&rsquo;effet de la chaleur, ce qui n\\&rsquo;alt\u00e8re pas les caract\u00e9ristiques du produit.<\/li>\n<\/ul>\n<p>&nbsp;<\/p>\n<p>&nbsp;<\/p>\n<p><strong><u>Support Baso-XL :<\/u><\/strong><\/p>\n<p>&nbsp;<\/p>\n<ul>\n<li>Grand et pratique, dimensions : 180 x 70 x 85 cm (largeur * profondeur * hauteur)<\/li>\n<li>Poids env. 68 kilogrammes <strong>(avec four \u00e0 pizza 140 kg)<\/strong><\/li>\n<li>Mat\u00e9riau : COR-TEN et acier inoxydable<\/li>\n<li>Environ 40-60 min de temps de montage<\/li>\n<li>Le four \u00e0 pizza peut \u00eatre install\u00e9 \u00e0 droite ou \u00e0 gauche de la table<\/li>\n<li>Diff\u00e9rentes surfaces pour les accessoires et le bois de chauffage<\/li>\n<li><strong>Le table est pr\u00eat \u00e0 \u00eatre roul\u00e9 ; les roulettes sont disponibles en option\u00a0<\/strong>(UGS: Wheels-100)<\/li>\n<li>La hauteur des pieds est r\u00e9glable en deux positions, garantissant que le plan de travail est \u00e0 la m\u00eame hauteur (85 cm) avec et sans roues<\/li>\n<li>La table de pr\u00e9paration \u00e0 bords hauts est un endroit id\u00e9al pour pr\u00e9parer de la p\u00e2te ou des pizzas<\/li>\n<\/ul>\n<p>&nbsp;<\/p>\n<p>&nbsp;<\/p>\n<p>&nbsp;<\/p>\n<p>NB ! Les produits en acier Cor-Ten sont livr\u00e9s non trait\u00e9s. Lorsqu\u2019il est neuf, l\u2019acier Cor-Ten est de couleur grise comme l\u2019acier lamin\u00e9 \u00e0 chaud habituel. Vous pouvez trouver les instructions de vieillissement sur notre site Web ou vous pouvez les scanner directement sur le produit. Les produits en acier Cor-Ten peuvent \u00eatre stock\u00e9s \u00e0 l\u2019ext\u00e9rieur toute l\u2019ann\u00e9e. Ne n\u00e9cessite pas de stockage.<\/p>\n<p>&nbsp;<\/p>\n<p>&nbsp;<\/p>\n<h5><a href=\"https:\/\/www.grillsymbol.com\/fr\/a-propos-des-differentes-poeles\/instructions-de-vieillissement-des-produits-en-acier-cor-ten\/\" target=\"_blank\" rel=\"noopener\">Regardez ici : Instructions de vieillissement des produits en acier Cor-Ten<\/a><\/h5>\n","protected":false},"excerpt":{"rendered":"<p><strong>Super prix. Valable sur le dernier produit en stock.<\/strong><\/p>\n<p>Le <strong>Pizzo Set XL<\/strong> se compose d\\&rsquo;un four \u00e0 pizza <strong>Pizzo<\/strong> et d\\&rsquo;un grand support <strong>Baso-XL<\/strong>. C\\&rsquo;est une excellente combinaison de contenu italien et de design pratique nordique. Quiconque a d\u00e9j\u00e0 mang\u00e9 une pizza cuite au feu de bois sait \u00e0 quoi s\\&rsquo;attendre ! Gr\u00e2ce \u00e0 la temp\u00e9rature \u00e9lev\u00e9e, jusqu\\&rsquo;\u00e0 400\u00b0C, les pizzas sont pr\u00eates en quelques minutes. La table de pr\u00e9paration vous permet de faire tout le travail de pr\u00e9paration juste \u00e0 c\u00f4t\u00e9 du four \u00e0 pizza.<\/p>\n<p>Le four \u00e0 pizza Pizzo ne sert pas seulement \u00e0 faire des pizzas, il convient \u00e0 la cuisson de p\u00e2tisseries et pains vari\u00e9s : pain blanc, pain de seigle, ciabatta&#8230; Gr\u00e2ce \u00e0 son excellente isolation thermique, le four reste chaud longtemps et permet de cuisiner une grande vari\u00e9t\u00e9 de plats.<\/p>\n<p><strong>Des roulettes peuvent \u00eatre fix\u00e9es au support, des roulettes sont disponibles en accessoire.<\/strong><\/p>\n<p>&nbsp;<\/p>\n","protected":false},"featured_media":20392,"comment_status":"open","ping_status":"closed","template":"","meta":{"footnotes":""},"class_list":["post-19821","product","type-product","status-publish","has-post-thumbnail","hentry","product_cat-fours-a-pizza-et-accessoires"],"_links":{"self":[{"href":"https:\/\/www.grillsymbol.com\/fr\/wp-json\/wp\/v2\/product\/19821","targetHints":{"allow":["GET"]}}],"collection":[{"href":"https:\/\/www.grillsymbol.com\/fr\/wp-json\/wp\/v2\/product"}],"about":[{"href":"https:\/\/www.grillsymbol.com\/fr\/wp-json\/wp\/v2\/types\/product"}],"replies":[{"embeddable":true,"href":"https:\/\/www.grillsymbol.com\/fr\/wp-json\/wp\/v2\/comments?post=19821"}],"version-history":[{"count":0,"href":"https:\/\/www.grillsymbol.com\/fr\/wp-json\/wp\/v2\/product\/19821\/revisions"}],"wp:featuredmedia":[{"embeddable":true,"href":"https:\/\/www.grillsymbol.com\/fr\/wp-json\/wp\/v2\/media\/20392"}],"wp:attachment":[{"href":"https:\/\/www.grillsymbol.com\/fr\/wp-json\/wp\/v2\/media?parent=19821"}],"curies":[{"name":"wp","href":"https:\/\/api.w.org\/{rel}","templated":true}]}}