{"id":19888,"date":"2023-02-20T09:56:28","date_gmt":"2023-02-20T09:56:29","guid":{"rendered":"https:\/\/www.grillsymbol.com\/?post_type=product&#038;p=19888"},"modified":"2023-04-05T10:09:02","modified_gmt":"2023-04-05T10:09:02","slug":"grillsymbol-support-baso-pour-le-four-a-pizza","status":"publish","type":"product","link":"https:\/\/www.grillsymbol.com\/fr\/shop\/fours-a-pizza-et-accessoires\/grillsymbol-support-baso-pour-le-four-a-pizza\/","title":{"rendered":"GrillSymbol Support Baso pour le Four \u00e0 Pizza"},"content":{"rendered":"<ul>\n<li>Dimensions : 100 x 70 x 85 cm (largeur * profondeur * hauteur)<\/li>\n<li>Poids env. 31 kg<\/li>\n<li>Mat\u00e9riau : Cor-Ten et acier inoxydable<\/li>\n<li>Environ 30 min de temps de montage<\/li>\n<li>Diff\u00e9rentes surfaces pour les accessoires et le bois de chauffage<\/li>\n<li>Pr\u00eat \u00e0 \u00eatre roul\u00e9 ; les roulettes sont disponibles en option<\/li>\n<li>La hauteur des pieds est r\u00e9glable en deux positions, garantissant que le plan de travail est \u00e0 la m\u00eame hauteur (85 cm) avec et sans roulettes<\/li>\n<\/ul>\n<p>&nbsp;<\/p>\n<p>Fabriqu\u00e9 en acier Cor-Ten. Lorsqu\u2019il est utilis\u00e9 correctement, l&rsquo;acier Cor-Ten est expressif, durable et sans entretien et peut tenir le temps \u00e0 sa mani\u00e8re unique. La surface est \u00e0 l&rsquo;origine gris\u00e2tre, puis elle devient brun rouge\u00e2tre (ressemble \u00e0 la couleur de la rouille), qui devient plus fonc\u00e9e avec le temps. Lisez les instructions d&rsquo;entretien ci-dessous\u00a0:<\/p>\n<p>&nbsp;<\/p>\n<blockquote class=\"wp-embedded-content\" data-secret=\"FwNPdubCdA\"><p><a href=\"https:\/\/www.grillsymbol.com\/fr\/a-propos-des-differentes-poeles\/instructions-de-vieillissement-des-produits-en-acier-cor-ten\/\">COR-TEN\u00ae Steel products seasoning instructions<\/a><\/p><\/blockquote>\n<p><iframe loading=\"lazy\" class=\"wp-embedded-content\" sandbox=\"allow-scripts\" security=\"restricted\" style=\"position: absolute; clip: rect(1px, 1px, 1px, 1px);\" title=\"\u00ab\u00a0COR-TEN\u00ae Steel products seasoning instructions\u00a0\u00bb &#8212; GrillSymbol\" src=\"https:\/\/www.grillsymbol.com\/fr\/a-propos-des-differentes-poeles\/instructions-de-vieillissement-des-produits-en-acier-cor-ten\/embed\/#?secret=FwNPdubCdA\" data-secret=\"FwNPdubCdA\" width=\"600\" height=\"338\" frameborder=\"0\" marginwidth=\"0\" marginheight=\"0\" scrolling=\"no\"><\/iframe><\/p>\n","protected":false},"excerpt":{"rendered":"<p>Baso est con\u00e7ue principalement sur la base de l&rsquo;aspect pratique. Le support a diff\u00e9rents niveaux o\u00f9 vous pouvez stocker du bois de chauffage et placer des accessoires.<\/p>\n<p><strong>Convient aux mod\u00e8les de fours \u00e0 pizza Pizzo et Pizzo-inox.<\/strong><\/p>\n<p>Le support Baso peut \u00eatre utilis\u00e9 avec n&rsquo;importe quel autre four \u00e0 pizza. Veuillez noter que les dimensions du fond du four doivent \u00eatre les suivantes : largeur 80 cm et profondeur 70 cm +\/- environ 2 cm. Pour plus d&rsquo;informations, consultez le manuel d&rsquo;instructions Pizzo\/Baso.<\/p>\n<p><strong>Des roulettes peuvent \u00eatre fix\u00e9es au support, des roulettes sont disponibles en accessoire.<\/strong><\/p>\n<p>&nbsp;<\/p>\n<p>&nbsp;<\/p>\n","protected":false},"featured_media":20213,"comment_status":"open","ping_status":"closed","template":"","meta":{"footnotes":""},"class_list":["post-19888","product","type-product","status-publish","has-post-thumbnail","hentry","product_cat-fours-a-pizza-et-accessoires"],"_links":{"self":[{"href":"https:\/\/www.grillsymbol.com\/fr\/wp-json\/wp\/v2\/product\/19888","targetHints":{"allow":["GET"]}}],"collection":[{"href":"https:\/\/www.grillsymbol.com\/fr\/wp-json\/wp\/v2\/product"}],"about":[{"href":"https:\/\/www.grillsymbol.com\/fr\/wp-json\/wp\/v2\/types\/product"}],"replies":[{"embeddable":true,"href":"https:\/\/www.grillsymbol.com\/fr\/wp-json\/wp\/v2\/comments?post=19888"}],"version-history":[{"count":0,"href":"https:\/\/www.grillsymbol.com\/fr\/wp-json\/wp\/v2\/product\/19888\/revisions"}],"wp:featuredmedia":[{"embeddable":true,"href":"https:\/\/www.grillsymbol.com\/fr\/wp-json\/wp\/v2\/media\/20213"}],"wp:attachment":[{"href":"https:\/\/www.grillsymbol.com\/fr\/wp-json\/wp\/v2\/media?parent=19888"}],"curies":[{"name":"wp","href":"https:\/\/api.w.org\/{rel}","templated":true}]}}