{"id":19902,"date":"2023-02-20T09:59:38","date_gmt":"2023-02-20T09:59:40","guid":{"rendered":"https:\/\/www.grillsymbol.com\/?post_type=product&#038;p=19902"},"modified":"2023-04-05T10:07:42","modified_gmt":"2023-04-05T10:07:42","slug":"grillsymbol-support-baso-inox-pour-le-four-a-pizza","status":"publish","type":"product","link":"https:\/\/www.grillsymbol.com\/fr\/shop\/fours-a-pizza-et-accessoires\/grillsymbol-support-baso-inox-pour-le-four-a-pizza\/","title":{"rendered":"GrillSymbol Support Baso-inox pour le Four \u00e0 Pizza"},"content":{"rendered":"<ul>\n<li>Dimensions : 100 x 70 x 85 cm (largeur * profondeur * hauteur)<\/li>\n<li>Poids env. 31 kg<\/li>\n<li>Mat\u00e9riau : acier inoxydable<\/li>\n<li>Environ 30 min de temps de montage<\/li>\n<li>Diff\u00e9rentes surfaces pour les accessoires et le bois de chauffage<\/li>\n<li>Pr\u00eat \u00e0 \u00eatre roul\u00e9 ; les roulettes sont disponibles en option (UGS: Wheels-100)<\/li>\n<li>La hauteur des pieds est r\u00e9glable en deux positions, garantissant que le plan de travail est \u00e0 la m\u00eame hauteur (85 cm) avec et sans roulettes<\/li>\n<\/ul>\n","protected":false},"excerpt":{"rendered":"<p>Baso-inox est con\u00e7ue principalement sur la base de l&rsquo;aspect pratique. Fabriqu\u00e9 en acier inoxydable. Le support a diff\u00e9rents niveaux o\u00f9 vous pouvez stocker du bois de chauffage et placer des accessoires.<\/p>\n<p><strong>Convient aux mod\u00e8les de fours \u00e0 pizza Pizzo et Pizzo-inox.<\/strong><\/p>\n<p>Le support Baso-inox peut \u00eatre utilis\u00e9 avec n&rsquo;importe quel autre four \u00e0 pizza. Veuillez noter que les dimensions du fond du four doivent \u00eatre les suivantes : largeur 80 cm et profondeur 70 cm +\/- environ 2 cm. Pour plus d&rsquo;informations, consultez le manuel d&rsquo;instructions Pizzo\/Baso.<\/p>\n<p><strong>Des roulettes peuvent \u00eatre fix\u00e9es au support, des roulettes sont disponibles en accessoire.<\/strong><\/p>\n<p>&nbsp;<\/p>\n","protected":false},"featured_media":20247,"comment_status":"open","ping_status":"closed","template":"","meta":{"footnotes":""},"class_list":["post-19902","product","type-product","status-publish","has-post-thumbnail","hentry","product_cat-fours-a-pizza-et-accessoires"],"_links":{"self":[{"href":"https:\/\/www.grillsymbol.com\/fr\/wp-json\/wp\/v2\/product\/19902","targetHints":{"allow":["GET"]}}],"collection":[{"href":"https:\/\/www.grillsymbol.com\/fr\/wp-json\/wp\/v2\/product"}],"about":[{"href":"https:\/\/www.grillsymbol.com\/fr\/wp-json\/wp\/v2\/types\/product"}],"replies":[{"embeddable":true,"href":"https:\/\/www.grillsymbol.com\/fr\/wp-json\/wp\/v2\/comments?post=19902"}],"version-history":[{"count":0,"href":"https:\/\/www.grillsymbol.com\/fr\/wp-json\/wp\/v2\/product\/19902\/revisions"}],"wp:featuredmedia":[{"embeddable":true,"href":"https:\/\/www.grillsymbol.com\/fr\/wp-json\/wp\/v2\/media\/20247"}],"wp:attachment":[{"href":"https:\/\/www.grillsymbol.com\/fr\/wp-json\/wp\/v2\/media?parent=19902"}],"curies":[{"name":"wp","href":"https:\/\/api.w.org\/{rel}","templated":true}]}}