{"id":19917,"date":"2023-02-20T10:10:18","date_gmt":"2023-02-20T10:10:19","guid":{"rendered":"https:\/\/www.grillsymbol.com\/?post_type=product&#038;p=19917"},"modified":"2023-04-05T10:11:03","modified_gmt":"2023-04-05T10:11:03","slug":"grillsymbol-support-baso-xl-pour-le-four-a-pizza","status":"publish","type":"product","link":"https:\/\/www.grillsymbol.com\/fr\/shop\/fours-a-pizza-et-accessoires\/grillsymbol-support-baso-xl-pour-le-four-a-pizza\/","title":{"rendered":"GrillSymbol Support Baso-XL pour le Four \u00e0 Pizza"},"content":{"rendered":"<ul>\n<li>Dimensions : 180 x 70 x 85 cm (largeur * profondeur * hauteur)<\/li>\n<li>Poids env. 68 kg<\/li>\n<li>Mat\u00e9riau : Cor-Ten et acier inoxydable<\/li>\n<li>Environ 40-60 min de temps de montage<\/li>\n<li>Le four \u00e0 pizza peut \u00eatre install\u00e9 \u00e0 droite ou \u00e0 gauche de la table<\/li>\n<li>Diff\u00e9rentes surfaces pour les accessoires et le bois de chauffage<\/li>\n<li><strong>Pr\u00eat \u00e0 \u00eatre roul\u00e9 ; les roulettes sont disponibles en option (UGS: Wheels-100)<\/strong><\/li>\n<li>La hauteur des pieds est r\u00e9glable en deux positions, garantissant que le plan de travail est \u00e0 la m\u00eame hauteur (85 cm) avec et sans roulettes<\/li>\n<li>La table de pr\u00e9paration \u00e0 bords hauts est un endroit id\u00e9al pour pr\u00e9parer de la p\u00e2te ou des pizzas<\/li>\n<\/ul>\n<p>&nbsp;<\/p>\n<p>Fabriqu\u00e9 en acier Cor-Ten. Lorsqu\u2019il est utilis\u00e9 correctement, l\u2019acier Cor-Ten est expressif, durable et sans entretien et peut tenir le temps \u00e0 sa mani\u00e8re unique. La surface est \u00e0 l\u2019origine gris\u00e2tre, puis elle devient brun rouge\u00e2tre (ressemble \u00e0 la couleur de la rouille), qui devient plus fonc\u00e9e avec le temps. Lisez les instructions d\u2019entretien ci-dessous\u00a0:<\/p>\n<p>&nbsp;<\/p>\n<p>&nbsp;<\/p>\n<blockquote class=\"wp-embedded-content\" data-secret=\"teaHS9I9mu\"><p><a href=\"https:\/\/www.grillsymbol.com\/fr\/a-propos-des-differentes-poeles\/instructions-de-vieillissement-des-produits-en-acier-cor-ten\/\">COR-TEN\u00ae Steel products seasoning instructions<\/a><\/p><\/blockquote>\n<p><iframe loading=\"lazy\" class=\"wp-embedded-content\" sandbox=\"allow-scripts\" security=\"restricted\" style=\"position: absolute; clip: rect(1px, 1px, 1px, 1px);\" title=\"\u00ab\u00a0COR-TEN\u00ae Steel products seasoning instructions\u00a0\u00bb &#8212; GrillSymbol\" src=\"https:\/\/www.grillsymbol.com\/fr\/a-propos-des-differentes-poeles\/instructions-de-vieillissement-des-produits-en-acier-cor-ten\/embed\/#?secret=teaHS9I9mu\" data-secret=\"teaHS9I9mu\" width=\"600\" height=\"338\" frameborder=\"0\" marginwidth=\"0\" marginheight=\"0\" scrolling=\"no\"><\/iframe><\/p>\n","protected":false},"excerpt":{"rendered":"<p>Baso-XL est con\u00e7ue principalement sur la base de l\u2019aspect pratique. Le support dispose d&rsquo;une zone de pr\u00e9paration confortable et large en acier inoxydable. Il a diff\u00e9rents niveaux o\u00f9 vous pouvez stocker du bois de chauffage et placer des accessoires.<\/p>\n<p><strong>Convient aux mod\u00e8les de fours \u00e0 pizza Pizzo et Pizzo-inox.<\/strong><\/p>\n<p>Le support Baso-XL peut \u00eatre utilis\u00e9 avec n\u2019importe quel autre four \u00e0 pizza. Veuillez noter que les dimensions du fond du four doivent \u00eatre les suivantes : largeur 80 cm et profondeur 70 cm +\/- environ 2 cm. Pour plus d\u2019informations, consultez le manuel d\u2019instructions Pizzo\/Baso.<\/p>\n<p><strong>Des roulettes peuvent \u00eatre fix\u00e9es au support, des roulettes sont disponibles en accessoire.<\/strong><\/p>\n<p>&nbsp;<\/p>\n","protected":false},"featured_media":20277,"comment_status":"open","ping_status":"closed","template":"","meta":{"footnotes":""},"class_list":["post-19917","product","type-product","status-publish","has-post-thumbnail","hentry","product_cat-fours-a-pizza-et-accessoires"],"_links":{"self":[{"href":"https:\/\/www.grillsymbol.com\/fr\/wp-json\/wp\/v2\/product\/19917","targetHints":{"allow":["GET"]}}],"collection":[{"href":"https:\/\/www.grillsymbol.com\/fr\/wp-json\/wp\/v2\/product"}],"about":[{"href":"https:\/\/www.grillsymbol.com\/fr\/wp-json\/wp\/v2\/types\/product"}],"replies":[{"embeddable":true,"href":"https:\/\/www.grillsymbol.com\/fr\/wp-json\/wp\/v2\/comments?post=19917"}],"version-history":[{"count":0,"href":"https:\/\/www.grillsymbol.com\/fr\/wp-json\/wp\/v2\/product\/19917\/revisions"}],"wp:featuredmedia":[{"embeddable":true,"href":"https:\/\/www.grillsymbol.com\/fr\/wp-json\/wp\/v2\/media\/20277"}],"wp:attachment":[{"href":"https:\/\/www.grillsymbol.com\/fr\/wp-json\/wp\/v2\/media?parent=19917"}],"curies":[{"name":"wp","href":"https:\/\/api.w.org\/{rel}","templated":true}]}}