{"id":19945,"date":"2023-02-20T10:19:55","date_gmt":"2023-02-20T10:19:56","guid":{"rendered":"https:\/\/www.grillsymbol.com\/?post_type=product&#038;p=19945"},"modified":"2023-04-05T06:23:39","modified_gmt":"2023-04-05T06:23:39","slug":"grillsymbol-barbecue-au-charbon-naked-chef-copy-copy-copy-copy-copy","status":"publish","type":"product","link":"https:\/\/www.grillsymbol.com\/fr\/shop\/fours-a-pizza-et-accessoires\/grillsymbol-barbecue-au-charbon-naked-chef-copy-copy-copy-copy-copy\/","title":{"rendered":"GrillSymbol Roulettes pour module de cuisine ext\u00e9rieure (4 pcs x 100 mm)"},"content":{"rendered":"<ul>\n<li>4 roulettes en caoutchouc, dont 2 avec freins<\/li>\n<li>Boulons et \u00e9crous inclus<\/li>\n<li>Diam\u00e8tre : 100 mm<\/li>\n<\/ul>\n","protected":false},"excerpt":{"rendered":"<p>Roulettes avec isolation en caoutchouc souple, adapt\u00e9es aux GrillSymbol supports de four \u00e0 pizza et aux autres modules de cuisine ext\u00e9rieur. Facile \u00e0 installer.<\/p>\n<p>&nbsp;<\/p>\n","protected":false},"featured_media":20572,"comment_status":"open","ping_status":"closed","template":"","meta":{"footnotes":""},"class_list":["post-19945","product","type-product","status-publish","has-post-thumbnail","hentry","product_cat-fours-a-pizza-et-accessoires"],"_links":{"self":[{"href":"https:\/\/www.grillsymbol.com\/fr\/wp-json\/wp\/v2\/product\/19945","targetHints":{"allow":["GET"]}}],"collection":[{"href":"https:\/\/www.grillsymbol.com\/fr\/wp-json\/wp\/v2\/product"}],"about":[{"href":"https:\/\/www.grillsymbol.com\/fr\/wp-json\/wp\/v2\/types\/product"}],"replies":[{"embeddable":true,"href":"https:\/\/www.grillsymbol.com\/fr\/wp-json\/wp\/v2\/comments?post=19945"}],"version-history":[{"count":0,"href":"https:\/\/www.grillsymbol.com\/fr\/wp-json\/wp\/v2\/product\/19945\/revisions"}],"wp:featuredmedia":[{"embeddable":true,"href":"https:\/\/www.grillsymbol.com\/fr\/wp-json\/wp\/v2\/media\/20572"}],"wp:attachment":[{"href":"https:\/\/www.grillsymbol.com\/fr\/wp-json\/wp\/v2\/media?parent=19945"}],"curies":[{"name":"wp","href":"https:\/\/api.w.org\/{rel}","templated":true}]}}