{"id":20136,"date":"2023-03-28T12:58:42","date_gmt":"2023-03-28T12:58:43","guid":{"rendered":"https:\/\/www.grillsymbol.com\/?post_type=product&#038;p=20136"},"modified":"2024-09-23T10:47:41","modified_gmt":"2024-09-23T10:47:41","slug":"grillsymbol-four-a-pizza-avec-support-pizzo-xl-set-inox","status":"publish","type":"product","link":"https:\/\/www.grillsymbol.com\/fr\/shop\/fours-a-pizza-et-accessoires\/grillsymbol-four-a-pizza-avec-support-pizzo-xl-set-inox\/","title":{"rendered":"GrillSymbol Four \u00e0 Pizza avec Support Pizzo-XL-set-inox"},"content":{"rendered":"<p><strong><u>Pizzo-inox:<\/u><\/strong><\/p>\n<ul>\n<li>Dimensions (four \u00e0 pizza s\u00e9par\u00e9ment) : 80 x 81 x 96 cm (largeur * profondeur * hauteur avec chemin\u00e9e)<\/li>\n<li><strong>Dimensions avec support Baso-inox-XL<\/strong>\u00a0: 180 x 81 x 182 cm (largeur * profondeur * hauteur avec chemin\u00e9e).<\/li>\n<li>Poids env. 76 kg (avec support Baso-inox-XL 140 kg)<\/li>\n<li>Mat\u00e9riau : acier inoxydable<\/li>\n<li>Isolation thermique : laine de roche 10 cm (dans le toit et les parois)<\/li>\n<li>Surface de cuisson en pierre : 60 x 60 cm (peut contenir 2 pizzas d\u2019environ 30 cm \u00e0 la fois)<\/li>\n<li>Les pierres \u00e0 pizza (fabriqu\u00e9es en Italie) sont constitu\u00e9es d\u2019un m\u00e9lange d\u2019argile r\u00e9fractaire et d\u2019oxyde d\u2019aluminium, ce qui garantit un chauffage rapide et d\u2019excellents r\u00e9sultats de cuisson<\/li>\n<li>Porte \u00e0 double couche avec une feuille r\u00e9fl\u00e9chissante qui renvoie la chaleur dans le four<\/li>\n<li>Thermom\u00e8tre de four avec une \u00e9chelle de 0 \u00e0 500\u00b0C<\/li>\n<li>Le four s\u2019adapte \u00e0 une casserole ou une casserole peu profonde mesurant 30 x 59 x 11 cm (largeur * profondeur * hauteur)<\/li>\n<li>Les trous au fond permettent \u00e0 la condensation de s\u2019\u00e9goutter du four si n\u00e9cessaire<\/li>\n<li>Transport\u00e9 en pi\u00e8ces, emball\u00e9 sur une base<\/li>\n<li>Temps de montage env. 15-20 minutes<\/li>\n<li>Pour une utilisation en ext\u00e9rieur<\/li>\n<li>Ne pas laisser sans surveillance si des mat\u00e9riaux inflammables se trouvent \u00e0 proximit\u00e9\u00a0!<\/li>\n<li>Pour des instructions d\u2019installation et d\u2019entretien plus d\u00e9taill\u00e9es, veuillez consulter le manuel d\u2019instructions du produit.<\/li>\n<li>NB\u00a0! La chemin\u00e9e en acier inoxydable du produit virera au violet par endroits sous l\u2019effet de la chaleur, ce qui n\u2019alt\u00e8re pas les caract\u00e9ristiques du produit.<\/li>\n<\/ul>\n<p>&nbsp;<\/p>\n<p>&nbsp;<\/p>\n<p><strong><u>Support Baso-inox-XL :<\/u><\/strong><\/p>\n<ul>\n<li>Grand et pratique, dimensions : 180 x 70 x 85 cm (largeur * profondeur * hauteur)<\/li>\n<li>Poids env. 68 kilogrammes\u00a0<strong>(avec four \u00e0 pizza 140 kg)<\/strong><\/li>\n<li>Mat\u00e9riau : acier inoxydable<\/li>\n<li>Environ 40-60 min de temps de montage<\/li>\n<li>Le four \u00e0 pizza peut \u00eatre install\u00e9 \u00e0 droite ou \u00e0 gauche de la table<\/li>\n<li>Diff\u00e9rentes surfaces pour les accessoires et le bois de chauffage<\/li>\n<li><strong>Le table est pr\u00eat \u00e0 \u00eatre roul\u00e9 ; les roulettes sont disponibles en option\u00a0<\/strong>(UGS: Wheels-100)<\/li>\n<li>La hauteur des pieds est r\u00e9glable en deux positions, garantissant que le plan de travail est \u00e0 la m\u00eame hauteur (85 cm) avec et sans roues<\/li>\n<li>La table de pr\u00e9paration \u00e0 bords hauts est un endroit id\u00e9al pour pr\u00e9parer de la p\u00e2te ou des pizzas<\/li>\n<\/ul>\n","protected":false},"excerpt":{"rendered":"<p><strong>Super prix. Valable sur le dernier produit en stock.<\/strong><\/p>\n<p>Le\u00a0<strong>Pizzo XL-set-inox<\/strong>\u00a0se compose d\u2019un four \u00e0 pizza\u00a0<strong>Pizzo-inox<\/strong>\u00a0et d\u2019un grand support\u00a0<strong>Baso-inox-XL<\/strong>. C\u2019est une excellente combinaison de contenu italien et de design pratique nordique. Quiconque a d\u00e9j\u00e0 mang\u00e9 une pizza cuite au feu de bois sait \u00e0 quoi s\u2019attendre ! Gr\u00e2ce \u00e0 la temp\u00e9rature \u00e9lev\u00e9e, jusqu\u2019\u00e0 400\u00b0C, les pizzas sont pr\u00eates en quelques minutes. La table de pr\u00e9paration vous permet de faire tout le travail de pr\u00e9paration juste \u00e0 c\u00f4t\u00e9 du four \u00e0 pizza.<\/p>\n<p>Le four \u00e0 pizza Pizzo ne sert pas seulement \u00e0 faire des pizzas, il convient \u00e0 la cuisson de p\u00e2tisseries et pains vari\u00e9s : pain blanc, pain de seigle, ciabatta\u2026 Gr\u00e2ce \u00e0 son excellente isolation thermique, le four reste chaud longtemps et permet de cuisiner une grande vari\u00e9t\u00e9 de plats.<\/p>\n<p><strong>Des roulettes peuvent \u00eatre fix\u00e9es au support, des roulettes sont disponibles en accessoire.<\/strong><\/p>\n<p>&nbsp;<\/p>\n","protected":false},"featured_media":20422,"comment_status":"open","ping_status":"closed","template":"","meta":{"footnotes":""},"class_list":["post-20136","product","type-product","status-publish","has-post-thumbnail","hentry","product_cat-fours-a-pizza-et-accessoires"],"_links":{"self":[{"href":"https:\/\/www.grillsymbol.com\/fr\/wp-json\/wp\/v2\/product\/20136","targetHints":{"allow":["GET"]}}],"collection":[{"href":"https:\/\/www.grillsymbol.com\/fr\/wp-json\/wp\/v2\/product"}],"about":[{"href":"https:\/\/www.grillsymbol.com\/fr\/wp-json\/wp\/v2\/types\/product"}],"replies":[{"embeddable":true,"href":"https:\/\/www.grillsymbol.com\/fr\/wp-json\/wp\/v2\/comments?post=20136"}],"version-history":[{"count":0,"href":"https:\/\/www.grillsymbol.com\/fr\/wp-json\/wp\/v2\/product\/20136\/revisions"}],"wp:featuredmedia":[{"embeddable":true,"href":"https:\/\/www.grillsymbol.com\/fr\/wp-json\/wp\/v2\/media\/20422"}],"wp:attachment":[{"href":"https:\/\/www.grillsymbol.com\/fr\/wp-json\/wp\/v2\/media?parent=20136"}],"curies":[{"name":"wp","href":"https:\/\/api.w.org\/{rel}","templated":true}]}}