{"id":20503,"date":"2023-04-04T11:02:41","date_gmt":"2023-04-04T11:02:42","guid":{"rendered":"https:\/\/www.grillsymbol.com\/?post_type=product&#038;p=20503"},"modified":"2023-06-07T06:22:19","modified_gmt":"2023-06-07T06:22:19","slug":"grillsymbol-plaque-bbq-classic-ftg-s-15-x-33-cm","status":"publish","type":"product","link":"https:\/\/www.grillsymbol.com\/fr\/shop\/accessoires-de-barbecue\/grillsymbol-plaque-bbq-classic-ftg-s-15-x-33-cm\/","title":{"rendered":"GrillSymbol Plaque BBQ Classic FTG-S 15&#215;33 cm"},"content":{"rendered":"<ul>\n<li>Fabriqu\u00e9 en acier lamin\u00e9 \u00e0 chaud de haute qualit\u00e9 de 5 mm<\/li>\n<li>Dimensions : 15 x 33 cm<\/li>\n<li>Poids 2 kg<\/li>\n<\/ul>\n<p>&nbsp;<\/p>\n<p>Avant utilisation, la plaque de cuisson a une couleur argent m\u00e9tallique, lorsqu\u2019elle est br\u00fbl\u00e9e ou utilis\u00e9e, la surface s\u2019assombrit et forme une couche protectrice.<\/p>\n<p>&nbsp;<\/p>\n","protected":false},"excerpt":{"rendered":"<p>Plaque de cuisson en acier, adapt\u00e9e aux grils GrillSymbol suivants : Chef, Chef-XL, Chef-NXS, Naked Chef et Naked Chef XL.<\/p>\n<p>Le FTG-S est une plaque de cuisson \u00e9troite qui s&rsquo;adapte \u00e0 c\u00f4t\u00e9 de la ou des grilles du gril dans les mod\u00e8les de gril Chef. Vous permet de faire frire une petite quantit\u00e9 de quelque chose qui ne peut pas \u00eatre fait sur une grille de gril. Oeuf, bacon, cr\u00eapes, etc.<\/p>\n<p>&nbsp;<\/p>\n","protected":false},"featured_media":20510,"comment_status":"open","ping_status":"closed","template":"","meta":{"footnotes":""},"class_list":["post-20503","product","type-product","status-publish","has-post-thumbnail","hentry","product_cat-accessoires-de-barbecue"],"_links":{"self":[{"href":"https:\/\/www.grillsymbol.com\/fr\/wp-json\/wp\/v2\/product\/20503","targetHints":{"allow":["GET"]}}],"collection":[{"href":"https:\/\/www.grillsymbol.com\/fr\/wp-json\/wp\/v2\/product"}],"about":[{"href":"https:\/\/www.grillsymbol.com\/fr\/wp-json\/wp\/v2\/types\/product"}],"replies":[{"embeddable":true,"href":"https:\/\/www.grillsymbol.com\/fr\/wp-json\/wp\/v2\/comments?post=20503"}],"version-history":[{"count":0,"href":"https:\/\/www.grillsymbol.com\/fr\/wp-json\/wp\/v2\/product\/20503\/revisions"}],"wp:featuredmedia":[{"embeddable":true,"href":"https:\/\/www.grillsymbol.com\/fr\/wp-json\/wp\/v2\/media\/20510"}],"wp:attachment":[{"href":"https:\/\/www.grillsymbol.com\/fr\/wp-json\/wp\/v2\/media?parent=20503"}],"curies":[{"name":"wp","href":"https:\/\/api.w.org\/{rel}","templated":true}]}}