{"id":20711,"date":"2023-04-06T08:32:02","date_gmt":"2023-04-06T08:32:03","guid":{"rendered":"https:\/\/www.grillsymbol.com\/?post_type=product&#038;p=20711"},"modified":"2025-04-06T12:38:08","modified_gmt":"2025-04-06T12:38:08","slug":"grillsymbol-plaque-bbq-classic-ftg-48-x-33-cm","status":"publish","type":"product","link":"https:\/\/www.grillsymbol.com\/fr\/shop\/accessoires-de-barbecue\/grillsymbol-plaque-bbq-classic-ftg-48-x-33-cm\/","title":{"rendered":"GrillSymbol Plaque BBQ Classic FTG 48 x 33 cm"},"content":{"rendered":"<ul>\n<li>Fabriqu\u00e9 en acier lamin\u00e9 \u00e0 chaud de haute qualit\u00e9 de 5 mm<\/li>\n<li>Dimensions : 48 x 33 cm<\/li>\n<li>Poign\u00e9es solides, faciles et pratiques \u00e0 soulever et \u00e0 nettoyer<\/li>\n<li>Poids 6 kg<\/li>\n<\/ul>\n<p>&nbsp;<\/p>\n<p>Avant utilisation, la plaque de cuisson a une couleur argent m\u00e9tallique, lorsqu\\&rsquo;elle est br\u00fbl\u00e9e ou utilis\u00e9e, la surface s\\&rsquo;assombrit et forme une couche protectrice.<\/p>\n<p>&nbsp;<\/p>\n","protected":false},"excerpt":{"rendered":"<p>Plaque de cuisson en acier, adapt\u00e9e aux grils GrillSymbol suivants : Chef, Chef-XL, Chef-NXS, Naked Chef et Naked Chef XL.<\/p>\n<p>Cuire des hamburgers, du bacon, des cr\u00eapes, des steaks, des l\u00e9gumes et des fruits de mer &#8211; la plaque BBQ est id\u00e9ale pour cela.<\/p>\n<p>&nbsp;<\/p>\n","protected":false},"featured_media":20715,"comment_status":"open","ping_status":"closed","template":"","meta":{"footnotes":""},"class_list":["post-20711","product","type-product","status-publish","has-post-thumbnail","hentry","product_cat-accessoires-de-barbecue"],"_links":{"self":[{"href":"https:\/\/www.grillsymbol.com\/fr\/wp-json\/wp\/v2\/product\/20711","targetHints":{"allow":["GET"]}}],"collection":[{"href":"https:\/\/www.grillsymbol.com\/fr\/wp-json\/wp\/v2\/product"}],"about":[{"href":"https:\/\/www.grillsymbol.com\/fr\/wp-json\/wp\/v2\/types\/product"}],"replies":[{"embeddable":true,"href":"https:\/\/www.grillsymbol.com\/fr\/wp-json\/wp\/v2\/comments?post=20711"}],"version-history":[{"count":0,"href":"https:\/\/www.grillsymbol.com\/fr\/wp-json\/wp\/v2\/product\/20711\/revisions"}],"wp:featuredmedia":[{"embeddable":true,"href":"https:\/\/www.grillsymbol.com\/fr\/wp-json\/wp\/v2\/media\/20715"}],"wp:attachment":[{"href":"https:\/\/www.grillsymbol.com\/fr\/wp-json\/wp\/v2\/media?parent=20711"}],"curies":[{"name":"wp","href":"https:\/\/api.w.org\/{rel}","templated":true}]}}