{"id":20726,"date":"2023-04-06T08:40:04","date_gmt":"2023-04-06T08:40:06","guid":{"rendered":"https:\/\/www.grillsymbol.com\/?post_type=product&#038;p=20726"},"modified":"2023-05-30T12:26:33","modified_gmt":"2023-05-30T12:26:33","slug":"grillsymbol-plaque-bbq-classic-ftg-xxl-38-x-61-cm","status":"publish","type":"product","link":"https:\/\/www.grillsymbol.com\/fr\/shop\/accessoires-de-barbecue\/grillsymbol-plaque-bbq-classic-ftg-xxl-38-x-61-cm\/","title":{"rendered":"GrillSymbol Plaque BBQ Classic FTG-XXL 38 x 61 cm"},"content":{"rendered":"<ul>\n<li>Fabriqu\u00e9 en acier lamin\u00e9 \u00e0 chaud de haute qualit\u00e9 de 5 mm<\/li>\n<li>Dimensions : 38 x 61 cm<\/li>\n<li>Poign\u00e9es solides, faciles et pratiques \u00e0 soulever et \u00e0 nettoyer<\/li>\n<li>Poids 6 kg<\/li>\n<\/ul>\n<p>&nbsp;<\/p>\n<p>Avant utilisation, la plaque de cuisson a une couleur argent m\u00e9tallique, lorsqu\u2019elle est br\u00fbl\u00e9e ou utilis\u00e9e, la surface s\u2019assombrit et forme une couche protectrice.<\/p>\n","protected":false},"excerpt":{"rendered":"<p>Plaque de cuisson en acier, adapt\u00e9e aux grils GrillSymbol suivants : Chef-XXL, Chef-XXL Silver.<\/p>\n<p>Cuire des hamburgers, du bacon, des cr\u00eapes, des steaks, des l\u00e9gumes et des fruits de mer \u2013 la plaque BBQ est id\u00e9ale pour cela.<\/p>\n<p>&nbsp;<\/p>\n","protected":false},"featured_media":20730,"comment_status":"open","ping_status":"closed","template":"","meta":{"footnotes":""},"class_list":["post-20726","product","type-product","status-publish","has-post-thumbnail","hentry","product_cat-accessoires-de-barbecue"],"_links":{"self":[{"href":"https:\/\/www.grillsymbol.com\/fr\/wp-json\/wp\/v2\/product\/20726","targetHints":{"allow":["GET"]}}],"collection":[{"href":"https:\/\/www.grillsymbol.com\/fr\/wp-json\/wp\/v2\/product"}],"about":[{"href":"https:\/\/www.grillsymbol.com\/fr\/wp-json\/wp\/v2\/types\/product"}],"replies":[{"embeddable":true,"href":"https:\/\/www.grillsymbol.com\/fr\/wp-json\/wp\/v2\/comments?post=20726"}],"version-history":[{"count":0,"href":"https:\/\/www.grillsymbol.com\/fr\/wp-json\/wp\/v2\/product\/20726\/revisions"}],"wp:featuredmedia":[{"embeddable":true,"href":"https:\/\/www.grillsymbol.com\/fr\/wp-json\/wp\/v2\/media\/20730"}],"wp:attachment":[{"href":"https:\/\/www.grillsymbol.com\/fr\/wp-json\/wp\/v2\/media?parent=20726"}],"curies":[{"name":"wp","href":"https:\/\/api.w.org\/{rel}","templated":true}]}}