{"id":20898,"date":"2023-04-24T08:16:53","date_gmt":"2023-04-24T08:16:53","guid":{"rendered":"https:\/\/www.grillsymbol.com\/?post_type=product&#038;p=20898"},"modified":"2023-04-24T08:55:34","modified_gmt":"2023-04-24T08:55:34","slug":"grillsymbol-brochettes-3-pcs-x-37-cm","status":"publish","type":"product","link":"https:\/\/www.grillsymbol.com\/fr\/shop\/accessoires-de-barbecue\/grillsymbol-brochettes-3-pcs-x-37-cm\/","title":{"rendered":"GrillSymbol Brochettes 3 pcs x 37 cm"},"content":{"rendered":"<ul>\n<li>3 pi\u00e8ces<\/li>\n<li>Fabriqu\u00e9 en acier inoxydable de 3 mm<\/li>\n<li>Longueur 37 cm (partie droite 30 cm)<\/li>\n<li>Extr\u00e9mit\u00e9 effil\u00e9e &#8211; facile \u00e0 retirer la viande du b\u00e2ton<\/li>\n<li>Convient aux mod\u00e8les Big Green Egg et Kamado Joe L, XL et XXL<\/li>\n<\/ul>\n<p>&nbsp;<\/p>\n<p>&nbsp;<\/p>\n","protected":false},"excerpt":{"rendered":"<p>Les brochettes sont en acier inoxydable \u00e9pais. En raison de leurs dimensions, ils conviennent aux mod\u00e8les Big Green Egg et Kamado Joe L, XL et XXL. 3 pi\u00e8ces dans l\\&rsquo;ensemble.<\/p>\n<p>&nbsp;<\/p>\n<p>&nbsp;<\/p>\n","protected":false},"featured_media":22734,"comment_status":"open","ping_status":"closed","template":"","meta":{"footnotes":""},"class_list":["post-20898","product","type-product","status-publish","has-post-thumbnail","hentry","product_cat-accessoires-de-barbecue"],"_links":{"self":[{"href":"https:\/\/www.grillsymbol.com\/fr\/wp-json\/wp\/v2\/product\/20898","targetHints":{"allow":["GET"]}}],"collection":[{"href":"https:\/\/www.grillsymbol.com\/fr\/wp-json\/wp\/v2\/product"}],"about":[{"href":"https:\/\/www.grillsymbol.com\/fr\/wp-json\/wp\/v2\/types\/product"}],"replies":[{"embeddable":true,"href":"https:\/\/www.grillsymbol.com\/fr\/wp-json\/wp\/v2\/comments?post=20898"}],"version-history":[{"count":0,"href":"https:\/\/www.grillsymbol.com\/fr\/wp-json\/wp\/v2\/product\/20898\/revisions"}],"wp:featuredmedia":[{"embeddable":true,"href":"https:\/\/www.grillsymbol.com\/fr\/wp-json\/wp\/v2\/media\/22734"}],"wp:attachment":[{"href":"https:\/\/www.grillsymbol.com\/fr\/wp-json\/wp\/v2\/media?parent=20898"}],"curies":[{"name":"wp","href":"https:\/\/api.w.org\/{rel}","templated":true}]}}