{"id":20994,"date":"2023-04-25T07:19:54","date_gmt":"2023-04-25T07:19:55","guid":{"rendered":"https:\/\/www.grillsymbol.com\/?post_type=product&#038;p=20994"},"modified":"2023-05-04T12:12:59","modified_gmt":"2023-05-04T12:12:59","slug":"petteri-wiimaa-jardiniere-en-acier-corten-lilly-s","status":"publish","type":"product","link":"https:\/\/www.grillsymbol.com\/fr\/shop\/jardinieres-en-acier-corten\/petteri-wiimaa-jardiniere-en-acier-corten-lilly-s\/","title":{"rendered":"Petteri Wiimaa Jardini\u00e8re en acier Corten Lilly-S"},"content":{"rendered":"<p>&nbsp;<\/p>\n<ul>\n<li>Mat\u00e9riau : acier Cor-Ten de 2 mm<\/li>\n<li>Mesures : 100 x 22 x 40 cm<\/li>\n<li>Poids : ca 20 kg<\/li>\n<li>Trous de drainage au fond de jardini\u00e8re<\/li>\n<li>Le produit est livr\u00e9 non assembl\u00e9, temps de montage estim\u00e9 20 min<\/li>\n<\/ul>\n<p><strong>\u00a0<\/strong><\/p>\n<p>Les produits COR-TEN\u00ae peuvent \u00eatre stock\u00e9s \u00e0 l&rsquo;ext\u00e9rieur toute l&rsquo;ann\u00e9e. Ne n\u00e9cessite pas de stockage.<\/p>\n<p>&nbsp;<\/p>\n<blockquote class=\"wp-embedded-content\" data-secret=\"W7TkWOMDYB\"><p><a href=\"https:\/\/grillsymbol.com\/fr\/a-propos-des-differentes-poeles\/instructions-de-vieillissement-des-produits-en-acier-cor-ten\/\">Instructions de vieillissement des produits en acier COR-TEN\u00ae<\/a><\/p><\/blockquote>\n<p><iframe loading=\"lazy\" class=\"wp-embedded-content\" sandbox=\"allow-scripts\" security=\"restricted\" style=\"position: absolute; clip: rect(1px, 1px, 1px, 1px);\" title=\"\u00ab\u00a0Instructions de vieillissement des produits en acier COR-TEN\u00ae\u00a0\u00bb &#8212; GrillSymbol\" src=\"https:\/\/grillsymbol.com\/fr\/a-propos-des-differentes-poeles\/instructions-de-vieillissement-des-produits-en-acier-cor-ten\/embed\/#?secret=W7TkWOMDYB\" data-secret=\"W7TkWOMDYB\" width=\"600\" height=\"338\" frameborder=\"0\" marginwidth=\"0\" marginheight=\"0\" scrolling=\"no\"><\/iframe><\/p>\n","protected":false},"excerpt":{"rendered":"<p>Lilly-S est comme un \u00e9l\u00e9ment de design dans votre jardin. Ses dimensions permettent de s\u00e9parer les zones et de cr\u00e9er des \u00ab\u00a0murs de s\u00e9paration\u00a0\u00bb. Le fond \u00e9troit n&rsquo;occupe qu&rsquo;une petite partie du sol. Formez une rang\u00e9e et changez la fonctionnalit\u00e9 de votre terrasse rapidement et avec style !<\/p>\n<p>L\u2019acier CorTen est un acier au carbone presque pur mais trait\u00e9 de mani\u00e8re \u00e0 avoir une couche protectrice sur la surface pour la rendre r\u00e9sistante aux intemp\u00e9ries. La surface est \u00e0 l\u2019origine gris\u00e2tre, puis elle devient brun rouge\u00e2tre (ressemble \u00e0 la couleur de la rouille), qui devient plus fonc\u00e9e avec le temps. S\u2019il est utilis\u00e9 correctement, l\u2019acier Cor-Ten est expressif, durable et sans entretien et peut tenir le temps \u00e0 sa mani\u00e8re unique.<\/p>\n<p><strong>Design : Petteri Wiimaa<\/strong><\/p>\n<p>&nbsp;<\/p>\n<p>&nbsp;<\/p>\n","protected":false},"featured_media":23967,"comment_status":"open","ping_status":"closed","template":"","meta":{"footnotes":""},"class_list":["post-20994","product","type-product","status-publish","has-post-thumbnail","hentry","product_cat-jardinieres-modulaires","product_cat-jardinieres-en-acier-corten"],"_links":{"self":[{"href":"https:\/\/www.grillsymbol.com\/fr\/wp-json\/wp\/v2\/product\/20994","targetHints":{"allow":["GET"]}}],"collection":[{"href":"https:\/\/www.grillsymbol.com\/fr\/wp-json\/wp\/v2\/product"}],"about":[{"href":"https:\/\/www.grillsymbol.com\/fr\/wp-json\/wp\/v2\/types\/product"}],"replies":[{"embeddable":true,"href":"https:\/\/www.grillsymbol.com\/fr\/wp-json\/wp\/v2\/comments?post=20994"}],"version-history":[{"count":0,"href":"https:\/\/www.grillsymbol.com\/fr\/wp-json\/wp\/v2\/product\/20994\/revisions"}],"wp:featuredmedia":[{"embeddable":true,"href":"https:\/\/www.grillsymbol.com\/fr\/wp-json\/wp\/v2\/media\/23967"}],"wp:attachment":[{"href":"https:\/\/www.grillsymbol.com\/fr\/wp-json\/wp\/v2\/media?parent=20994"}],"curies":[{"name":"wp","href":"https:\/\/api.w.org\/{rel}","templated":true}]}}