{"id":21028,"date":"2023-04-25T08:21:46","date_gmt":"2023-04-25T08:21:47","guid":{"rendered":"https:\/\/www.grillsymbol.com\/?post_type=product&#038;p=21028"},"modified":"2023-05-08T11:06:20","modified_gmt":"2023-05-08T11:06:20","slug":"grillsymbol-couvercle-en-acier-inoxydable-pour-luna","status":"publish","type":"product","link":"https:\/\/www.grillsymbol.com\/fr\/shop\/braseros-en-acier-corten\/grillsymbol-couvercle-en-acier-inoxydable-pour-luna\/","title":{"rendered":"GrillSymbol Couvercle en acier inoxydable pour Luna"},"content":{"rendered":"<p><strong>\u00a0<\/strong><\/p>\n<ul>\n<li>Fabriqu\u00e9 en acier inoxydable<\/li>\n<li>Diam\u00e8tre 79 cm<\/li>\n<li>Poids 8 kg<\/li>\n<li>Parties en bois des poign\u00e9es : ch\u00eane teint\u00e9<\/li>\n<li>Les coins de fixation du couvercle sont fix\u00e9s avec des boulons M6<\/li>\n<li>Temps de montage estim\u00e9 5-10 min<\/li>\n<\/ul>\n","protected":false},"excerpt":{"rendered":"<p>Couvercle en acier inoxydable pour brasero Luna. Le couvercle donne au produit un aspect plus esth\u00e9tique et cache le foyer \u00e0 l&rsquo;int\u00e9rieur du brasero. Cela vous permet \u00e9galement de garder le brasero principalement au sec.<\/p>\n<p>Design: Petteri Wiimaa<\/p>\n<p>&nbsp;<\/p>\n<p>&nbsp;<\/p>\n<p>&nbsp;<\/p>\n","protected":false},"featured_media":21031,"comment_status":"open","ping_status":"closed","template":"","meta":{"footnotes":""},"class_list":["post-21028","product","type-product","status-publish","has-post-thumbnail","hentry","product_cat-braseros-en-acier-corten"],"_links":{"self":[{"href":"https:\/\/www.grillsymbol.com\/fr\/wp-json\/wp\/v2\/product\/21028","targetHints":{"allow":["GET"]}}],"collection":[{"href":"https:\/\/www.grillsymbol.com\/fr\/wp-json\/wp\/v2\/product"}],"about":[{"href":"https:\/\/www.grillsymbol.com\/fr\/wp-json\/wp\/v2\/types\/product"}],"replies":[{"embeddable":true,"href":"https:\/\/www.grillsymbol.com\/fr\/wp-json\/wp\/v2\/comments?post=21028"}],"version-history":[{"count":0,"href":"https:\/\/www.grillsymbol.com\/fr\/wp-json\/wp\/v2\/product\/21028\/revisions"}],"wp:featuredmedia":[{"embeddable":true,"href":"https:\/\/www.grillsymbol.com\/fr\/wp-json\/wp\/v2\/media\/21031"}],"wp:attachment":[{"href":"https:\/\/www.grillsymbol.com\/fr\/wp-json\/wp\/v2\/media?parent=21028"}],"curies":[{"name":"wp","href":"https:\/\/api.w.org\/{rel}","templated":true}]}}