{"id":21849,"date":"2023-08-24T11:44:50","date_gmt":"2023-08-24T11:44:52","guid":{"rendered":"https:\/\/www.grillsymbol.com\/?post_type=product&#038;p=21849"},"modified":"2026-04-29T06:39:03","modified_gmt":"2026-04-29T06:39:03","slug":"grillsymbol-cheminee-dexterieur-a-bois-amigo","status":"publish","type":"product","link":"https:\/\/www.grillsymbol.com\/fr\/shop\/braseros-en-acier-corten\/grillsymbol-cheminee-dexterieur-a-bois-amigo\/","title":{"rendered":"GrillSymbol Chemin\u00e9e d&rsquo;ext\u00e9rieur \u00e0 bois Amigo"},"content":{"rendered":"<ul>\n<li>Dimensions : 210 x 41 x 54 cm (hauteur x largeur x profondeur)<\/li>\n<li>Poids env. 50 kg<\/li>\n<li>Mat\u00e9riau : acier Cor-Ten de 3 mm<\/li>\n<li>Porte avec verre r\u00e9sistant \u00e0 la chaleur (taille de la fen\u00eatre 177 x 177 mm)<\/li>\n<li>Dimensions plaque de cuisson en acier <strong>S355<\/strong> : 33 x 30 cm<\/li>\n<li>La chemin\u00e9e se compose de deux parties, peut \u00eatre utilis\u00e9e comme haute et basse<\/li>\n<li>Trous de drainage au fond du foyer<\/li>\n<li>Livr\u00e9 en pi\u00e8ces<\/li>\n<li>Temps de montage 15-20 min<\/li>\n<\/ul>\n<p>&nbsp;<\/p>\n<p><strong>Amigo<\/strong> est le compagnon id\u00e9al de votre voyage culinaire : trouvez une petite chaise, du temps, des casseroles et des po\u00eales, et la cuisine peut commencer ! La hauteur du plan de travail est de 66 cm, ce qui est exactement la hauteur id\u00e9ale pour s\\&rsquo;asseoir \u00e0 c\u00f4t\u00e9 de la chemin\u00e9e sur une chaise d\\&rsquo;environ 40 cm de hauteur.<\/p>\n<p>&nbsp;<\/p>\n<p><strong>Pour une utilisation en ext\u00e9rieur<\/strong>. Le produit peut \u00eatre install\u00e9 sur une base en bois si la base de la chemin\u00e9e est correctement ignifuge et si les exigences de s\u00e9curit\u00e9 incendie sp\u00e9cifiques au pays sont respect\u00e9es.<\/p>\n<p>&nbsp;<\/p>\n<p><strong>Ne laissez pas sans surveillance s\\&rsquo;il y a des mat\u00e9riaux inflammables \u00e0 proximit\u00e9\u00a0!<\/strong><\/p>\n<p>&nbsp;<\/p>\n<p>La chemin\u00e9e d\u2019ext\u00e9rieur est en acier Cor-Ten. S\u2019il est utilis\u00e9 correctement, l\u2019acier Cor-Ten est expressif, durable et sans entretien et peut tenir le temps \u00e0 sa mani\u00e8re unique. La surface est \u00e0 l\u2019origine gris\u00e2tre, puis elle devient brun rouge\u00e2tre (ressemble \u00e0 la couleur de la rouille), qui devient plus fonc\u00e9e avec le temps.<\/p>\n<p>&nbsp;<\/p>\n<p>&nbsp;<\/p>\n<p>NB ! Les produits en acier Cor-Ten sont livr\u00e9s non trait\u00e9s. Lorsqu\u2019il est neuf, l\u2019acier Cor-Ten est de couleur grise comme l\u2019acier lamin\u00e9 \u00e0 chaud habituel. Vous pouvez trouver les instructions de vieillissement sur notre site Web ou vous pouvez les scanner directement sur le produit. Les produits en acier Cor-Ten peuvent \u00eatre stock\u00e9s \u00e0 l\u2019ext\u00e9rieur toute l\u2019ann\u00e9e. Ne n\u00e9cessite pas de stockage.<\/p>\n<p>&nbsp;<\/p>\n<p>&nbsp;<\/p>\n<h5><a href=\"https:\/\/www.grillsymbol.com\/fr\/a-propos-des-differentes-poeles\/instructions-de-vieillissement-des-produits-en-acier-cor-ten\/\" target=\"_blank\" rel=\"noopener\">Regardez ici : Instructions de vieillissement des produits en acier Cor-Ten<\/a><\/h5>\n","protected":false},"excerpt":{"rendered":"<p>La chemin\u00e9e d\\&rsquo;ext\u00e9rieur <strong>Amigo<\/strong> a le sang chaud, comme son nom l\\&rsquo;indique ! Compl\u00e8tement pratique et \u00e9l\u00e9gant ! Votre nouvel ami Amigo travaille dur et veille \u00e0 ce que la vie ne s\\&rsquo;arr\u00eate pas sans \u00e9lectricit\u00e9 &#8211; l\\&rsquo;essentiel est d\\&rsquo;avoir du bois de chauffage \u00e0 port\u00e9e de main.<\/p>\n<p>Cuisinez ou profitez simplement de la chaleur.<\/p>\n<p>Amigo s\\&rsquo;adapte aussi bien \u00e0 la terrasse d\\&rsquo;une villa luxueuse qu\\&rsquo;\u00e0 la cour d\\&rsquo;un cottage. Supporte courageusement le froid, la pluie, la neige et le vent. \u00c0 travers la porte vitr\u00e9e, Amigo diffuse une lumi\u00e8re chaleureuse.<\/p>\n<p><strong>Design : Petteri Wiimaa.<\/strong><\/p>\n<p>&nbsp;<\/p>\n","protected":false},"featured_media":21852,"comment_status":"open","ping_status":"closed","template":"","meta":{"footnotes":""},"class_list":["post-21849","product","type-product","status-publish","has-post-thumbnail","hentry","product_cat-braseros-en-acier-corten"],"_links":{"self":[{"href":"https:\/\/www.grillsymbol.com\/fr\/wp-json\/wp\/v2\/product\/21849","targetHints":{"allow":["GET"]}}],"collection":[{"href":"https:\/\/www.grillsymbol.com\/fr\/wp-json\/wp\/v2\/product"}],"about":[{"href":"https:\/\/www.grillsymbol.com\/fr\/wp-json\/wp\/v2\/types\/product"}],"replies":[{"embeddable":true,"href":"https:\/\/www.grillsymbol.com\/fr\/wp-json\/wp\/v2\/comments?post=21849"}],"version-history":[{"count":2,"href":"https:\/\/www.grillsymbol.com\/fr\/wp-json\/wp\/v2\/product\/21849\/revisions"}],"predecessor-version":[{"id":35835,"href":"https:\/\/www.grillsymbol.com\/fr\/wp-json\/wp\/v2\/product\/21849\/revisions\/35835"}],"wp:featuredmedia":[{"embeddable":true,"href":"https:\/\/www.grillsymbol.com\/fr\/wp-json\/wp\/v2\/media\/21852"}],"wp:attachment":[{"href":"https:\/\/www.grillsymbol.com\/fr\/wp-json\/wp\/v2\/media?parent=21849"}],"curies":[{"name":"wp","href":"https:\/\/api.w.org\/{rel}","templated":true}]}}