{"id":22198,"date":"2023-10-31T08:16:12","date_gmt":"2023-10-31T08:16:15","guid":{"rendered":"https:\/\/www.grillsymbol.com\/?post_type=product&#038;p=22198"},"modified":"2023-12-18T13:10:32","modified_gmt":"2023-12-18T13:10:32","slug":"outlet-grillsymbol-barbecue-fumoir-smoky-beast-xl-echantillon","status":"publish","type":"product","link":"https:\/\/www.grillsymbol.com\/fr\/shop\/outlet-fr\/outlet-grillsymbol-barbecue-fumoir-smoky-beast-xl-echantillon\/","title":{"rendered":"OUTLET GrillSymbol Barbecue fumoir Smoky Beast  XL (\u00e9chantillon)"},"content":{"rendered":"<p><strong>Sp\u00e9cifications techniques du BBQ-Fumoir :<\/strong><\/p>\n<p>Le prix comprend tous les extras: case pour charbon (2x), module pour briquette de gril et \u00e9tag\u00e8res int\u00e9gr\u00e9es.<\/p>\n<p>&nbsp;<\/p>\n<ul>\n<li>BBQ-Fumoir est en acier Cor-Ten de 3 mm, il p\u00e8se 200 kg.<\/li>\n<li>Livr\u00e9 assembl\u00e9, seul les chemin\u00e9es doivent \u00eatre attach\u00e9es apr\u00e8s la livraison.<\/li>\n<li>L&rsquo;espace de cuisson et le foyer sont s\u00e9parables, les chemin\u00e9es sont s\u00e9parables.<\/li>\n<li>BBQ-Fumoir n&rsquo;est pas color\u00e9.<\/li>\n<li>Le cadre du fumeur a des roues d&rsquo;un diam\u00e8tre de 10 cm, ce qui permet au fumeur de rouler sur un sol dur.<\/li>\n<li>Charni\u00e8res incassables (en acier inoxydable de 5 mm).<\/li>\n<li>Deux grilles sur des plans diff\u00e9rents avec les dimensions suivantes: 118 \u00d7 60 cm et 118 \u00d7 50 cm. Le mat\u00e9riau est en acier inoxydable.<\/li>\n<li>La surface totale de deux grilles de ce mod\u00e8le est de 12\u00a0900 cm2 (1,29 m2).<\/li>\n<li>Capacit\u00e9 : le fumeur peut contenir environ 70 kg de viande \u00e0 la fois.<\/li>\n<li>Des chemin\u00e9es de chaque c\u00f4t\u00e9 assurent une r\u00e9partition \u00e9gale de la chaleur.<\/li>\n<li>De l&rsquo;eau est ajout\u00e9e au bain d&rsquo;eau avec un tuyau sp\u00e9cial et le fumeur n&rsquo;a pas besoin d&rsquo;\u00eatre ouvert pour cela.<\/li>\n<li>La graisse s&rsquo;\u00e9coule du fumoir le long d&rsquo;un drain et s&rsquo;\u00e9goutte dans un seau d&rsquo;\u00e9gouttement sp\u00e9cial.<\/li>\n<li>Les deux chemin\u00e9es ont des clapets coupe-feu en haut pour r\u00e9guler la temp\u00e9rature \u00e0 l&rsquo;int\u00e9rieur du fumoir.<\/li>\n<li>Le BBQ-fumoir dispose d&rsquo;un thermom\u00e8tre externe (sur une \u00e9chelle de 0 \u00e0 120 C).<\/li>\n<li>La profondeur du foyer est de 48 cm, le fond de celui-ci est une grille en fonte.<\/li>\n<li>Il y a une plaque chauffante de 20\u00d720 cm sur la partie avant du foyer o\u00f9 vous pouvez chauffer des sauces de vadrouille.<\/li>\n<li>La porte peut \u00eatre verrouill\u00e9e dans deux positions &#8211; c&rsquo;est un bon moyen de r\u00e9gler la temp\u00e9rature.<\/li>\n<li>La porte du foyer a une double paroi et elle est donc plus r\u00e9sistante \u00e0 la chaleur.<\/li>\n<\/ul>\n<p>&nbsp;<\/p>\n<p>\u00c0 propos du mat\u00e9riau du BBQ-Fumoir: L&rsquo;acier Cor-Ten est de l&rsquo;acier au carbone presque pur, mais il a \u00e9t\u00e9 trait\u00e9 pour fournir un rev\u00eatement r\u00e9sistant aux intemp\u00e9ries sur sa surface pour r\u00e9sister \u00e0 tous les temps. La surface est \u00e0 l&rsquo;origine gris\u00e2tre, puis elle devient brun rouge\u00e2tre (ressemble \u00e0 la couleur de la rouille), qui devient plus fonc\u00e9e avec le temps. Lorsqu&rsquo;il est utilis\u00e9 correctement, l&rsquo;acier Cor-Ten est vif, durable et sans entretien et r\u00e9siste au passage du temps d&rsquo;une mani\u00e8re unique.<\/p>\n<p>Les produits COR-TEN\u00ae peuvent \u00eatre stock\u00e9s \u00e0 l&rsquo;ext\u00e9rieur toute l&rsquo;ann\u00e9e. Ne n\u00e9cessite pas de stockage.<\/p>\n<p>&nbsp;<\/p>\n<h5><a href=\"https:\/\/www.grillsymbol.com\/fr\/a-propos-des-differentes-poeles\/instructions-de-vieillissement-des-produits-en-acier-cor-ten\/\" target=\"_blank\" rel=\"noopener\">Regardez ici : Instructions de vieillissement des produits en acier Cor-Ten<\/a><\/h5>\n","protected":false},"excerpt":{"rendered":"<p><strong>NB! C\u2019est un \u00e9chantillon de produit.<\/strong><\/p>\n<p>Barbecue-fumoir classique \u00e0 deux chemin\u00e9es avec une tr\u00e8s grande capacit\u00e9 pour offrir les meilleures exp\u00e9riences gustatives. Le fumoir est fait \u00e0 la main en acier Cor-Ten. Pour le grillage au barbecue, le fumoir peut \u00eatre chauff\u00e9 avec<strong> du bois de chauffage ou une briquette de gril. <\/strong>De plus, vous avez la possibilit\u00e9 d&rsquo;utiliser le fumoir comme gril au charbon de bois. Si pour fumer ou cuire au barbecue, la chaleur vient du foyer, alors pour faire le grillade, vous disposerez d&rsquo;un bac \u00e0 charbon sp\u00e9cial install\u00e9 sous les grilles.<\/p>\n<p>Smoky Beast XL a une capacit\u00e9 plus grande que les plus grands mod\u00e8les de fumoirs en c\u00e9ramique Kamado (appel\u00e9s XL, Big Joe \/ Pro Joe). La surface totale de deux grilles de ce mod\u00e8le est de 12 900 cm2 (1,29 m2). Le fumoir peut contenir environ 70 kg de viande \u00e0 la fois.<\/p>\n<p>Smoky Beast XL est utilis\u00e9 par les restaurants, les traiteurs et les chefs amateurs qui doivent nourrir des dizaines ou des centaines de personnes. Compte tenu de la capacit\u00e9 du four, il est possible de cuire plus de 200 portions de viande \u00e0 la fois.<\/p>\n<p>La couleur brun-rouge de l&rsquo;acier Cor-Ten est appari\u00e9e aux d\u00e9tails de l&rsquo;acier inoxydable. Le Smoky Beast XL se distingue clairement par son apparence impressionnante. Il attire encore plus l&rsquo;attention avec sa taille pure, le go\u00fbt des aliments pr\u00e9par\u00e9s avec le fumoir fait cependant fondre les c\u0153urs. Le bois de chauffage donne un go\u00fbt plus fum\u00e9, la briquette de gril moins mais vous pouvez combiner les deux.<\/p>\n<p>&nbsp;<\/p>\n","protected":false},"featured_media":20096,"comment_status":"open","ping_status":"closed","template":"","meta":{"footnotes":""},"class_list":["post-22198","product","type-product","status-publish","has-post-thumbnail","hentry","product_cat-outlet-fr"],"_links":{"self":[{"href":"https:\/\/www.grillsymbol.com\/fr\/wp-json\/wp\/v2\/product\/22198","targetHints":{"allow":["GET"]}}],"collection":[{"href":"https:\/\/www.grillsymbol.com\/fr\/wp-json\/wp\/v2\/product"}],"about":[{"href":"https:\/\/www.grillsymbol.com\/fr\/wp-json\/wp\/v2\/types\/product"}],"replies":[{"embeddable":true,"href":"https:\/\/www.grillsymbol.com\/fr\/wp-json\/wp\/v2\/comments?post=22198"}],"version-history":[{"count":0,"href":"https:\/\/www.grillsymbol.com\/fr\/wp-json\/wp\/v2\/product\/22198\/revisions"}],"wp:featuredmedia":[{"embeddable":true,"href":"https:\/\/www.grillsymbol.com\/fr\/wp-json\/wp\/v2\/media\/20096"}],"wp:attachment":[{"href":"https:\/\/www.grillsymbol.com\/fr\/wp-json\/wp\/v2\/media?parent=22198"}],"curies":[{"name":"wp","href":"https:\/\/api.w.org\/{rel}","templated":true}]}}