{"id":22600,"date":"2024-01-09T08:55:05","date_gmt":"2024-01-09T08:55:06","guid":{"rendered":"https:\/\/www.grillsymbol.com\/?post_type=product&#038;p=22600"},"modified":"2024-09-10T13:38:55","modified_gmt":"2024-09-10T13:38:55","slug":"grillsymbol-grille-support-pour-bruleur-a-gaz-30-cm","status":"publish","type":"product","link":"https:\/\/www.grillsymbol.com\/fr\/shop\/accessoires-et-couvercles-de-paella\/grillsymbol-grille-support-pour-bruleur-a-gaz-30-cm\/","title":{"rendered":"GrillSymbol Grille support pour br\u00fbleur \u00e0 gaz 30 cm"},"content":{"rendered":"<p>SA-30 convient aux mod\u00e8les \u00a0PRO-460\/PRO-450, PRO-450 CAT, B300 et TW-460.<\/p>\n","protected":false},"excerpt":{"rendered":"<p>Grille support universel en acier inoxydable. Convient pour une utilisation sur un br\u00fbleur \u00e0 gaz.<\/p>\n<p>La conception du support de br\u00fbleur \u00e0 gaz vous permet d\u2019y placer des casseroles et des po\u00eales de grande et de petite taille. Une telle solution rend l\u2019utilisation d\u2019un br\u00fbleur \u00e0 gaz multifonctionnelle. Placez la grille support sur le br\u00fbleur \u00e0 gaz et faites cuire les aliments \u00e0 l\u2019ext\u00e9rieur directement sur le feu \u00e0 gaz !<\/p>\n<p>&nbsp;<\/p>\n","protected":false},"featured_media":22606,"comment_status":"open","ping_status":"closed","template":"","meta":{"footnotes":""},"class_list":["post-22600","product","type-product","status-publish","has-post-thumbnail","hentry","product_cat-accessoires-et-couvercles-de-paella"],"_links":{"self":[{"href":"https:\/\/www.grillsymbol.com\/fr\/wp-json\/wp\/v2\/product\/22600","targetHints":{"allow":["GET"]}}],"collection":[{"href":"https:\/\/www.grillsymbol.com\/fr\/wp-json\/wp\/v2\/product"}],"about":[{"href":"https:\/\/www.grillsymbol.com\/fr\/wp-json\/wp\/v2\/types\/product"}],"replies":[{"embeddable":true,"href":"https:\/\/www.grillsymbol.com\/fr\/wp-json\/wp\/v2\/comments?post=22600"}],"version-history":[{"count":0,"href":"https:\/\/www.grillsymbol.com\/fr\/wp-json\/wp\/v2\/product\/22600\/revisions"}],"wp:featuredmedia":[{"embeddable":true,"href":"https:\/\/www.grillsymbol.com\/fr\/wp-json\/wp\/v2\/media\/22606"}],"wp:attachment":[{"href":"https:\/\/www.grillsymbol.com\/fr\/wp-json\/wp\/v2\/media?parent=22600"}],"curies":[{"name":"wp","href":"https:\/\/api.w.org\/{rel}","templated":true}]}}