{"id":22772,"date":"2024-01-11T17:01:53","date_gmt":"2024-01-11T17:01:54","guid":{"rendered":"https:\/\/grillsymbol.com\/?post_type=product&#038;p=22772"},"modified":"2024-09-11T11:28:11","modified_gmt":"2024-09-11T11:28:11","slug":"grillsymbol-brochettes-3-pcs-x-77-cm","status":"publish","type":"product","link":"https:\/\/www.grillsymbol.com\/fr\/shop\/accessoires-de-barbecue\/grillsymbol-brochettes-3-pcs-x-77-cm\/","title":{"rendered":"GrillSymbol Brochettes 3 pcs x 77 cm"},"content":{"rendered":"<ul>\n<li>3 pi\u00e8ces<\/li>\n<li>Fabriqu\u00e9 en acier inoxydable de 3 mm<\/li>\n<li>Longueur 77 cm (partie droite 70 cm)<\/li>\n<li>Extr\u00e9mit\u00e9 effil\u00e9e \u2013 facile \u00e0 retirer la viande du b\u00e2ton<\/li>\n<li>Ils sont compatibles avec les grils Naked Chef XXL de GrillSymbol.<\/li>\n<\/ul>\n","protected":false},"excerpt":{"rendered":"<p>Les brochettes sont en acier inoxydable \u00e9pais.<\/p>\n<p>Ils sont compatibles avec les grils Naked Chef XXL de GrillSymbol. 3 pi\u00e8ces dans l\u2019ensemble.<\/p>\n<p>&nbsp;<\/p>\n<p>&nbsp;<\/p>\n","protected":false},"featured_media":22794,"comment_status":"open","ping_status":"closed","template":"","meta":{"footnotes":""},"class_list":["post-22772","product","type-product","status-publish","has-post-thumbnail","hentry","product_cat-accessoires-de-barbecue"],"_links":{"self":[{"href":"https:\/\/www.grillsymbol.com\/fr\/wp-json\/wp\/v2\/product\/22772","targetHints":{"allow":["GET"]}}],"collection":[{"href":"https:\/\/www.grillsymbol.com\/fr\/wp-json\/wp\/v2\/product"}],"about":[{"href":"https:\/\/www.grillsymbol.com\/fr\/wp-json\/wp\/v2\/types\/product"}],"replies":[{"embeddable":true,"href":"https:\/\/www.grillsymbol.com\/fr\/wp-json\/wp\/v2\/comments?post=22772"}],"version-history":[{"count":0,"href":"https:\/\/www.grillsymbol.com\/fr\/wp-json\/wp\/v2\/product\/22772\/revisions"}],"wp:featuredmedia":[{"embeddable":true,"href":"https:\/\/www.grillsymbol.com\/fr\/wp-json\/wp\/v2\/media\/22794"}],"wp:attachment":[{"href":"https:\/\/www.grillsymbol.com\/fr\/wp-json\/wp\/v2\/media?parent=22772"}],"curies":[{"name":"wp","href":"https:\/\/api.w.org\/{rel}","templated":true}]}}