{"id":23120,"date":"2024-01-18T13:57:03","date_gmt":"2024-01-18T13:57:04","guid":{"rendered":"https:\/\/grillsymbol.com\/?post_type=product&#038;p=23120"},"modified":"2024-02-08T13:29:01","modified_gmt":"2024-02-08T13:29:01","slug":"grillsymbol-rangement-de-bois-woodstock-l-inox-6037170-cm","status":"publish","type":"product","link":"https:\/\/www.grillsymbol.com\/fr\/shop\/rangement-de-bois\/grillsymbol-rangement-de-bois-woodstock-l-inox-6037170-cm\/","title":{"rendered":"GrillSymbol Rangement de bois WoodStock L inox 60*37*170 cm"},"content":{"rendered":"<ul>\n<li>Mat\u00e9riau : acier inoxydable<\/li>\n<li>Largeur : 60 cm<\/li>\n<li>Profondeur : 37 cm<\/li>\n<li>Hauteur : 170 cm<\/li>\n<li>Poids : 40 kg<\/li>\n<li>Capacit\u00e9 : 0,4 m\u00b3 de bois de chauffage<\/li>\n<li>Le produit est livr\u00e9 en pieces<\/li>\n<li>Le montage prend environ 20-30 minutes<\/li>\n<li>Il est possible d&rsquo;acheter 1 \u00e9tag\u00e8re suppl\u00e9mentaire pour chaque section (code produit WSR)<\/li>\n<\/ul>\n<p>&nbsp;<\/p>\n<p><strong>NB! Pour des raisons de s\u00e9curit\u00e9, l&rsquo;\u00e9tag\u00e8re doit \u00eatre fix\u00e9 au sol. Fixateurs appropri\u00e9s : chevilles \u00e0 b\u00e9ton M8 (pour le b\u00e9ton) ou vis plus grosses pour les surfaces en bois.<\/strong><\/p>\n<p>&nbsp;<\/p>\n","protected":false},"excerpt":{"rendered":"<p><strong>WoodStock L est une \u00e9tag\u00e8re modulaire pour le stockage du bois de chauffage.<\/strong> Elle peut \u00eatre utilis\u00e9e comme s\u00e9parateur pour s\u00e9parer les zones de jardin ou de terrasse car les \u00e9tag\u00e8res modulaires peuvent \u00eatre connect\u00e9s ensemble. Des modules suppl\u00e9mentaires peuvent \u00eatre achet\u00e9s s\u00e9par\u00e9ment. Un montage rapide et une apparence spectaculaire.<\/p>\n<p><strong>Design : Petteri Wiimaa<\/strong><\/p>\n<p>&nbsp;<\/p>\n","protected":false},"featured_media":23125,"comment_status":"open","ping_status":"closed","template":"","meta":{"footnotes":""},"class_list":["post-23120","product","type-product","status-publish","has-post-thumbnail","hentry","product_cat-rangement-de-bois"],"_links":{"self":[{"href":"https:\/\/www.grillsymbol.com\/fr\/wp-json\/wp\/v2\/product\/23120","targetHints":{"allow":["GET"]}}],"collection":[{"href":"https:\/\/www.grillsymbol.com\/fr\/wp-json\/wp\/v2\/product"}],"about":[{"href":"https:\/\/www.grillsymbol.com\/fr\/wp-json\/wp\/v2\/types\/product"}],"replies":[{"embeddable":true,"href":"https:\/\/www.grillsymbol.com\/fr\/wp-json\/wp\/v2\/comments?post=23120"}],"version-history":[{"count":0,"href":"https:\/\/www.grillsymbol.com\/fr\/wp-json\/wp\/v2\/product\/23120\/revisions"}],"wp:featuredmedia":[{"embeddable":true,"href":"https:\/\/www.grillsymbol.com\/fr\/wp-json\/wp\/v2\/media\/23125"}],"wp:attachment":[{"href":"https:\/\/www.grillsymbol.com\/fr\/wp-json\/wp\/v2\/media?parent=23120"}],"curies":[{"name":"wp","href":"https:\/\/api.w.org\/{rel}","templated":true}]}}