{"id":23157,"date":"2024-01-18T14:19:52","date_gmt":"2024-01-18T14:19:53","guid":{"rendered":"https:\/\/grillsymbol.com\/?post_type=product&#038;p=23157"},"modified":"2024-09-10T13:54:03","modified_gmt":"2024-09-10T13:54:03","slug":"grillsymbol-grille-support-pour-bruleur-a-gaz-40-cm","status":"publish","type":"product","link":"https:\/\/www.grillsymbol.com\/fr\/shop\/accessoires-et-couvercles-de-paella\/grillsymbol-grille-support-pour-bruleur-a-gaz-40-cm\/","title":{"rendered":"GrillSymbol Grille support pour br\u00fbleur \u00e0 gaz 40 et 60 cm"},"content":{"rendered":"<p>SA-40 convient aux mod\u00e8les PRO-580, PRO-545, PRO-545 CAT, PRO-720, PRO-675, Basic-580, B400, B600, TW-580, TW-720 et TW-960.<\/p>\n","protected":false},"excerpt":{"rendered":"<p>Grille support universel en acier inoxydable. Convient pour une utilisation sur un br\u00fbleur \u00e0 gaz.<\/p>\n<p>La conception du support de br\u00fbleur \u00e0 gaz vous permet d\u2019y placer des casseroles et des po\u00eales de grande et de petite taille. Une telle solution rend l\u2019utilisation d\u2019un br\u00fbleur \u00e0 gaz multifonctionnelle. Placez la grille support sur le br\u00fbleur \u00e0 gaz et faites cuire les aliments \u00e0 l\u2019ext\u00e9rieur directement sur le feu \u00e0 gaz !<\/p>\n<p>&nbsp;<\/p>\n","protected":false},"featured_media":23163,"comment_status":"open","ping_status":"closed","template":"","meta":{"footnotes":""},"class_list":["post-23157","product","type-product","status-publish","has-post-thumbnail","hentry","product_cat-accessoires-et-couvercles-de-paella"],"_links":{"self":[{"href":"https:\/\/www.grillsymbol.com\/fr\/wp-json\/wp\/v2\/product\/23157","targetHints":{"allow":["GET"]}}],"collection":[{"href":"https:\/\/www.grillsymbol.com\/fr\/wp-json\/wp\/v2\/product"}],"about":[{"href":"https:\/\/www.grillsymbol.com\/fr\/wp-json\/wp\/v2\/types\/product"}],"replies":[{"embeddable":true,"href":"https:\/\/www.grillsymbol.com\/fr\/wp-json\/wp\/v2\/comments?post=23157"}],"version-history":[{"count":0,"href":"https:\/\/www.grillsymbol.com\/fr\/wp-json\/wp\/v2\/product\/23157\/revisions"}],"wp:featuredmedia":[{"embeddable":true,"href":"https:\/\/www.grillsymbol.com\/fr\/wp-json\/wp\/v2\/media\/23163"}],"wp:attachment":[{"href":"https:\/\/www.grillsymbol.com\/fr\/wp-json\/wp\/v2\/media?parent=23157"}],"curies":[{"name":"wp","href":"https:\/\/api.w.org\/{rel}","templated":true}]}}