{"id":23195,"date":"2024-01-19T06:42:39","date_gmt":"2024-01-19T06:42:40","guid":{"rendered":"https:\/\/grillsymbol.com\/?post_type=product&#038;p=23195"},"modified":"2024-08-22T07:50:09","modified_gmt":"2024-08-22T07:50:09","slug":"grillsymbol-grille-support-pour-bruleur-a-gaz-50-cm","status":"publish","type":"product","link":"https:\/\/www.grillsymbol.com\/fr\/shop\/accessoires-et-couvercles-de-paella\/grillsymbol-grille-support-pour-bruleur-a-gaz-50-cm\/","title":{"rendered":"GrillSymbol Grille support pour br\u00fbleur \u00e0 gaz 50 cm"},"content":{"rendered":"<p>SA-50 convient aux mod\u00e8les Expert-720, B500.<\/p>\n<p>&nbsp;<\/p>\n","protected":false},"excerpt":{"rendered":"<p>Grille support universel en acier inoxydable. Convient pour une utilisation sur un br\u00fbleur \u00e0 gaz.<\/p>\n<p>La conception du support de br\u00fbleur \u00e0 gaz vous permet d&rsquo;y placer des casseroles et des po\u00eales de grande et de petite taille. Une telle solution rend l&rsquo;utilisation d&rsquo;un br\u00fbleur \u00e0 gaz multifonctionnelle. Placez la grille support sur le br\u00fbleur \u00e0 gaz et faites cuire les aliments \u00e0 l&rsquo;ext\u00e9rieur directement sur le feu \u00e0 gaz !<\/p>\n","protected":false},"featured_media":23201,"comment_status":"open","ping_status":"closed","template":"","meta":{"footnotes":""},"class_list":["post-23195","product","type-product","status-publish","has-post-thumbnail","hentry","product_cat-accessoires-et-couvercles-de-paella"],"_links":{"self":[{"href":"https:\/\/www.grillsymbol.com\/fr\/wp-json\/wp\/v2\/product\/23195","targetHints":{"allow":["GET"]}}],"collection":[{"href":"https:\/\/www.grillsymbol.com\/fr\/wp-json\/wp\/v2\/product"}],"about":[{"href":"https:\/\/www.grillsymbol.com\/fr\/wp-json\/wp\/v2\/types\/product"}],"replies":[{"embeddable":true,"href":"https:\/\/www.grillsymbol.com\/fr\/wp-json\/wp\/v2\/comments?post=23195"}],"version-history":[{"count":0,"href":"https:\/\/www.grillsymbol.com\/fr\/wp-json\/wp\/v2\/product\/23195\/revisions"}],"wp:featuredmedia":[{"embeddable":true,"href":"https:\/\/www.grillsymbol.com\/fr\/wp-json\/wp\/v2\/media\/23201"}],"wp:attachment":[{"href":"https:\/\/www.grillsymbol.com\/fr\/wp-json\/wp\/v2\/media?parent=23195"}],"curies":[{"name":"wp","href":"https:\/\/api.w.org\/{rel}","templated":true}]}}