{"id":23280,"date":"2024-01-23T13:50:23","date_gmt":"2024-01-23T13:50:25","guid":{"rendered":"https:\/\/grillsymbol.com\/?post_type=product&#038;p=23280"},"modified":"2026-03-31T16:14:49","modified_gmt":"2026-03-31T16:14:49","slug":"grillsymbol-brasero-en-acier-corten-sverre","status":"publish","type":"product","link":"https:\/\/www.grillsymbol.com\/fr\/shop\/braseros-en-acier-corten\/grillsymbol-brasero-en-acier-corten-sverre\/","title":{"rendered":"GrillSymbol Brasero en acier Corten Sverre"},"content":{"rendered":"<p><strong>Sp\u00e9cifications techniques:<\/strong><\/p>\n<p>&nbsp;<\/p>\n<ul>\n<li>Mat\u00e9riau : acier Cor-Ten de 2 mm<\/li>\n<li>Dimensions : 48 x 48 cm<\/li>\n<li>Hauteur au-dessus du sol : 55 cm<\/li>\n<li>Poids : 15 kg<\/li>\n<\/ul>\n<p><strong>\u00a0<\/strong><\/p>\n<p>Le produit ne doit pas \u00eatre install\u00e9 sur une base en bois car le foyer deviendra chaud pendant le feu. Il y a des trous au fond du foyer d\\&rsquo;o\u00f9 peuvent tomber de petits morceaux de charbon. Les trous dans le fond fonctionnent comme des trous de drainage pour emp\u00eacher l\\&rsquo;eau stagnante de s\\&rsquo;accumuler \u00e0 l\\&rsquo;int\u00e9rieur du foyer.<\/p>\n<p>&nbsp;<\/p>\n<p>NB ! Les produits en acier Cor-Ten sont livr\u00e9s non trait\u00e9s. Lorsqu\u2019il est neuf, l\u2019acier Cor-Ten est de couleur grise comme l\u2019acier lamin\u00e9 \u00e0 chaud habituel. Vous pouvez trouver les instructions de vieillissement sur notre site Web ou vous pouvez les scanner directement sur le produit. Les produits en acier Cor-Ten peuvent \u00eatre stock\u00e9s \u00e0 l\u2019ext\u00e9rieur toute l\u2019ann\u00e9e. Ne n\u00e9cessite pas de stockage.<\/p>\n<p>&nbsp;<\/p>\n<h5><a href=\"https:\/\/www.grillsymbol.com\/fr\/a-propos-des-differentes-poeles\/instructions-de-vieillissement-des-produits-en-acier-cor-ten\/\" target=\"_blank\" rel=\"noopener\">Regardez ici : Instructions de vieillissement des produits en acier Cor-Ten<\/a><\/h5>\n","protected":false},"excerpt":{"rendered":"<p>Notre dernier foyer, Sverre, a un caract\u00e8re particulier par rapport \u00e0 ses pr\u00e9d\u00e9cesseurs. Con\u00e7u avec une approche moderne ax\u00e9e sur la conservation des mat\u00e9riaux et de la nature. Gr\u00e2ce \u00e0 son motif distinctif, il d\u00e9gage chaleur et lumi\u00e8re d\\&rsquo;une mani\u00e8re unique. La majorit\u00e9 des composants du mod\u00e8le Sverre sont fabriqu\u00e9s \u00e0 partir de d\u00e9chets de mat\u00e9riaux g\u00e9n\u00e9r\u00e9s lors de la production d\\&rsquo;autres produits. Nous nous effor\u00e7ons d\\&rsquo;utiliser les mat\u00e9riaux de mani\u00e8re efficace, en minimisant notre empreinte environnementale.<\/p>\n<p><strong>Design : Petteri Wiimaa.<\/strong><\/p>\n<p>Le foyer ext\u00e9rieur est en acier CorTen qui est un acier au carbone presque pur mais trait\u00e9 de mani\u00e8re \u00e0 avoir une couche protectrice sur la surface pour la rendre r\u00e9sistante aux intemp\u00e9ries. La surface est \u00e0 l\\&rsquo;origine gris\u00e2tre, puis elle devient brun rouge\u00e2tre (ressemble \u00e0 la couleur de la rouille), qui devient plus fonc\u00e9e avec le temps. S\\&rsquo;il est utilis\u00e9 correctement, l\\&rsquo;acier Cor-Ten est expressif, durable et sans entretien et peut tenir le temps \u00e0 sa mani\u00e8re unique.<\/p>\n<p>&nbsp;<\/p>\n","protected":false},"featured_media":23959,"comment_status":"open","ping_status":"closed","template":"","meta":{"footnotes":""},"class_list":["post-23280","product","type-product","status-publish","has-post-thumbnail","hentry","product_cat-braseros-en-acier-corten"],"_links":{"self":[{"href":"https:\/\/www.grillsymbol.com\/fr\/wp-json\/wp\/v2\/product\/23280","targetHints":{"allow":["GET"]}}],"collection":[{"href":"https:\/\/www.grillsymbol.com\/fr\/wp-json\/wp\/v2\/product"}],"about":[{"href":"https:\/\/www.grillsymbol.com\/fr\/wp-json\/wp\/v2\/types\/product"}],"replies":[{"embeddable":true,"href":"https:\/\/www.grillsymbol.com\/fr\/wp-json\/wp\/v2\/comments?post=23280"}],"version-history":[{"count":0,"href":"https:\/\/www.grillsymbol.com\/fr\/wp-json\/wp\/v2\/product\/23280\/revisions"}],"wp:featuredmedia":[{"embeddable":true,"href":"https:\/\/www.grillsymbol.com\/fr\/wp-json\/wp\/v2\/media\/23959"}],"wp:attachment":[{"href":"https:\/\/www.grillsymbol.com\/fr\/wp-json\/wp\/v2\/media?parent=23280"}],"curies":[{"name":"wp","href":"https:\/\/api.w.org\/{rel}","templated":true}]}}