{"id":23668,"date":"2024-03-31T07:04:35","date_gmt":"2024-03-31T07:04:35","guid":{"rendered":"https:\/\/www.grillsymbol.com\/?post_type=product&#038;p=23668"},"modified":"2024-03-31T07:11:51","modified_gmt":"2024-03-31T07:11:51","slug":"grillsymbol-panier-bois-de-chauffage-hugo-inox-o-58-cm","status":"publish","type":"product","link":"https:\/\/www.grillsymbol.com\/fr\/shop\/rangement-de-bois\/grillsymbol-panier-bois-de-chauffage-hugo-inox-o-58-cm\/","title":{"rendered":"GrillSymbol Panier bois de chauffage Hugo-inox, \u00f8 58 cm"},"content":{"rendered":"<ul>\n<li>Mat\u00e9riau : acier inoxydable de 3 mm<\/li>\n<li>Diam\u00e8tre : 58 cm<\/li>\n<li>Profondeur : 23 cm<\/li>\n<li>Poids : 9 kg<\/li>\n<li>Capacit\u00e9 : ca 3 sacs (40L) de bois de chauffage<\/li>\n<li>L\\&rsquo;ensemble contient les pieds et la poign\u00e9e<\/li>\n<li>Montage : ca 15 minutes<\/li>\n<\/ul>\n<p>&nbsp;<\/p>\n","protected":false},"excerpt":{"rendered":"<p><strong>Panier bois de chauffage Hugo\u00a0<\/strong><strong>convient aussi bien pour l\\&rsquo;int\u00e9rieur que pour la terrasse. <\/strong>Le panier est en acier inoxydable de 3 mm et il et compl\u00e8tement r\u00e9sistant aux intemp\u00e9ries. Peut \u00eatre utilis\u00e9 \u00e0 l\\&rsquo;int\u00e9rieur et \u00e0 l\\&rsquo;ext\u00e9rieur. Le montage est facile et rapide.<\/p>\n<p><strong>Design : Petteri Wiimaa<\/strong><\/p>\n<p>Les d\u00e9tails du panier bois de chauffage sont con\u00e7us de mani\u00e8re \u00e0 pouvoir \u00eatre produits \u00e0 partir des d\u00e9chets g\u00e9n\u00e9r\u00e9s lors de la production d\\&rsquo;autres produits. Nous voulons utiliser le mat\u00e9riau le plus efficacement possible et r\u00e9duire ainsi l\\&rsquo;impact environnemental.<\/p>\n","protected":false},"featured_media":23684,"comment_status":"open","ping_status":"closed","template":"","meta":{"footnotes":""},"class_list":["post-23668","product","type-product","status-publish","has-post-thumbnail","hentry","product_cat-rangement-de-bois"],"_links":{"self":[{"href":"https:\/\/www.grillsymbol.com\/fr\/wp-json\/wp\/v2\/product\/23668","targetHints":{"allow":["GET"]}}],"collection":[{"href":"https:\/\/www.grillsymbol.com\/fr\/wp-json\/wp\/v2\/product"}],"about":[{"href":"https:\/\/www.grillsymbol.com\/fr\/wp-json\/wp\/v2\/types\/product"}],"replies":[{"embeddable":true,"href":"https:\/\/www.grillsymbol.com\/fr\/wp-json\/wp\/v2\/comments?post=23668"}],"version-history":[{"count":0,"href":"https:\/\/www.grillsymbol.com\/fr\/wp-json\/wp\/v2\/product\/23668\/revisions"}],"wp:featuredmedia":[{"embeddable":true,"href":"https:\/\/www.grillsymbol.com\/fr\/wp-json\/wp\/v2\/media\/23684"}],"wp:attachment":[{"href":"https:\/\/www.grillsymbol.com\/fr\/wp-json\/wp\/v2\/media?parent=23668"}],"curies":[{"name":"wp","href":"https:\/\/api.w.org\/{rel}","templated":true}]}}