{"id":23805,"date":"2024-04-05T13:49:44","date_gmt":"2024-04-05T13:49:44","guid":{"rendered":"https:\/\/grillsymbol.com\/?post_type=product&#038;p=23805"},"modified":"2024-04-05T18:24:16","modified_gmt":"2024-04-05T18:24:16","slug":"grillsymbol-grille-de-cuisson-vege-griddle-50x33-cm","status":"publish","type":"product","link":"https:\/\/www.grillsymbol.com\/fr\/shop\/accessoires-de-barbecue\/grillsymbol-grille-de-cuisson-vege-griddle-50x33-cm\/","title":{"rendered":"GrillSymbol grille de cuisson Vege Griddle, 50&#215;33 cm"},"content":{"rendered":"<p>Ce qui rend la grille de cuisson Vege Griddle sp\u00e9ciale est le rapport entre la surface m\u00e9tallique et les espaces d&rsquo;air, qui emp\u00eachent les l\u00e9gumes de br\u00fbler en feu direct. La grille retient tr\u00e8s bien la chaleur gr\u00e2ce \u00e0 l&rsquo;\u00e9paisseur et au poids du mat\u00e9riau. Les lignes ondul\u00e9es laissent un motif int\u00e9ressant sur les l\u00e9gumes grill\u00e9s. La Vege Griddle convient \u00e9galement pour griller de la viande, du poisson, des burgers, etc.<\/p>\n<p>&nbsp;<\/p>\n<ul>\n<li>Mat\u00e9riau de la grille : acier lamin\u00e9 \u00e0 chaud de 5 mm<\/li>\n<li>Dimensions : 50 x 33 cm<\/li>\n<li>Poids : 5,3 kg<\/li>\n<\/ul>\n","protected":false},"excerpt":{"rendered":"<p><strong>Vege Griddle<\/strong> unique en acier de 5 mm avec un design pratique. Convient aux mod\u00e8les suivants :<\/p>\n<p>&nbsp;<\/p>\n<ul>\n<li>Chef<\/li>\n<li>Chef XL<\/li>\n<li>Naked Chef<\/li>\n<li>Naked Chef XS<\/li>\n<li>Naked Chef XL<\/li>\n<\/ul>\n<p>&nbsp;<\/p>\n","protected":false},"featured_media":23817,"comment_status":"open","ping_status":"closed","template":"","meta":{"footnotes":""},"class_list":["post-23805","product","type-product","status-publish","has-post-thumbnail","hentry","product_cat-accessoires-de-barbecue"],"_links":{"self":[{"href":"https:\/\/www.grillsymbol.com\/fr\/wp-json\/wp\/v2\/product\/23805","targetHints":{"allow":["GET"]}}],"collection":[{"href":"https:\/\/www.grillsymbol.com\/fr\/wp-json\/wp\/v2\/product"}],"about":[{"href":"https:\/\/www.grillsymbol.com\/fr\/wp-json\/wp\/v2\/types\/product"}],"replies":[{"embeddable":true,"href":"https:\/\/www.grillsymbol.com\/fr\/wp-json\/wp\/v2\/comments?post=23805"}],"version-history":[{"count":0,"href":"https:\/\/www.grillsymbol.com\/fr\/wp-json\/wp\/v2\/product\/23805\/revisions"}],"wp:featuredmedia":[{"embeddable":true,"href":"https:\/\/www.grillsymbol.com\/fr\/wp-json\/wp\/v2\/media\/23817"}],"wp:attachment":[{"href":"https:\/\/www.grillsymbol.com\/fr\/wp-json\/wp\/v2\/media?parent=23805"}],"curies":[{"name":"wp","href":"https:\/\/api.w.org\/{rel}","templated":true}]}}