{"id":23826,"date":"2024-04-05T18:17:23","date_gmt":"2024-04-05T18:17:23","guid":{"rendered":"https:\/\/grillsymbol.com\/?post_type=product&#038;p=23826"},"modified":"2024-04-05T18:23:39","modified_gmt":"2024-04-05T18:23:39","slug":"grillsymbol-grille-de-cuisson-meat-griddle-50x33-cm","status":"publish","type":"product","link":"https:\/\/www.grillsymbol.com\/fr\/shop\/accessoires-de-barbecue\/grillsymbol-grille-de-cuisson-meat-griddle-50x33-cm\/","title":{"rendered":"GrillSymbol grille de cuisson Meat Griddle, 50&#215;33 cm"},"content":{"rendered":"<p>Ce qui rend la grille de cuisson Meat Griddle sp\u00e9ciale, c\\&rsquo;est le rapport entre la surface m\u00e9tallique et les entrefers d\\&rsquo;air, qui emp\u00eache la viande de br\u00fbler en feu direct et donne au plat une belle couleur et un agr\u00e9able go\u00fbt de fum\u00e9e. La grille retient tr\u00e8s bien la chaleur gr\u00e2ce \u00e0 l\\&rsquo;\u00e9paisseur et au poids du mat\u00e9riau. Le motif diagonal donne un motif f\u00e9roce \u00e0 un steak ou un hamburger grill\u00e9. La Meat Griddle convient \u00e9galement pour griller du poisson, des l\u00e9gumes, etc.<\/p>\n<p>&nbsp;<\/p>\n<ul>\n<li>Mat\u00e9riau de la grille : acier lamin\u00e9 \u00e0 chaud de 5 mm<\/li>\n<li>Dimensions : 50 x 33 cm<\/li>\n<li>Poids : 5,3 kg<\/li>\n<\/ul>\n","protected":false},"excerpt":{"rendered":"<p><strong>Meat Griddle<\/strong> de conception pratique, en acier de 5 mm. Convient aux mod\u00e8les suivants :<\/p>\n<p>&nbsp;<\/p>\n<ul>\n<li>Chef<\/li>\n<li>Chef XL<\/li>\n<li>Naked Chef<\/li>\n<li>Naked Chef XS<\/li>\n<li>Naked Chef XL<\/li>\n<\/ul>\n<p>&nbsp;<\/p>\n","protected":false},"featured_media":23860,"comment_status":"open","ping_status":"closed","template":"","meta":{"footnotes":""},"class_list":["post-23826","product","type-product","status-publish","has-post-thumbnail","hentry","product_cat-accessoires-de-barbecue"],"_links":{"self":[{"href":"https:\/\/www.grillsymbol.com\/fr\/wp-json\/wp\/v2\/product\/23826","targetHints":{"allow":["GET"]}}],"collection":[{"href":"https:\/\/www.grillsymbol.com\/fr\/wp-json\/wp\/v2\/product"}],"about":[{"href":"https:\/\/www.grillsymbol.com\/fr\/wp-json\/wp\/v2\/types\/product"}],"replies":[{"embeddable":true,"href":"https:\/\/www.grillsymbol.com\/fr\/wp-json\/wp\/v2\/comments?post=23826"}],"version-history":[{"count":0,"href":"https:\/\/www.grillsymbol.com\/fr\/wp-json\/wp\/v2\/product\/23826\/revisions"}],"wp:featuredmedia":[{"embeddable":true,"href":"https:\/\/www.grillsymbol.com\/fr\/wp-json\/wp\/v2\/media\/23860"}],"wp:attachment":[{"href":"https:\/\/www.grillsymbol.com\/fr\/wp-json\/wp\/v2\/media?parent=23826"}],"curies":[{"name":"wp","href":"https:\/\/api.w.org\/{rel}","templated":true}]}}