{"id":23898,"date":"2024-05-30T06:06:39","date_gmt":"2024-05-30T06:06:41","guid":{"rendered":"https:\/\/www.grillsymbol.com\/?post_type=product&#038;p=23898"},"modified":"2025-07-13T21:15:25","modified_gmt":"2025-07-13T21:15:25","slug":"grillsymbol-barbecue-au-charbon-naked-chef-xl-set","status":"publish","type":"product","link":"https:\/\/www.grillsymbol.com\/fr\/shop\/bbq-fumoirs-et-barbecues-au-charbon\/grillsymbol-barbecue-au-charbon-naked-chef-xl-set\/","title":{"rendered":"GrillSymbol Barbecue au charbon Naked Chef XL Set avec accessoires inclus"},"content":{"rendered":"<ul>\n<li>Mat\u00e9riau : acier Corten de 3 mm<\/li>\n<li>Dimensions : 110 x 35 x 80 cm (largeur* profondeur* hauteur)<\/li>\n<li>Poids : 30 kg<\/li>\n<li>Surface de cuisson : 110 x 34 cm<\/li>\n<li>Les dimensions de la grille du gril sont d\\&rsquo;env. 40 x 33 cm (la version XL comprend deux grilles)<\/li>\n<li>Pour les grillades, utilisez du charbon de bois, des briquettes ou br\u00fblez vous-m\u00eame du charbon de bois<\/li>\n<li>Il y a des trous d\\&rsquo;a\u00e9ration sur les c\u00f4t\u00e9s du gril, qui assurent un bon \u00e9change d\\&rsquo;air<\/li>\n<li>Livr\u00e9 en pi\u00e8ces d\u00e9tach\u00e9es, temps de montage approximatif 30 min<\/li>\n<\/ul>\n<p>&nbsp;<\/p>\n<p>Accessoires inclus :<\/p>\n<ul>\n<li>Plaque de cuisson pour barbecue (acier) : ZZG<\/li>\n<li>Set Presse Burger et Plancha (acier) : BPS<\/li>\n<li>Po\u00eale en fonte : FP-16<\/li>\n<li>2 x Brochettes (3pcs) : SKEW-47<\/li>\n<\/ul>\n<p>&nbsp;<\/p>\n<p>\u00c9quipement suppl\u00e9mentaire :<\/p>\n<ul>\n<li>Couvercle pour Chef-NXL (acier inoxydable) : CL-XL<\/li>\n<li>Repose-Gril Classic (acier inoxydable): CG-1<\/li>\n<li>Plaque BBQ (acier) : FTG<\/li>\n<li>Ensemble de po\u00eale wok : WPS<\/li>\n<li>Set Presse Burger et Plancha (Inox) : BPSI<\/li>\n<li>Support interm\u00e9diaire\u00a0: CMR-XL<\/li>\n<\/ul>\n<p>&nbsp;<\/p>\n<p>&nbsp;<\/p>\n<p><strong>NB !<\/strong> Le produit ne doit pas \u00eatre install\u00e9 sur un socle en bois, car le gril comporte de petites ouvertures d\\&rsquo;o\u00f9 une petite quantit\u00e9 de cendres ou d\\&rsquo;\u00e9tincelles peut tomber.<\/p>\n<p>&nbsp;<\/p>\n<p>NB ! Les produits en acier Cor-Ten sont livr\u00e9s non trait\u00e9s. Lorsqu\u2019il est neuf, l\u2019acier Cor-Ten est de couleur grise comme l\u2019acier lamin\u00e9 \u00e0 chaud habituel. Vous pouvez trouver les instructions de vieillissement sur notre site Web ou vous pouvez les scanner directement sur le produit. Les produits en acier Cor-Ten peuvent \u00eatre stock\u00e9s \u00e0 l\u2019ext\u00e9rieur toute l\u2019ann\u00e9e. Ne n\u00e9cessite pas de stockage.<\/p>\n<p>&nbsp;<\/p>\n<h5><a href=\"https:\/\/www.grillsymbol.com\/fr\/a-propos-des-differentes-poeles\/instructions-de-vieillissement-des-produits-en-acier-cor-ten\/\" target=\"_blank\" rel=\"noopener\">Regardez ici : Instructions de vieillissement des produits en acier Cor-Ten<\/a><\/h5>\n","protected":false},"excerpt":{"rendered":"<p><strong>Set avec les accessoires inclus.<\/strong><\/p>\n<p>Le barbecue au charbon Naked Chef XL est un barbecue\/gril \u00e0 saucisses haut de gamme fabriqu\u00e9 \u00e0 partir de mat\u00e9riaux durables et de haute qualit\u00e9. En 2024, nous avons lanc\u00e9 un nouveau mod\u00e8le plus fonctionnel que son pr\u00e9d\u00e9cesseur.<\/p>\n<p>Les pieds du gril et les petits d\u00e9tails sont con\u00e7us de mani\u00e8re \u00e0 pouvoir \u00eatre fabriqu\u00e9s \u00e0 partir de r\u00e9sidus de production d\\&rsquo;autres produits. Nous voulons utiliser le mat\u00e9riau le plus efficacement possible et r\u00e9duire ainsi l\\&rsquo;impact environnemental.<\/p>\n<p>Nous proposons une large gamme d\\&rsquo;accessoires pour le barbecue au charbon Chef-NXL.<\/p>\n","protected":false},"featured_media":23059,"comment_status":"open","ping_status":"closed","template":"","meta":{"footnotes":""},"class_list":["post-23898","product","type-product","status-publish","has-post-thumbnail","hentry","product_cat-bbq-fumoirs-et-barbecues-au-charbon"],"_links":{"self":[{"href":"https:\/\/www.grillsymbol.com\/fr\/wp-json\/wp\/v2\/product\/23898","targetHints":{"allow":["GET"]}}],"collection":[{"href":"https:\/\/www.grillsymbol.com\/fr\/wp-json\/wp\/v2\/product"}],"about":[{"href":"https:\/\/www.grillsymbol.com\/fr\/wp-json\/wp\/v2\/types\/product"}],"replies":[{"embeddable":true,"href":"https:\/\/www.grillsymbol.com\/fr\/wp-json\/wp\/v2\/comments?post=23898"}],"version-history":[{"count":0,"href":"https:\/\/www.grillsymbol.com\/fr\/wp-json\/wp\/v2\/product\/23898\/revisions"}],"wp:featuredmedia":[{"embeddable":true,"href":"https:\/\/www.grillsymbol.com\/fr\/wp-json\/wp\/v2\/media\/23059"}],"wp:attachment":[{"href":"https:\/\/www.grillsymbol.com\/fr\/wp-json\/wp\/v2\/media?parent=23898"}],"curies":[{"name":"wp","href":"https:\/\/api.w.org\/{rel}","templated":true}]}}