{"id":23981,"date":"2024-08-07T07:59:37","date_gmt":"2024-08-07T07:59:39","guid":{"rendered":"https:\/\/www.grillsymbol.com\/?post_type=product&#038;p=23981"},"modified":"2026-03-29T09:41:06","modified_gmt":"2026-03-29T09:41:06","slug":"grillsymbol-brasero-en-acier-corten-legend-oe-88-cm","status":"publish","type":"product","link":"https:\/\/www.grillsymbol.com\/fr\/shop\/braseros-en-acier-corten\/grillsymbol-brasero-en-acier-corten-legend-oe-88-cm\/","title":{"rendered":"GrillSymbol Brasero en acier Corten Legend \u00f8 88 cm"},"content":{"rendered":"<ul>\n<li>Le foyer ext\u00e9rieur au bois se compose de deux parties : le panneau ext\u00e9rieur et le foyer<\/li>\n<li>Mat\u00e9riau : acier Cor-Ten de 3 mm<\/li>\n<li>Diam\u00e8tre : 88 cm<\/li>\n<li>Hauteur : 31 cm<\/li>\n<li>Le cercle int\u00e9rieur peut \u00eatre retir\u00e9 et nettoy\u00e9 (diam\u00e8tre 43 cm)<\/li>\n<li>Poids total : 36 kg<\/li>\n<li>Le foyer ext\u00e9rieur au bois est soutenu au sol par trois pieds<\/li>\n<li>Gr\u00e2ce \u00e0 sa taille, il est adapt\u00e9 \u00e0 une utilisation dans les lieux publics : terrasses de restaurants, centres de golf, etc.<\/li>\n<\/ul>\n<p>&nbsp;<\/p>\n<p>Le produit ne doit pas \u00eatre install\u00e9 sur une base en bois car le foyer deviendra chaud pendant le feu. Il y a des trous au fond du foyer d&rsquo;o\u00f9 peuvent tomber de petits morceaux de charbon. Les trous dans le fond fonctionnent comme des trous de drainage pour emp\u00eacher l&rsquo;eau stagnante de s&rsquo;accumuler \u00e0 l&rsquo;int\u00e9rieur du foyer.<\/p>\n<p>&nbsp;<\/p>\n<p>NB ! Les produits en acier Cor-Ten sont livr\u00e9s non trait\u00e9s. Lorsqu\u2019il est neuf, l\u2019acier Cor-Ten est de couleur grise comme l\u2019acier lamin\u00e9 \u00e0 chaud habituel. Vous pouvez trouver les instructions de vieillissement sur notre site Web ou vous pouvez les scanner directement sur le produit. Les produits en acier Cor-Ten peuvent \u00eatre stock\u00e9s \u00e0 l\u2019ext\u00e9rieur toute l\u2019ann\u00e9e. Ne n\u00e9cessite pas de stockage.<\/p>\n<p>&nbsp;<\/p>\n<p>&nbsp;<\/p>\n<h5><a href=\"https:\/\/www.grillsymbol.com\/fr\/a-propos-des-differentes-poeles\/instructions-de-vieillissement-des-produits-en-acier-cor-ten\/\" target=\"_blank\" rel=\"noopener\">Regardez ici : Instructions de vieillissement des produits en acier Cor-Ten<\/a><\/h5>\n","protected":false},"excerpt":{"rendered":"<p>Foyer ext\u00e9rieur Legend. Les l\u00e9gendes ne se produisent pas simplement, elles sont cr\u00e9\u00e9es.<\/p>\n<p><strong>Design : Petteri Wiimaa.<\/strong><\/p>\n<p>Le foyer est en acier Cor-Ten qui est un acier au carbone presque pur mais trait\u00e9 de mani\u00e8re \u00e0 avoir une couche protectrice sur la surface pour la rendre r\u00e9sistante aux intemp\u00e9ries. La surface est \u00e0 l&rsquo;origine gris\u00e2tre, puis elle devient brun rouge\u00e2tre (ressemble \u00e0 la couleur de la rouille), qui devient plus fonc\u00e9e avec le temps. S&rsquo;il est utilis\u00e9 correctement, l&rsquo;acier Cor-Ten est expressif, durable et sans entretien et peut tenir le temps \u00e0 sa mani\u00e8re unique.<\/p>\n<p>&nbsp;<\/p>\n","protected":false},"featured_media":12620,"comment_status":"open","ping_status":"closed","template":"","meta":{"footnotes":""},"class_list":["post-23981","product","type-product","status-publish","has-post-thumbnail","hentry","product_cat-braseros-en-acier-corten"],"_links":{"self":[{"href":"https:\/\/www.grillsymbol.com\/fr\/wp-json\/wp\/v2\/product\/23981","targetHints":{"allow":["GET"]}}],"collection":[{"href":"https:\/\/www.grillsymbol.com\/fr\/wp-json\/wp\/v2\/product"}],"about":[{"href":"https:\/\/www.grillsymbol.com\/fr\/wp-json\/wp\/v2\/types\/product"}],"replies":[{"embeddable":true,"href":"https:\/\/www.grillsymbol.com\/fr\/wp-json\/wp\/v2\/comments?post=23981"}],"version-history":[{"count":0,"href":"https:\/\/www.grillsymbol.com\/fr\/wp-json\/wp\/v2\/product\/23981\/revisions"}],"wp:featuredmedia":[{"embeddable":true,"href":"https:\/\/www.grillsymbol.com\/fr\/wp-json\/wp\/v2\/media\/12620"}],"wp:attachment":[{"href":"https:\/\/www.grillsymbol.com\/fr\/wp-json\/wp\/v2\/media?parent=23981"}],"curies":[{"name":"wp","href":"https:\/\/api.w.org\/{rel}","templated":true}]}}