{"id":24429,"date":"2024-11-06T11:51:02","date_gmt":"2024-11-06T11:51:02","guid":{"rendered":"https:\/\/www.grillsymbol.com\/?post_type=product&#038;p=24429"},"modified":"2024-11-06T11:59:22","modified_gmt":"2024-11-06T11:59:22","slug":"grillsymbol-barbecue-au-charbon-naked-chef-xs-silver","status":"publish","type":"product","link":"https:\/\/www.grillsymbol.com\/fr\/shop\/bbq-fumoirs-et-barbecues-au-charbon\/grillsymbol-barbecue-au-charbon-naked-chef-xs-silver\/","title":{"rendered":"GrillSymbol Barbecue au charbon Naked Chef XS Silver"},"content":{"rendered":"<ul>\n<li>Mat\u00e9riau : acier inoxydable de 3 mm<\/li>\n<li>Mesures: 55 x 35 x 77 cm (largeur * profondeur * hauteur)<\/li>\n<li>Poids: 14 kg<\/li>\n<li>Surface de cuisson: 54 x 34 cm<\/li>\n<li>L\\&rsquo;ensemble comprend une grille en acier inoxydable (dimensions : 40 x 34 cm)<\/li>\n<li>Naked Chef NXS peut \u00eatre utilis\u00e9 comme gril de table (sans pieds hauts)<\/li>\n<li>Les pieds hauts peuvent \u00eatre fix\u00e9s avec des boulons<\/li>\n<li>Le produit est livr\u00e9 en pi\u00e8ces d\u00e9tach\u00e9es, temps de montage approximatif 15-20 min<\/li>\n<li>Au fond du gril, il y a de petits trous pour le drainage de l\\&rsquo;eau<\/li>\n<li>Les grilles et la po\u00eale wok sont disponibles en tant qu\\&rsquo;accessoires (UGS des accessoires : ZZG, CG-1, WPS)<\/li>\n<li><strong>Les accessoires montr\u00e9s sur les photos, tels que les brochettes, les plaques de cuisson, etc., ne sont pas inclus (produits compatibles : FTG-S; PL-28; PLI-28; SKEW-47)<\/strong><\/li>\n<\/ul>\n<p>&nbsp;<\/p>\n<p>&nbsp;<\/p>\n<p><strong>NB!<\/strong> Le produit ne doit pas \u00eatre install\u00e9 sur un socle en bois, car le gril comporte de petites ouvertures d\\&rsquo;o\u00f9 une petite quantit\u00e9 de cendres ou d\\&rsquo;\u00e9tincelles peut tomber.<\/p>\n<h5><\/h5>\n","protected":false},"excerpt":{"rendered":"<p>Naked Chef XS Silver est un gril \u00e0 charbon petit et compact. De petite taille, mais assez grand pour mettre 2-3 kg de viande sur le gril en m\u00eame temps et organiser une petite soir\u00e9e barbecue entre amis !<\/p>\n<p>Pour griller, utilisez du charbon de bois, des briquettes ou br\u00fblez vous-m\u00eame du charbon de bois. Le gril est en acier inoxydable de 3 mm, ce qui maintient la temp\u00e9rature stable pendant la cuisson.<\/p>\n<p>&nbsp;<\/p>\n","protected":false},"featured_media":26357,"comment_status":"open","ping_status":"closed","template":"","meta":{"footnotes":""},"class_list":["post-24429","product","type-product","status-publish","has-post-thumbnail","hentry","product_cat-bbq-fumoirs-et-barbecues-au-charbon"],"_links":{"self":[{"href":"https:\/\/www.grillsymbol.com\/fr\/wp-json\/wp\/v2\/product\/24429","targetHints":{"allow":["GET"]}}],"collection":[{"href":"https:\/\/www.grillsymbol.com\/fr\/wp-json\/wp\/v2\/product"}],"about":[{"href":"https:\/\/www.grillsymbol.com\/fr\/wp-json\/wp\/v2\/types\/product"}],"replies":[{"embeddable":true,"href":"https:\/\/www.grillsymbol.com\/fr\/wp-json\/wp\/v2\/comments?post=24429"}],"version-history":[{"count":0,"href":"https:\/\/www.grillsymbol.com\/fr\/wp-json\/wp\/v2\/product\/24429\/revisions"}],"wp:featuredmedia":[{"embeddable":true,"href":"https:\/\/www.grillsymbol.com\/fr\/wp-json\/wp\/v2\/media\/26357"}],"wp:attachment":[{"href":"https:\/\/www.grillsymbol.com\/fr\/wp-json\/wp\/v2\/media?parent=24429"}],"curies":[{"name":"wp","href":"https:\/\/api.w.org\/{rel}","templated":true}]}}