{"id":24458,"date":"2022-12-05T12:20:31","date_gmt":"2024-11-07T11:10:52","guid":{"rendered":"https:\/\/www.grillsymbol.com\/?post_type=product&#038;p=24458"},"modified":"2026-03-26T10:12:16","modified_gmt":"2026-03-26T10:12:16","slug":"petteri-wiimaa-nichoir-station-support-mural","status":"publish","type":"product","link":"https:\/\/www.grillsymbol.com\/fr\/shop\/mangeoires-et-nichoirs-a-oiseaux\/petteri-wiimaa-nichoir-station-support-mural\/","title":{"rendered":"Petteri Wiimaa Nichoir Station + support mural"},"content":{"rendered":"<p><strong>D\u00e9tails du produit :<\/strong><\/p>\n<ul>\n<li>Mat\u00e9riau : acier Cor-Ten de 2 mm<\/li>\n<li>Dimensions ext\u00e9rieures\u00a0: 66\u00a0x\u00a030\u00a0x\u00a024\u00a0cm<\/li>\n<li>Dimensions du coin repas 59 x 30 cm<\/li>\n<li>Poids : ca 10 kg<\/li>\n<li>Comprend : un c\u00e2ble m\u00e9tallique de suspension en acier inoxydable de 3 mm, un cache-c\u00e2ble, des arr\u00eats de c\u00e2ble, un bol d\u2019alimentation pour oiseaux et support mural<\/li>\n<li>Le produit est livr\u00e9 en pi\u00e8ces<\/li>\n<li>Le temps de montage : ca 15-20 min<\/li>\n<\/ul>\n<p>&nbsp;<\/p>\n<p><strong>NB! C\u2019est un produit lourd ! Lors de l\u2019installation, observez l\u2019exigence de s\u00e9curit\u00e9 :<\/strong><\/p>\n<p><strong>\u00a0<\/strong><\/p>\n<ul>\n<li>Choisissez le bon endroit pour la maison afin d\u2019\u00e9viter les cons\u00e9quences d\u2019une installation ou d\u2019une utilisation inappropri\u00e9e (par exemple, ne convient pas \u00e0 une aire de jeux pour enfants ou \u00e0 une aire de loisirs en terrasse, etc.). Les oiseaux aussi ont besoin d\u2019un peu d\u2019intimit\u00e9.<\/li>\n<li>Serrez fermement les arr\u00eats du c\u00e2ble m\u00e9tallique afin que le c\u00e2ble de suspension ne c\u00e8de pas au point de fixation.<\/li>\n<li>Assurez-vous que le c\u00e2ble ne glisse pas sur le point de fixation (branche d\u2019arbre, poutre, boucle de fixation). Assurez-vous \u00e9galement que le c\u00e2ble ne glisse pas par vent fort, car la maison se balance avec le vent.<\/li>\n<li>Assurez-vous que le cache-c\u00e2ble en plastique prot\u00e8ge le c\u00e2ble l\u00e0 o\u00f9 elle entre en contact avec le m\u00e9tal.<\/li>\n<li>V\u00e9rifiez annuellement l\u2019usure du c\u00e2ble m\u00e9tallique. Si vous voyez des brins cass\u00e9s, remplacez le c\u00e2ble m\u00e9tallique\u00a0!<\/li>\n<\/ul>\n<p>&nbsp;<\/p>\n<p>NB ! Les produits en acier Cor-Ten sont livr\u00e9s non trait\u00e9s. Lorsqu\u2019il est neuf, l\u2019acier Cor-Ten est de couleur grise comme l\u2019acier lamin\u00e9 \u00e0 chaud habituel. Vous pouvez trouver les instructions de vieillissement sur notre site Web ou vous pouvez les scanner directement sur le produit. Les produits en acier Cor-Ten peuvent \u00eatre stock\u00e9s \u00e0 l\u2019ext\u00e9rieur toute l\u2019ann\u00e9e. Ne n\u00e9cessite pas de stockage.<\/p>\n<p>&nbsp;<\/p>\n<p>&nbsp;<\/p>\n<h5><a href=\"https:\/\/www.grillsymbol.com\/fr\/a-propos-des-differentes-poeles\/instructions-de-vieillissement-des-produits-en-acier-cor-ten\/\" target=\"_blank\" rel=\"noopener\">Regardez ici : Instructions de vieillissement des produits en acier Cor-Ten<\/a><\/h5>\n","protected":false},"excerpt":{"rendered":"<p>\u00ab Rencontrons-nous et prenons un bon repas au restaurant\u00a0? O\u00f9 il y a assez d\u2019espace et o\u00f9 il n\u2019y a pas de pluie ou de neige qui tombe sur votre t\u00eate\u00a0?\u00a0\u00bb<\/p>\n<p><strong>Station<\/strong>\u00a0est parfait pour \u00e7a !<\/p>\n<p>L\u2019un des plus grands restaurants d\u2019oiseaux de son genre \u2013 jusqu\u2019\u00e0 30 x 60 cm ! Vous n\u2019avez pas \u00e0 vous soucier de r\u00e9server la table, car le bol \u00e0 manger est de taille tr\u00e8s appropri\u00e9e. Un toit au-dessus, des perchoirs des deux c\u00f4t\u00e9s, une \u00e9pinette du nord, o\u00f9 grimper, sur le toit \u2013 de quoi d\u2019autre avez-vous besoin, oiseau ? Peut-\u00eatre juste plus de boules de graisse\u2026<\/p>\n<p><strong>Design: Petteri Wiimaa<\/strong><\/p>\n","protected":false},"featured_media":23231,"comment_status":"open","ping_status":"closed","template":"","meta":{"footnotes":""},"class_list":["post-24458","product","type-product","status-publish","has-post-thumbnail","hentry","product_cat-mangeoires-et-nichoirs-a-oiseaux"],"_links":{"self":[{"href":"https:\/\/www.grillsymbol.com\/fr\/wp-json\/wp\/v2\/product\/24458","targetHints":{"allow":["GET"]}}],"collection":[{"href":"https:\/\/www.grillsymbol.com\/fr\/wp-json\/wp\/v2\/product"}],"about":[{"href":"https:\/\/www.grillsymbol.com\/fr\/wp-json\/wp\/v2\/types\/product"}],"replies":[{"embeddable":true,"href":"https:\/\/www.grillsymbol.com\/fr\/wp-json\/wp\/v2\/comments?post=24458"}],"version-history":[{"count":0,"href":"https:\/\/www.grillsymbol.com\/fr\/wp-json\/wp\/v2\/product\/24458\/revisions"}],"wp:featuredmedia":[{"embeddable":true,"href":"https:\/\/www.grillsymbol.com\/fr\/wp-json\/wp\/v2\/media\/23231"}],"wp:attachment":[{"href":"https:\/\/www.grillsymbol.com\/fr\/wp-json\/wp\/v2\/media?parent=24458"}],"curies":[{"name":"wp","href":"https:\/\/api.w.org\/{rel}","templated":true}]}}