{"id":24467,"date":"2024-11-07T13:25:05","date_gmt":"2024-11-07T13:25:06","guid":{"rendered":"https:\/\/www.grillsymbol.com\/?post_type=product&#038;p=24467"},"modified":"2024-11-07T13:31:20","modified_gmt":"2024-11-07T13:31:20","slug":"petteri-wiimaa-hotel-a-insectes-bee-s","status":"publish","type":"product","link":"https:\/\/www.grillsymbol.com\/fr\/shop\/mangeoires-et-nichoirs-a-oiseaux\/petteri-wiimaa-hotel-a-insectes-bee-s\/","title":{"rendered":"Petteri Wiimaa H\u00f4tel \u00e0 Insectes Bee-S"},"content":{"rendered":"<ul>\n<li>Diam\u00e8tre : 30 cm<\/li>\n<li>Profondeur : 10 cm<\/li>\n<li>Mat\u00e9riau : acier Cor-Ten 2 mm<\/li>\n<li>Poids : 3 kg<\/li>\n<li>Le produit est \u00e9quip\u00e9 d\\&rsquo;un crochet pour l\\&rsquo;accrocher au mur.<\/li>\n<li>La paroi arri\u00e8re se fixe \u00e0 l\\&rsquo;aide de boulons et d\\&rsquo;\u00e9crous M5.<\/li>\n<\/ul>\n<p>&nbsp;<\/p>\n<p>Le produit est livr\u00e9 avec un contenu en bois.<\/p>\n<p>&nbsp;<\/p>\n<p>NB ! Les produits en acier Cor-Ten sont livr\u00e9s non trait\u00e9s. Lorsqu\u2019il est neuf, l\u2019acier Cor-Ten est de couleur grise comme l\u2019acier lamin\u00e9 \u00e0 chaud habituel. Vous pouvez trouver les instructions de vieillissement sur notre site Web ou vous pouvez les scanner directement sur le produit. Les produits en acier Cor-Ten peuvent \u00eatre stock\u00e9s \u00e0 l\u2019ext\u00e9rieur toute l\u2019ann\u00e9e. Ne n\u00e9cessite pas de stockage.<\/p>\n<p>&nbsp;<\/p>\n<h5><a href=\"https:\/\/www.grillsymbol.com\/fr\/a-propos-des-differentes-poeles\/instructions-de-vieillissement-des-produits-en-acier-cor-ten\/\" target=\"_blank\" rel=\"noopener\">Regardez ici : Instructions de vieillissement des produits en acier Cor-Ten<\/a><\/h5>\n","protected":false},"excerpt":{"rendered":"<p>L\\&rsquo;h\u00f4tel \u00e0 insectes Bee-S est fabriqu\u00e9 \u00e0 la main en acier Cor-Ten, un mat\u00e9riau r\u00e9sistant aux intemp\u00e9ries, con\u00e7u pour durer des d\u00e9cennies en ext\u00e9rieur.<\/p>\n<p>Cet h\u00f4tel \u00e0 insectes offre un habitat id\u00e9al aux insectes utiles, tels que les pollinisateurs et les agents de lutte antiparasitaire naturels, qui contribuent au maintien d\\&rsquo;un \u00e9cosyst\u00e8me de jardin sain. Gr\u00e2ce \u00e0 eux, votre jardin b\u00e9n\u00e9ficie d\\&rsquo;une pollinisation accrue, d\\&rsquo;une r\u00e9duction des populations de nuisibles et d\\&rsquo;un environnement plus propre et plus \u00e9quilibr\u00e9.<\/p>\n<p>Les h\u00f4tels \u00e0 insectes \u00e9veillent \u00e9galement la curiosit\u00e9 des enfants. Observer l\\&rsquo;activit\u00e9 des insectes de pr\u00e8s est non seulement fascinant, mais aussi une mani\u00e8re p\u00e9dagogique de d\u00e9couvrir le r\u00f4le essentiel de ces petites cr\u00e9atures dans l\\&rsquo;\u00e9quilibre de la nature.<\/p>\n<p><strong>Design : Petteri Wiimaa<\/strong><\/p>\n","protected":false},"featured_media":24499,"comment_status":"open","ping_status":"closed","template":"","meta":{"footnotes":""},"class_list":["post-24467","product","type-product","status-publish","has-post-thumbnail","hentry","product_cat-mangeoires-et-nichoirs-a-oiseaux"],"_links":{"self":[{"href":"https:\/\/www.grillsymbol.com\/fr\/wp-json\/wp\/v2\/product\/24467","targetHints":{"allow":["GET"]}}],"collection":[{"href":"https:\/\/www.grillsymbol.com\/fr\/wp-json\/wp\/v2\/product"}],"about":[{"href":"https:\/\/www.grillsymbol.com\/fr\/wp-json\/wp\/v2\/types\/product"}],"replies":[{"embeddable":true,"href":"https:\/\/www.grillsymbol.com\/fr\/wp-json\/wp\/v2\/comments?post=24467"}],"version-history":[{"count":0,"href":"https:\/\/www.grillsymbol.com\/fr\/wp-json\/wp\/v2\/product\/24467\/revisions"}],"wp:featuredmedia":[{"embeddable":true,"href":"https:\/\/www.grillsymbol.com\/fr\/wp-json\/wp\/v2\/media\/24499"}],"wp:attachment":[{"href":"https:\/\/www.grillsymbol.com\/fr\/wp-json\/wp\/v2\/media?parent=24467"}],"curies":[{"name":"wp","href":"https:\/\/api.w.org\/{rel}","templated":true}]}}