{"id":24543,"date":"2024-11-08T11:54:48","date_gmt":"2024-11-08T11:54:48","guid":{"rendered":"https:\/\/www.grillsymbol.com\/?post_type=product&#038;p=24543"},"modified":"2026-04-05T17:28:29","modified_gmt":"2026-04-05T17:28:29","slug":"grillsymbol-barbecue-au-charbon-naked-chef-xl-silver","status":"publish","type":"product","link":"https:\/\/www.grillsymbol.com\/fr\/shop\/bbq-fumoirs-et-barbecues-au-charbon\/grillsymbol-barbecue-au-charbon-naked-chef-xl-silver\/","title":{"rendered":"GrillSymbol Barbecue au charbon Naked Chef XL Silver"},"content":{"rendered":"<p>&nbsp;<\/p>\n<ul>\n<li>Mesures: 110 x 35 x 80 cm (largeur * profondeur * hauteur)<\/li>\n<li>Poids: 30 kg<\/li>\n<li>Surface de cuisson: 110 x 34 cm<\/li>\n<li>Barbecue Griddle Classic (acier inoxydable) : CG-1, 50 x 33 cm (la version XL comprend deux grilles)<\/li>\n<li>\u00c9tag\u00e8re interm\u00e9diaire : CMR-XL<\/li>\n<li>Pour griller, utilisez du charbon de bois, des briquettes ou br\u00fblez vous-m\u00eame du charbon de bois<\/li>\n<li>Des trous de ventilation sont pr\u00e9sents sur les c\u00f4t\u00e9s du gril, qui assurent un bon \u00e9change d\\&rsquo;air<\/li>\n<li>Livr\u00e9 en pi\u00e8ces d\u00e9tach\u00e9es, temps de montage approximatif 30 min<\/li>\n<\/ul>\n<p>&nbsp;<\/p>\n<p>\u00c9quipement suppl\u00e9mentaire :<\/p>\n<ul>\n<li>Couvercle pour Chef-NXL (acier inoxydable) : CL-XL<\/li>\n<li>Barbecue Griddle (acier) : ZZG<\/li>\n<li>Flat Top Griddle (acier) : FTG<\/li>\n<li>Po\u00eale Wok Set : WPS<\/li>\n<li>Presse \u00e0 hamburger et Plancha (acier) Set : BPS<\/li>\n<li>Presse \u00e0 hamburger et Plancha (acier inoxydable) Set : BPSI<\/li>\n<li>Po\u00eale en fonte : FP-16<\/li>\n<li>Ensemble de brochettes : SKEW-47<\/li>\n<\/ul>\n<p>&nbsp;<\/p>\n<p><strong>NB!<\/strong> Le produit ne doit pas \u00eatre install\u00e9 sur un socle en bois, car le gril comporte de petites ouvertures d\\&rsquo;o\u00f9 une petite quantit\u00e9 de cendres ou d\\&rsquo;\u00e9tincelles peut tomber.<\/p>\n","protected":false},"excerpt":{"rendered":"<p>Le barbecue au charbon de bois Naked Chef XL est un barbecue\/grill \u00e0 saucisses haut de gamme fabriqu\u00e9 \u00e0 partir de mat\u00e9riaux de haute qualit\u00e9 et durables. En 2024, nous avons lanc\u00e9 un nouveau mod\u00e8le plus fonctionnel que son pr\u00e9d\u00e9cesseur.<\/p>\n<p>Les pieds du gril et les petits d\u00e9tails sont con\u00e7us de mani\u00e8re \u00e0 pouvoir \u00eatre fabriqu\u00e9s \u00e0 partir de r\u00e9sidus de production d\\&rsquo;autres produits. Nous voulons utiliser le mat\u00e9riau le plus efficacement possible et ainsi r\u00e9duire l\\&rsquo;impact environnemental.<\/p>\n<p>Nous proposons une large gamme d\\&rsquo;accessoires pour le barbecue au charbon de bois Chef-NXL.<\/p>\n","protected":false},"featured_media":24552,"comment_status":"open","ping_status":"closed","template":"","meta":{"footnotes":""},"class_list":["post-24543","product","type-product","status-publish","has-post-thumbnail","hentry","product_cat-bbq-fumoirs-et-barbecues-au-charbon"],"_links":{"self":[{"href":"https:\/\/www.grillsymbol.com\/fr\/wp-json\/wp\/v2\/product\/24543","targetHints":{"allow":["GET"]}}],"collection":[{"href":"https:\/\/www.grillsymbol.com\/fr\/wp-json\/wp\/v2\/product"}],"about":[{"href":"https:\/\/www.grillsymbol.com\/fr\/wp-json\/wp\/v2\/types\/product"}],"replies":[{"embeddable":true,"href":"https:\/\/www.grillsymbol.com\/fr\/wp-json\/wp\/v2\/comments?post=24543"}],"version-history":[{"count":0,"href":"https:\/\/www.grillsymbol.com\/fr\/wp-json\/wp\/v2\/product\/24543\/revisions"}],"wp:featuredmedia":[{"embeddable":true,"href":"https:\/\/www.grillsymbol.com\/fr\/wp-json\/wp\/v2\/media\/24552"}],"wp:attachment":[{"href":"https:\/\/www.grillsymbol.com\/fr\/wp-json\/wp\/v2\/media?parent=24543"}],"curies":[{"name":"wp","href":"https:\/\/api.w.org\/{rel}","templated":true}]}}