{"id":24573,"date":"2024-11-08T12:28:42","date_gmt":"2024-11-08T12:28:43","guid":{"rendered":"https:\/\/www.grillsymbol.com\/?post_type=product&#038;p=24573"},"modified":"2024-11-08T12:35:47","modified_gmt":"2024-11-08T12:35:47","slug":"grillsymbol-woodstock-etagere-intermediaire-m-l","status":"publish","type":"product","link":"https:\/\/www.grillsymbol.com\/fr\/shop\/rangement-de-bois\/grillsymbol-woodstock-etagere-intermediaire-m-l\/","title":{"rendered":"GrillSymbol WoodStock \u00e9tag\u00e8re interm\u00e9diaire M-L"},"content":{"rendered":"<ul>\n<li>Mat\u00e9riau : acier Cor-Ten de 2 mm<\/li>\n<li>Largeur : 60 cm<\/li>\n<li>Profondeur : 37 cm<\/li>\n<\/ul>\n<p>&nbsp;<\/p>\n<p>NB ! Les produits en acier Cor-Ten sont livr\u00e9s non trait\u00e9s. Lorsqu\u2019il est neuf, l\u2019acier Cor-Ten est de couleur grise comme l\u2019acier lamin\u00e9 \u00e0 chaud habituel. Vous pouvez trouver les instructions de vieillissement sur notre site Web ou vous pouvez les scanner directement sur le produit. Les produits en acier Cor-Ten peuvent \u00eatre stock\u00e9s \u00e0 l\u2019ext\u00e9rieur toute l\u2019ann\u00e9e. Ne n\u00e9cessite pas de stockage.<\/p>\n<p>&nbsp;<\/p>\n<p>&nbsp;<\/p>\n<h5><a href=\"https:\/\/www.grillsymbol.com\/fr\/a-propos-des-differentes-poeles\/instructions-de-vieillissement-des-produits-en-acier-cor-ten\/\" target=\"_blank\" rel=\"noopener\">Regardez ici : Instructions de vieillissement des produits en acier Cor-Ten<\/a><\/h5>\n","protected":false},"excerpt":{"rendered":"<p>&nbsp;<\/p>\n<p><strong>Design : Petteri Wiimaa<\/strong><\/p>\n<p>L\u2019 acier Cor-Ten est un acier au carbone presque pur mais trait\u00e9 de mani\u00e8re \u00e0 avoir une couche protectrice sur la surface pour la rendre r\u00e9sistante aux intemp\u00e9ries. La surface est \u00e0 l&rsquo;origine gris\u00e2tre, puis elle devient brun rouge\u00e2tre (ressemble \u00e0 la couleur de la rouille), qui devient plus fonc\u00e9e avec le temps. S\u2019il est utilis\u00e9 correctement, l\u2019acier Cor-Ten est expressif, durable et sans entretien et peut tenir le temps \u00e0 sa mani\u00e8re unique.<\/p>\n<p>&nbsp;<\/p>\n<p>&nbsp;<\/p>\n","protected":false},"featured_media":24578,"comment_status":"open","ping_status":"closed","template":"","meta":{"footnotes":""},"class_list":["post-24573","product","type-product","status-publish","has-post-thumbnail","hentry","product_cat-rangement-de-bois"],"_links":{"self":[{"href":"https:\/\/www.grillsymbol.com\/fr\/wp-json\/wp\/v2\/product\/24573","targetHints":{"allow":["GET"]}}],"collection":[{"href":"https:\/\/www.grillsymbol.com\/fr\/wp-json\/wp\/v2\/product"}],"about":[{"href":"https:\/\/www.grillsymbol.com\/fr\/wp-json\/wp\/v2\/types\/product"}],"replies":[{"embeddable":true,"href":"https:\/\/www.grillsymbol.com\/fr\/wp-json\/wp\/v2\/comments?post=24573"}],"version-history":[{"count":0,"href":"https:\/\/www.grillsymbol.com\/fr\/wp-json\/wp\/v2\/product\/24573\/revisions"}],"wp:featuredmedia":[{"embeddable":true,"href":"https:\/\/www.grillsymbol.com\/fr\/wp-json\/wp\/v2\/media\/24578"}],"wp:attachment":[{"href":"https:\/\/www.grillsymbol.com\/fr\/wp-json\/wp\/v2\/media?parent=24573"}],"curies":[{"name":"wp","href":"https:\/\/api.w.org\/{rel}","templated":true}]}}