{"id":24649,"date":"2024-11-14T12:28:42","date_gmt":"2024-11-14T12:28:43","guid":{"rendered":"https:\/\/www.grillsymbol.com\/?post_type=product&#038;p=24649"},"modified":"2024-11-14T12:38:17","modified_gmt":"2024-11-14T12:38:17","slug":"grillsymbol-cheminee-exterieure-enzo-copy","status":"publish","type":"product","link":"https:\/\/www.grillsymbol.com\/fr\/shop\/outlet-fr\/grillsymbol-cheminee-exterieure-enzo-copy\/","title":{"rendered":"OUTLET GrillSymbol Chemin\u00e9e ext\u00e9rieure Enzo (prototype)"},"content":{"rendered":"<ul>\n<li>Mesures : 132 x 43 x 37 cm (hauteur x largeur x profondeur)<\/li>\n<li>Poids : 50 kg<\/li>\n<li>Mat\u00e9riau : acier Cor-Ten de 3 mm<\/li>\n<li>Mesures de la grille : 41 x 35 cm<\/li>\n<li>Livr\u00e9 en deux parties, le montage prend environ 10-15 minutes<\/li>\n<\/ul>\n<p>&nbsp;<\/p>\n<p><strong>Exigences de s\u00e9curit\u00e9\u00a0:<\/strong><\/p>\n<p>&nbsp;<\/p>\n<ul>\n<li>La chemin\u00e9e ext\u00e9rieure doit \u00eatre plac\u00e9e sur un souterrain ininflammable<\/li>\n<li>Ne la placez pas \u00e0 proximit\u00e9 de mat\u00e9riaux inflammables (comme des murs en bois, etc.)<\/li>\n<li>Ne laissez pas sans surveillance lorsque le feu est allum\u00e9<\/li>\n<li>Ne remplissez pas l&rsquo;\u00e9tag\u00e8re \u00e0 bois jusqu&rsquo;au bord sup\u00e9rieur pendant que le feu est allum\u00e9.<\/li>\n<\/ul>\n<p>&nbsp;<\/p>\n<p>&nbsp;<\/p>\n<p>NB ! Les produits en acier Cor-Ten sont livr\u00e9s non trait\u00e9s. Lorsqu\u2019il est neuf, l\u2019acier Cor-Ten est de couleur grise comme l\u2019acier lamin\u00e9 \u00e0 chaud habituel. Vous pouvez trouver les instructions de vieillissement sur notre site Web ou vous pouvez les scanner directement sur le produit. Les produits en acier Cor-Ten peuvent \u00eatre stock\u00e9s \u00e0 l\u2019ext\u00e9rieur toute l\u2019ann\u00e9e. Ne n\u00e9cessite pas de stockage.<\/p>\n<p>&nbsp;<\/p>\n<p>&nbsp;<\/p>\n<h5><a href=\"https:\/\/www.grillsymbol.com\/fr\/a-propos-des-differentes-poeles\/instructions-de-vieillissement-des-produits-en-acier-cor-ten\/\" target=\"_blank\" rel=\"noopener\">Regardez ici : Instructions de vieillissement des produits en acier Cor-Ten<\/a><\/h5>\n","protected":false},"excerpt":{"rendered":"<p>Notre chemin\u00e9e ext\u00e9rieure Enzo est sp\u00e9ciale. Derri\u00e8re le design nordique modeste se cache un c\u0153ur italien chaleureux. Allumez le feu dans cette chemin\u00e9e et chaque rendez-vous sera un moment sp\u00e9cial !<\/p>\n<p>Dans cette chemin\u00e9e, vous pouvez \u00e9galement griller car il y a une grille en acier inoxydable incluse dans l&rsquo;ensemble. La chemin\u00e9e ext\u00e9rieure est en acier Cor-ten de 3 mm r\u00e9sistant aux intemp\u00e9ries et de haute qualit\u00e9.<\/p>\n<p>Jetez un coup d&rsquo;\u0153il sur nos <strong>\u00e9tag\u00e8res \u00e0 bois Enzo<\/strong>.<\/p>\n<p>L\u2019acier Cor-Ten est un acier au carbone presque pur mais trait\u00e9 de mani\u00e8re \u00e0 avoir une couche protectrice sur la surface pour la rendre r\u00e9sistante aux intemp\u00e9ries. La surface est \u00e0 l&rsquo;origine gris\u00e2tre, puis elle devient brun rouge\u00e2tre (ressemble \u00e0 la couleur de la rouille), qui devient plus fonc\u00e9e avec le temps.<\/p>\n<p>S&rsquo;il est utilis\u00e9 correctement, l&rsquo;acier Cor-Ten est expressif, durable et sans entretien et peut tenir le temps \u00e0 sa mani\u00e8re unique.<\/p>\n<p>&nbsp;<\/p>\n","protected":false},"featured_media":13851,"comment_status":"open","ping_status":"closed","template":"","meta":{"footnotes":""},"class_list":["post-24649","product","type-product","status-publish","has-post-thumbnail","hentry","product_cat-outlet-fr"],"_links":{"self":[{"href":"https:\/\/www.grillsymbol.com\/fr\/wp-json\/wp\/v2\/product\/24649","targetHints":{"allow":["GET"]}}],"collection":[{"href":"https:\/\/www.grillsymbol.com\/fr\/wp-json\/wp\/v2\/product"}],"about":[{"href":"https:\/\/www.grillsymbol.com\/fr\/wp-json\/wp\/v2\/types\/product"}],"replies":[{"embeddable":true,"href":"https:\/\/www.grillsymbol.com\/fr\/wp-json\/wp\/v2\/comments?post=24649"}],"version-history":[{"count":0,"href":"https:\/\/www.grillsymbol.com\/fr\/wp-json\/wp\/v2\/product\/24649\/revisions"}],"wp:featuredmedia":[{"embeddable":true,"href":"https:\/\/www.grillsymbol.com\/fr\/wp-json\/wp\/v2\/media\/13851"}],"wp:attachment":[{"href":"https:\/\/www.grillsymbol.com\/fr\/wp-json\/wp\/v2\/media?parent=24649"}],"curies":[{"name":"wp","href":"https:\/\/api.w.org\/{rel}","templated":true}]}}