{"id":24810,"date":"2025-01-09T08:54:35","date_gmt":"2025-01-09T08:54:36","guid":{"rendered":"https:\/\/www.grillsymbol.com\/?post_type=product&#038;p=24810"},"modified":"2026-03-23T11:08:38","modified_gmt":"2026-03-23T11:08:38","slug":"grillsymbol-foyer-inox-luna-copper-o-119-cm","status":"publish","type":"product","link":"https:\/\/www.grillsymbol.com\/fr\/shop\/braseros-en-acier-corten\/grillsymbol-foyer-inox-luna-copper-o-119-cm\/","title":{"rendered":"GrillSymbol Foyer inox Luna Copper \u00f8 119 cm"},"content":{"rendered":"<p><strong>Sp\u00e9cifications techniques:<\/strong><\/p>\n<ul>\n<li>Le panneau ext\u00e9rieur ne chauffe pas \u00e0 cause de l\u2019espace d\u2019air entre deux panneaux.<\/li>\n<li>Le prix du foyer ext\u00e9rieur contient le couvercle du foyer, qui peut aider \u00e0 garder le bois de chauffage dans le panier au sec.<\/li>\n<li>Diam\u00e8tre : 119 cm.<\/li>\n<li>Hauteur : 47 cm.<\/li>\n<li>Au milieu, il y a un panier pour le bois de chauffage et les cendres qui peuvent \u00eatre retir\u00e9s et nettoy\u00e9s.<\/li>\n<li>Poids total : 200 kg (mis sur palette EUR pour le transport).<\/li>\n<li>Pierres incluses dans le set : pierre d\u00e9corative naturelle Extra Black<\/li>\n<li>Le foyer ext\u00e9rieur contient des gravillons de granit, qui sont install\u00e9s entre deux cercles.<\/li>\n<li>Le foyer ext\u00e9rieur au bois est soutenu au sol par trois pieds.<\/li>\n<li>Gr\u00e2ce \u00e0 sa taille, il est adapt\u00e9 \u00e0 une utilisation dans les lieux publics : terrasses de restaurants, centres de golf, etc.<\/li>\n<\/ul>\n<p>&nbsp;<\/p>\n<p>Le produit ne doit pas \u00eatre install\u00e9 sur une base en bois car le foyer deviendra chaud pendant le feu. Il y a des trous au fond du foyer d\u2019o\u00f9 peuvent tomber de petits morceaux de charbon. Les trous dans le fond fonctionnent comme des trous de drainage pour emp\u00eacher l\u2019eau stagnante de s\u2019accumuler \u00e0 l\u2019int\u00e9rieur du foyer.<\/p>\n<p>&nbsp;<\/p>\n<p>REMARQUE : Il convient de noter que les pi\u00e8ces en cuivre changent de couleur avec le temps.<\/p>\n","protected":false},"excerpt":{"rendered":"<p>Le foyer Luna Copper est fabriqu\u00e9 \u00e0 la main en acier Cor-Ten et en cuivre. Une fine feuille de cuivre est rivet\u00e9e \u00e0 la solide structure en acier Cor-Ten \u00e0 l\\&rsquo;aide de rivets en cuivre. De nombreuses heures sont consacr\u00e9es \u00e0 la finition de chaque pi\u00e8ce, mais le r\u00e9sultat en vaut largement la peine !<\/p>\n<p>\u00c0 l\\&rsquo;ext\u00e9rieur, le cuivre rouge\u00e2tre change d\\&rsquo;aspect et, apr\u00e8s seulement un an, la finition en cuivre prend un aspect antique et unique. Chaque d\u00e9tail en cuivre pr\u00e9sente une combinaison de couleurs unique !<\/p>\n<p>Les zones recouvertes de feuille de cuivre ne chauffent pas et la chaleur ne modifie pas la composition chimique ni l\\&rsquo;aspect du cuivre. Cependant, si vous souhaitez conserver la teinte rouge\u00e2tre d\\&rsquo;origine du cuivre du foyer, nous vous recommandons de vernir les d\u00e9tails en cuivre imm\u00e9diatement apr\u00e8s l\\&rsquo;installation.<\/p>\n<p>Design : Petteri Wiimaa<\/p>\n<p>L\\&rsquo;un des plus grands foyers \u00e0 bois d\\&rsquo;ext\u00e9rieur de notre gamme de produits.<\/p>\n","protected":false},"featured_media":26297,"comment_status":"open","ping_status":"closed","template":"","meta":{"footnotes":""},"class_list":["post-24810","product","type-product","status-publish","has-post-thumbnail","hentry","product_cat-braseros-en-acier-corten"],"_links":{"self":[{"href":"https:\/\/www.grillsymbol.com\/fr\/wp-json\/wp\/v2\/product\/24810","targetHints":{"allow":["GET"]}}],"collection":[{"href":"https:\/\/www.grillsymbol.com\/fr\/wp-json\/wp\/v2\/product"}],"about":[{"href":"https:\/\/www.grillsymbol.com\/fr\/wp-json\/wp\/v2\/types\/product"}],"replies":[{"embeddable":true,"href":"https:\/\/www.grillsymbol.com\/fr\/wp-json\/wp\/v2\/comments?post=24810"}],"version-history":[{"count":0,"href":"https:\/\/www.grillsymbol.com\/fr\/wp-json\/wp\/v2\/product\/24810\/revisions"}],"wp:featuredmedia":[{"embeddable":true,"href":"https:\/\/www.grillsymbol.com\/fr\/wp-json\/wp\/v2\/media\/26297"}],"wp:attachment":[{"href":"https:\/\/www.grillsymbol.com\/fr\/wp-json\/wp\/v2\/media?parent=24810"}],"curies":[{"name":"wp","href":"https:\/\/api.w.org\/{rel}","templated":true}]}}