{"id":24828,"date":"2025-01-09T09:17:31","date_gmt":"2025-01-09T09:17:32","guid":{"rendered":"https:\/\/www.grillsymbol.com\/?post_type=product&#038;p=24828"},"modified":"2025-01-13T13:08:52","modified_gmt":"2025-01-13T13:08:52","slug":"grillsymbol-station-de-soupe-avec-bruleur-a-gaz-70-l","status":"publish","type":"product","link":"https:\/\/www.grillsymbol.com\/fr\/shop\/produits-de-crise\/grillsymbol-station-de-soupe-avec-bruleur-a-gaz-70-l\/","title":{"rendered":"GrillSymbol Station de soupe avec br\u00fbleur \u00e0 gaz 70 L"},"content":{"rendered":"<p><span style=\"text-decoration: underline\">Appareil de chauffage\u00a0:<\/span><\/p>\n<ul>\n<li>Br\u00fbleur \u00e0 gaz d\\&rsquo;une puissance de 13,5\u00a0kW, utilisable aussi bien \u00e0 l\\&rsquo;int\u00e9rieur qu\\&rsquo;\u00e0 l\\&rsquo;ext\u00e9rieur.<\/li>\n<li>Le br\u00fbleur \u00e0 gaz est \u00e9quip\u00e9 de thermocouples qui coupent l\\&rsquo;arriv\u00e9e de gaz en cas d\\&rsquo;extinction de la flamme.<\/li>\n<li>Le br\u00fbleur est \u00e9quip\u00e9 d\\&rsquo;un allumage \u00e9lectrique Click and Cook \u00e0 piles.<\/li>\n<li>Br\u00fbleur CE1312, num\u00e9ro de certificat\u00a0: 1312BS4973<\/li>\n<li>Les parties m\u00e9talliques ext\u00e9rieures de l\\&rsquo;appareil sont en acier inoxydable.<\/li>\n<li>Hauteur du sol au couvercle de la marmite\u00a0: 89\u00a0cm.<\/li>\n<li>R\u00e9ducteur et tuyau de gaz de 1,2\u00a0m inclus<\/li>\n<li>Poids du r\u00e9chaud\u00a0: 21\u00a0kg<\/li>\n<li>Consommation de gaz\u00a0: 1\u00a0kg par heure \u00e0 pleine capacit\u00e9<\/li>\n<\/ul>\n<p>&nbsp;<\/p>\n<p>Marmite\u00a0\u00e0 soupe:<\/p>\n<p>&nbsp;<\/p>\n<ul>\n<li>Capacit\u00e9\u00a0: 70\u00a0litres<\/li>\n<li>Dimensions\u00a0: 45\u00a0x\u00a045\u00a0cm, poids\u00a0: 11\u00a0kg. Marmite en acier inoxydable (marque 304)<\/li>\n<\/ul>\n<p>\u00c9paisseur du fond\u00a0: 5\u00a0mm, compatible avec tous types de feux.<\/p>\n<p>Poign\u00e9es en acier inoxydable non chauffantes<\/p>\n<p>Couvercle avec \u00e9vents vapeur<\/p>\n<p>&nbsp;<\/p>\n<p>REMARQUE\u00a0: Ne pas stocker dans des zones inflammables, sur des surfaces inflammables ou \u00e0 proximit\u00e9 de mat\u00e9riaux inflammables.<\/p>\n","protected":false},"excerpt":{"rendered":"<p><strong>Soup Station-70<\/strong> est un bol \u00e0 soupe d\u00e9velopp\u00e9 en Estonie, test\u00e9 en conditions hivernales et utilisable toute l\\&rsquo;ann\u00e9e. Il peut accueillir jusqu\\&rsquo;\u00e0 200 personnes\u00a0: le poids d\\&rsquo;une portion est de 300\u00a0g par personne. La marmite \u00e0 soupe permet de cuisiner, mijoter, frire et maintenir au chaud.<\/p>\n<p>Temps d\\&rsquo;installation\u00a0: 5\u00a0minutes maximum\u00a0: fixez les pieds et les panneaux de s\u00e9curit\u00e9, puis raccordez l\\&rsquo;appareil \u00e0 la bouteille de gaz.<\/p>\n<p>Une demi-casserole (35\u00a0litres) d\\&rsquo;eau atteint son point d\\&rsquo;\u00e9bullition en 25 \u00e0 45\u00a0minutes (+20\u00a0\u00b0C contre +0\u00a0\u00b0C), et une casserole pleine (environ 70\u00a0litres) en 50 \u00e0 90\u00a0minutes environ. La temp\u00e9rature ext\u00e9rieure, le vent, les pr\u00e9cipitations et la temp\u00e9rature initiale de l\\&rsquo;eau et des aliments \u00e0 chauffer influencent la temp\u00e9rature d\\&rsquo;\u00e9bullition.<\/p>\n<p>Groupe cible de ce produit\u00a0: traiteurs pour grands \u00e9v\u00e9nements, municipalit\u00e9s, structures de d\u00e9fense, h\u00f4pitaux et autres prestataires de services essentiels.<\/p>\n<p>Ce produit tr\u00e8s compact, \u00e9quip\u00e9 d\\&rsquo;une bouteille de gaz, s\\&rsquo;int\u00e8gre dans la plupart des voitures particuli\u00e8res. Pour le stockage, veuillez pr\u00e9voir un espace de rangement de 80 x 80 cm. L\\&rsquo;appareil doit \u00eatre stock\u00e9 dans un endroit sec.<\/p>\n","protected":false},"featured_media":35420,"comment_status":"open","ping_status":"closed","template":"","meta":{"footnotes":""},"class_list":["post-24828","product","type-product","status-publish","has-post-thumbnail","hentry","product_cat-produits-de-crise"],"_links":{"self":[{"href":"https:\/\/www.grillsymbol.com\/fr\/wp-json\/wp\/v2\/product\/24828","targetHints":{"allow":["GET"]}}],"collection":[{"href":"https:\/\/www.grillsymbol.com\/fr\/wp-json\/wp\/v2\/product"}],"about":[{"href":"https:\/\/www.grillsymbol.com\/fr\/wp-json\/wp\/v2\/types\/product"}],"replies":[{"embeddable":true,"href":"https:\/\/www.grillsymbol.com\/fr\/wp-json\/wp\/v2\/comments?post=24828"}],"version-history":[{"count":0,"href":"https:\/\/www.grillsymbol.com\/fr\/wp-json\/wp\/v2\/product\/24828\/revisions"}],"wp:featuredmedia":[{"embeddable":true,"href":"https:\/\/www.grillsymbol.com\/fr\/wp-json\/wp\/v2\/media\/35420"}],"wp:attachment":[{"href":"https:\/\/www.grillsymbol.com\/fr\/wp-json\/wp\/v2\/media?parent=24828"}],"curies":[{"name":"wp","href":"https:\/\/api.w.org\/{rel}","templated":true}]}}