{"id":24846,"date":"2025-01-09T09:40:31","date_gmt":"2025-01-09T09:40:32","guid":{"rendered":"https:\/\/www.grillsymbol.com\/?post_type=product&#038;p=24846"},"modified":"2026-03-26T10:12:23","modified_gmt":"2026-03-26T10:12:23","slug":"grillsymbol-station-de-soupe-avec-bruleur-a-gaz-160-l","status":"publish","type":"product","link":"https:\/\/www.grillsymbol.com\/fr\/shop\/grill-es-fr\/grillsymbol-station-de-soupe-avec-bruleur-a-gaz-160-l\/","title":{"rendered":"GrillSymbol Station de soupe avec br\u00fbleur \u00e0 gaz 160 L"},"content":{"rendered":"<p><u>Appareil de chauffage\u00a0:<\/u><\/p>\n<ul>\n<li>Br\u00fbleur \u00e0 gaz d\\&rsquo;une puissance de 25\u00a0kW, utilisable aussi bien en int\u00e9rieur qu\\&rsquo;en ext\u00e9rieur.<\/li>\n<li>Le br\u00fbleur \u00e0 gaz est \u00e9quip\u00e9 de thermocouples qui coupent l\\&rsquo;arriv\u00e9e de gaz en cas d\\&rsquo;extinction de la flamme.<\/li>\n<li>Les trois circuits du br\u00fbleur \u00e0 gaz sont r\u00e9glables individuellement.<\/li>\n<li>Le br\u00fbleur est \u00e9quip\u00e9 d\\&rsquo;un allumage \u00e9lectrique Click and Cook \u00e0 piles.<\/li>\n<li>Br\u00fbleur CE1312, num\u00e9ro de certificat\u00a0: 1312BS4973<\/li>\n<li>Parties m\u00e9talliques ext\u00e9rieures de l\\&rsquo;appareil en acier inoxydable<\/li>\n<li>Hauteur du sol au couvercle de la marmite\u00a0: 104\u00a0cm<\/li>\n<li>R\u00e9ducteur et tuyau de gaz de 1,2\u00a0m inclus<\/li>\n<li>Poids de l\\&rsquo;appareil\u00a0: 35\u00a0kg<\/li>\n<li>Consommation de gaz\u00a0: capacit\u00e9 maximale\u00a0: 2\u00a0kg par heure (seule l\\&rsquo;eau bout).<\/li>\n<\/ul>\n<p>&nbsp;<\/p>\n<p>Marmite\u00a0\u00e0 soupe :<\/p>\n<ul>\n<li>Capacit\u00e9\u00a0: 160\u00a0litres (jusqu\\&rsquo;\u00e0 450\u00a0portions).<\/li>\n<li>Dimensions\u00a0: 60 x 60 cm, poids\u00a0: 19 kg.<\/li>\n<li>Mat\u00e9riau de la marmite\u00a0: acier inoxydable (marque\u00a0: 304).<\/li>\n<li>\u00c9paisseur du fond\u00a0: 5,8\u00a0mm, convient \u00e9galement aux plaques \u00e0 induction.<\/li>\n<li>Poign\u00e9es en acier inoxydable non chauffantes<\/li>\n<li>Couvercle avec orifices d\u2019a\u00e9ration et crochet de suspension<\/li>\n<\/ul>\n<p>&nbsp;<\/p>\n<p>REMARQUE\u00a0: Cet appareil ne doit pas \u00eatre utilis\u00e9 dans des zones inflammables, sur des surfaces inflammables ou \u00e0 proximit\u00e9 de mat\u00e9riaux inflammables.<\/p>\n","protected":false},"excerpt":{"rendered":"<p>La Soup Station-160 est un appareil de restauration haute performance d\u00e9velopp\u00e9 en Estonie et test\u00e9 sous un climat nordique. Capable de nourrir jusqu\\&rsquo;\u00e0 450 personnes, la soupe est con\u00e7ue pour un poids de portion de 300 g par personne. Elle permet de cuire, mijoter, frire et maintenir au chaud les aliments.<\/p>\n<p>Temps d\\&rsquo;installation\u00a0: 10\u00a0minutes maximum\u00a0: les pieds et les panneaux de s\u00e9curit\u00e9 doivent \u00eatre fix\u00e9s et raccord\u00e9s \u00e0 la bouteille de gaz.<\/p>\n<p>Une demi-casserole (80\u00a0litres) d\\&rsquo;eau met 20 \u00e0 40\u00a0minutes pour atteindre la temp\u00e9rature d\\&rsquo;\u00e9bullition (+20\u00a0\u00b0C contre +0\u00a0\u00b0C), tandis qu\\&rsquo;une casserole pleine (environ 160\u00a0litres) met 40 \u00e0 80\u00a0minutes. La temp\u00e9rature ext\u00e9rieure, le vent, les pr\u00e9cipitations et la temp\u00e9rature initiale de l\\&rsquo;eau \u00e0 chauffer influencent la temp\u00e9rature d\\&rsquo;\u00e9bullition.<\/p>\n<p>Groupe cible\u00a0: traiteurs pour grands \u00e9v\u00e9nements, municipalit\u00e9s, d\u00e9fense, h\u00f4pitaux et autres prestataires de services essentiels.<\/p>\n<p>Ce produit tr\u00e8s compact se glisse facilement dans une voiture avec un espace de rangement plus grand, avec une bouteille de gaz. Pour le stockage, pr\u00e9voyez un espace de rangement de 100 x 100 x 80 cm. L\\&rsquo;appareil doit \u00eatre stock\u00e9 dans un endroit sec.<\/p>\n","protected":false},"featured_media":35413,"comment_status":"open","ping_status":"closed","template":"","meta":{"footnotes":""},"class_list":{"0":"post-24846","1":"product","2":"type-product","3":"status-publish","4":"has-post-thumbnail","5":"hentry","6":"product_cat-produits-de-crise","10":"product_cat-grill-es-fr"},"_links":{"self":[{"href":"https:\/\/www.grillsymbol.com\/fr\/wp-json\/wp\/v2\/product\/24846","targetHints":{"allow":["GET"]}}],"collection":[{"href":"https:\/\/www.grillsymbol.com\/fr\/wp-json\/wp\/v2\/product"}],"about":[{"href":"https:\/\/www.grillsymbol.com\/fr\/wp-json\/wp\/v2\/types\/product"}],"replies":[{"embeddable":true,"href":"https:\/\/www.grillsymbol.com\/fr\/wp-json\/wp\/v2\/comments?post=24846"}],"version-history":[{"count":0,"href":"https:\/\/www.grillsymbol.com\/fr\/wp-json\/wp\/v2\/product\/24846\/revisions"}],"wp:featuredmedia":[{"embeddable":true,"href":"https:\/\/www.grillsymbol.com\/fr\/wp-json\/wp\/v2\/media\/35413"}],"wp:attachment":[{"href":"https:\/\/www.grillsymbol.com\/fr\/wp-json\/wp\/v2\/media?parent=24846"}],"curies":[{"name":"wp","href":"https:\/\/api.w.org\/{rel}","templated":true}]}}