{"id":24858,"date":"2025-01-09T09:54:14","date_gmt":"2025-01-09T09:54:16","guid":{"rendered":"https:\/\/www.grillsymbol.com\/?post_type=product&#038;p=24858"},"modified":"2025-01-13T13:16:15","modified_gmt":"2025-01-13T13:16:15","slug":"grillsymbol-station-de-soupe-avec-bruleur-a-gaz-36-l","status":"publish","type":"product","link":"https:\/\/www.grillsymbol.com\/fr\/shop\/bruleurs-a-paella\/grillsymbol-station-de-soupe-avec-bruleur-a-gaz-36-l\/","title":{"rendered":"GrillSymbol Station de soupe avec br\u00fbleur \u00e0 gaz 36 L"},"content":{"rendered":"<p><span style=\"text-decoration: underline\">Appareil de chauffage\u00a0:<\/span><\/p>\n<ul>\n<li>Br\u00fbleur \u00e0 gaz d\u2019une puissance de 7 kW, utilisable aussi bien \u00e0 l\u2019int\u00e9rieur qu\u2019\u00e0 l\u2019ext\u00e9rieur.<\/li>\n<li>Le br\u00fbleur \u00e0 gaz est \u00e9quip\u00e9 de thermocouples qui coupent l\\&rsquo;arriv\u00e9e de gaz en cas d\\&rsquo;extinction de la flamme.<\/li>\n<li>Le br\u00fbleur est \u00e9quip\u00e9 d\u2019un allumage \u00e9lectrique Click and Cook \u00e0 piles.<\/li>\n<li>Br\u00fbleur CE1312, num\u00e9ro de certificat\u00a0: 1312BS4973<\/li>\n<li>Les parties m\u00e9talliques ext\u00e9rieures de l\u2019appareil sont en acier inoxydable.<\/li>\n<li>Hauteur du sol au couvercle de la marmite : 78 cm.<\/li>\n<li>R\u00e9ducteur et tuyau de gaz de 1,2\u00a0m inclus<\/li>\n<li>Poids du r\u00e9chaud : 14 kg<\/li>\n<li>Consommation de gaz\u00a0: 1\u00a0kg par heure \u00e0 pleine capacit\u00e9<\/li>\n<\/ul>\n<p>&nbsp;<\/p>\n<p><span style=\"text-decoration: underline\">Marmite\u00a0\u00e0 soupe:<\/span><\/p>\n<ul>\n<li>Capacit\u00e9 : 36 litres<\/li>\n<li>Dimensions : 36 x 36 cm, poids : 7 kg.<\/li>\n<li>Marmite en acier inoxydable (marque 304)<\/li>\n<li>\u00c9paisseur du fond : 5 mm, compatible avec tous types de feux.<\/li>\n<li>Poign\u00e9es en acier inoxydable non chauffantes<\/li>\n<li>Couvercle avec \u00e9vents vapeur<\/li>\n<\/ul>\n<p>&nbsp;<\/p>\n<p>REMARQUE\u00a0: Ne pas stocker dans des zones inflammables, sur des surfaces inflammables ou \u00e0 proximit\u00e9 de mat\u00e9riaux inflammables.<\/p>\n","protected":false},"excerpt":{"rendered":"<p><strong>Soup Station-36<\/strong> est un bol \u00e0 soupe d\u00e9velopp\u00e9 en Estonie, test\u00e9 en conditions hivernales et utilisable toute l\\&rsquo;ann\u00e9e. Il peut accueillir jusqu\\&rsquo;\u00e0 100 personnes : le poids d\\&rsquo;une portion est de 300 g par personne. La marmite \u00e0 soupe permet de cuisiner, mijoter, frire et maintenir au chaud.<\/p>\n<p>Temps d\\&rsquo;installation\u00a0: 5\u00a0minutes maximum\u00a0: fixez les pieds et les panneaux de s\u00e9curit\u00e9, puis raccordez l\\&rsquo;appareil \u00e0 la bouteille de gaz.<\/p>\n<p>Une demi-casserole (18 litres) d\\&rsquo;eau atteint son point d\\&rsquo;\u00e9bullition en 20 \u00e0 35 minutes (+20 \u00b0C contre +0 \u00b0C), et une casserole pleine (environ 36 litres) en 35 \u00e0 70 minutes environ. La temp\u00e9rature ext\u00e9rieure, le vent, les pr\u00e9cipitations et la temp\u00e9rature initiale de l\\&rsquo;eau et des aliments \u00e0 chauffer influencent la temp\u00e9rature d\\&rsquo;\u00e9bullition.<\/p>\n<p>Groupe cible de ce produit : traiteurs, microproducteurs agricoles, municipalit\u00e9s, associations villageoises, organisateurs de randonn\u00e9es et d\u2019\u00e9v\u00e9nements en plein air, structures de d\u00e9fense, h\u00f4pitaux et autres prestataires de services essentiels.<\/p>\n<p>Ce produit tr\u00e8s compact, \u00e9quip\u00e9 d\\&rsquo;une bouteille de gaz, s\\&rsquo;int\u00e8gre dans la plupart des voitures particuli\u00e8res. Pour le stockage, veuillez pr\u00e9voir un espace de rangement de 45 x 60 x 50 cm. L\\&rsquo;appareil doit \u00eatre stock\u00e9 dans un endroit sec.<\/p>\n","protected":false},"featured_media":35427,"comment_status":"open","ping_status":"closed","template":"","meta":{"footnotes":""},"class_list":{"0":"post-24858","1":"product","2":"type-product","3":"status-publish","4":"has-post-thumbnail","5":"hentry","6":"product_cat-produits-de-crise","10":"product_cat-bruleurs-a-paella"},"_links":{"self":[{"href":"https:\/\/www.grillsymbol.com\/fr\/wp-json\/wp\/v2\/product\/24858","targetHints":{"allow":["GET"]}}],"collection":[{"href":"https:\/\/www.grillsymbol.com\/fr\/wp-json\/wp\/v2\/product"}],"about":[{"href":"https:\/\/www.grillsymbol.com\/fr\/wp-json\/wp\/v2\/types\/product"}],"replies":[{"embeddable":true,"href":"https:\/\/www.grillsymbol.com\/fr\/wp-json\/wp\/v2\/comments?post=24858"}],"version-history":[{"count":0,"href":"https:\/\/www.grillsymbol.com\/fr\/wp-json\/wp\/v2\/product\/24858\/revisions"}],"wp:featuredmedia":[{"embeddable":true,"href":"https:\/\/www.grillsymbol.com\/fr\/wp-json\/wp\/v2\/media\/35427"}],"wp:attachment":[{"href":"https:\/\/www.grillsymbol.com\/fr\/wp-json\/wp\/v2\/media?parent=24858"}],"curies":[{"name":"wp","href":"https:\/\/api.w.org\/{rel}","templated":true}]}}