{"id":24878,"date":"2025-01-13T10:45:24","date_gmt":"2025-01-13T10:45:24","guid":{"rendered":"https:\/\/www.grillsymbol.com\/?post_type=product&#038;p=24878"},"modified":"2026-04-08T15:07:58","modified_gmt":"2026-04-08T15:07:58","slug":"grillsymbol-barbecue-au-charbon-chef-xl-silver","status":"publish","type":"product","link":"https:\/\/www.grillsymbol.com\/fr\/shop\/bbq-fumoirs-et-barbecues-au-charbon\/grillsymbol-barbecue-au-charbon-chef-xl-silver\/","title":{"rendered":"GrillSymbol Barbecue au charbon Chef XL Silver"},"content":{"rendered":"<ul>\n<li>Mesures: 151 x 35 x 95 cm (largeur * profondeur * hauteur)<\/li>\n<li>Poids: 70 kg<\/li>\n<li>Surface de cuisson: 109 x 34 cm, une grille de cuisson incluse<\/li>\n<li>Hauteur: la surface de la grille de cuisson 80 cm, hauteur avec le couvercle 95 cm<\/li>\n<li>Les dimensions de la grille de cuisson sont de 50 x 33 cm, la version XL comprend 2 grilles (choix de grilles : ZZG, CG-1, VG, MG ou FTG \u2013 <strong>lors de la commande, \u00e9crivez votre pr\u00e9f\u00e9rence dans la case d\u2019informations compl\u00e9mentaires<\/strong>)<\/li>\n<li>Capacit\u00e9 de la grille \u2013 1,5-2,5 kg de viande ou de saucisses<\/li>\n<li>Pour les grillades, utilisez du charbon de bois, des briquettes ou br\u00fblez vous-m\u00eame du charbon de bois<\/li>\n<li>Pour le charbon de bois, le gril dispose de 2 bacs \u00e0 charbon en acier inoxydable \u2013 faciles \u00e0 vider<\/li>\n<li>Il y a des trous de ventilation sur les c\u00f4t\u00e9s du gril, qui assurent un bon \u00e9change d\u2019air<\/li>\n<li>Il y a des encoches dans le bo\u00eetier du gril, qui peuvent \u00eatre utilis\u00e9es pour fixer la position des brochettes<\/li>\n<li>Sur le couvercle, il y a une valve de ventilation qui peut \u00eatre utilis\u00e9e pour r\u00e9guler la ventilation<\/li>\n<li>Le gril est \u00e9quip\u00e9 d\u2019un thermom\u00e8tre externe avec une \u00e9chelle de 0 \u00e0 300 \u00b0 C<\/li>\n<li>Le couvercle, les panneaux lat\u00e9raux et le plateau inf\u00e9rieur du gril sont en acier inoxydable<\/li>\n<li>Livr\u00e9 en pi\u00e8ces d\u00e9tach\u00e9es, temps de montage approximatif 30 min<\/li>\n<\/ul>\n<p>&nbsp;<\/p>\n<p><strong>Attention ! Informations importantes:<\/strong><\/p>\n<ul>\n<li>Bien qu\u2019un peu d\u2019eau puisse s\u2019infiltrer \u00e0 l\u2019int\u00e9rieur du gril \u00e0 partir de la micro-fissure entre le couvercle et le bo\u00eetier du gril lors de fortes pluies, rien ne se passe \u2013 l\u2019exc\u00e8s d\u2019eau s\u2019\u00e9coule du trou de ventilation au bas du gril et n\u2019endommage pas le mat\u00e9riau.<\/li>\n<li>Le produit ne doit pas \u00eatre install\u00e9 sur un socle en bois, car le gril comporte de petites ouvertures d\u2019o\u00f9 une petite quantit\u00e9 de cendres ou d\u2019\u00e9tincelles peut tomber.<\/li>\n<li>Lorscur\u2019il est expos\u00e9 \u00e0 la chaleur, le corps en acier inoxydable du barbecue vire parfois au violet. Gardez \u00e0 l\\&rsquo;esprit que l\\&rsquo;ext\u00e9rieur du barbecue changera de couleur avec le temps.<\/li>\n<\/ul>\n<p>&nbsp;<\/p>\n","protected":false},"excerpt":{"rendered":"<p><strong>Le gril \u00e0 charbon Chef-XL<\/strong> repr\u00e9sente une combinaison de bons vieux classiques BBQ et de mat\u00e9riaux contemporains. Forme famili\u00e8re et classique, d\u00e9tails pratiques et mat\u00e9riaux modernes. <strong>En 2024, nous avons lanc\u00e9 un nouveau mod\u00e8le plus fonctionnel que son pr\u00e9d\u00e9cesseur: <\/strong>le gril est dot\u00e9 d\\&rsquo;un meilleur \u00e9change d\\&rsquo;air, de bacs \u00e0 charbon plus grands, d\\&rsquo;une grande \u00e9tag\u00e8re en acier inoxydable et d\\&rsquo;encoches pour fixer les brochettes. Gr\u00e2ce \u00e0 sa grande surface de cuisson, deux grilles peuvent \u00eatre utilis\u00e9es en m\u00eame temps. Ou une seule grille avec d\\&rsquo;autres accessoires.<\/p>\n<p>Les mat\u00e9riaux ont \u00e9t\u00e9 utilis\u00e9s comme ils l\u2019auraient \u00e9t\u00e9 au bon vieux temps et aucune d\u00e9pense n\u2019a \u00e9t\u00e9 \u00e9pargn\u00e9e! Le bo\u00eetier du gril est en acier inoxydable de 3 mm qui maintient une temp\u00e9rature stable tout au long de la cuisson. Ce qui est plus impressionnant, cependant, c\u2019est la grille de cuisson en acier de 5 mm \u2013 le tout dans le but d\u2019une exp\u00e9rience de barbecue parfaite.<\/p>\n<p>Les pieds du gril et les petits d\u00e9tails sont con\u00e7us de mani\u00e8re \u00e0 pouvoir \u00eatre fabriqu\u00e9s \u00e0 partir de r\u00e9sidus de mat\u00e9riaux g\u00e9n\u00e9r\u00e9s lors de la production d\u2019autres produits. Nous souhaitons utiliser le mat\u00e9riau le plus efficacement possible et ainsi r\u00e9duire l\u2019impact environnemental.<\/p>\n<p>L\u2019acier inoxydable est un mat\u00e9riaux r\u00e9sistant aux intemp\u00e9ries \u2013 le gril Chef vous attend 365 jours par an, \u00e0 l\u2019ext\u00e9rieur et par tous les temps imaginables.<\/p>\n<p>&nbsp;<\/p>\n","protected":false},"featured_media":26042,"comment_status":"open","ping_status":"closed","template":"","meta":{"footnotes":""},"class_list":["post-24878","product","type-product","status-publish","has-post-thumbnail","hentry","product_cat-bbq-fumoirs-et-barbecues-au-charbon"],"_links":{"self":[{"href":"https:\/\/www.grillsymbol.com\/fr\/wp-json\/wp\/v2\/product\/24878","targetHints":{"allow":["GET"]}}],"collection":[{"href":"https:\/\/www.grillsymbol.com\/fr\/wp-json\/wp\/v2\/product"}],"about":[{"href":"https:\/\/www.grillsymbol.com\/fr\/wp-json\/wp\/v2\/types\/product"}],"replies":[{"embeddable":true,"href":"https:\/\/www.grillsymbol.com\/fr\/wp-json\/wp\/v2\/comments?post=24878"}],"version-history":[{"count":0,"href":"https:\/\/www.grillsymbol.com\/fr\/wp-json\/wp\/v2\/product\/24878\/revisions"}],"wp:featuredmedia":[{"embeddable":true,"href":"https:\/\/www.grillsymbol.com\/fr\/wp-json\/wp\/v2\/media\/26042"}],"wp:attachment":[{"href":"https:\/\/www.grillsymbol.com\/fr\/wp-json\/wp\/v2\/media?parent=24878"}],"curies":[{"name":"wp","href":"https:\/\/api.w.org\/{rel}","templated":true}]}}